{"id":740809,"date":"2025-08-28T00:35:21","date_gmt":"2025-08-27T21:35:21","guid":{"rendered":"https:\/\/roveyayinevi.com.tr\/index.php\/urun\/mevlanayi-dinlesek\/"},"modified":"2026-04-16T02:52:02","modified_gmt":"2026-04-15T23:52:02","slug":"mevlanayi-dinlesek","status":"publish","type":"product","link":"https:\/\/roveyayinevi.com.tr\/index.php\/urun\/mevlanayi-dinlesek\/","title":{"rendered":"Mevlana\u2019y\u0131 Dinlesek"},"content":{"rendered":"<p>\u201cYa Hazret-i Mevl\u00e2n\u00e2, sen hi\u00e7bir as\u0131rda bug\u00fcnk\u00fc kadar akt\u00fcel ve evrensel olmad\u0131n. Sen d\u00fcn de\u011fil, bug\u00fcns\u00fcn. Bug\u00fcn de de\u011fil, yar\u0131ns\u0131n. Ey Hak ve a\u015fk g\u00fcne\u015fi, do\u011f; bir nur tufan\u0131 gibi karanl\u0131k d\u00fcnyam\u0131z\u0131 ayd\u0131nl\u0131\u011fa bo\u011f; ko\u015f imdad\u0131m\u0131za, ko\u015f; \u00fc\u015f\u00fcyen ruhlar\u0131m\u0131z\u0131 o s\u0131cac\u0131k maneviyat\u0131nla sar, sarmala!..\u201dPeyami SafaMevl\u00e2n\u00e2 kimdir, onun hakk\u0131nda yanl\u0131\u015f bilinenler nelerdir? Mevl\u00e2n\u00e2 ile \u015eems\u2019in dostluklar\u0131 nas\u0131ld\u0131? \u00d6\u011fretileri depresyona \u00e7\u00f6z\u00fcm olabilir mi? Mevl\u00e2n\u00e2 g\u00fcn\u00fcm\u00fcz insan\u0131na ne verebilir? Atomu, yer \u00e7ekimini ve h\u00fccreyi biliyor muydu? Mevlev\u00eelik Osmanl\u0131\u2019da ilgi g\u00f6rd\u00fc m\u00fc? Bat\u0131, onu bizden daha iyi mi ara\u015ft\u0131r\u0131yor? Mevl\u00e2n\u00e2 M\u00fczesi\u2019ni ziyaret edenler yar\u0131 hac\u0131 m\u0131 oluyorlar? Mevl\u00e2n\u00e2 Mo\u011fol ajan\u0131 m\u0131, bu iftiralar kas\u0131tl\u0131 m\u0131? \u00dclkemiz insanlar\u0131 Mevl\u00e2n\u00e2\u2019y\u0131 okuyor mu? Mevl\u00e2n\u00e2 kendini ele\u015ftirenlere ne cevap veriyor? 2007 y\u0131l\u0131 UNESCO taraf\u0131ndan ni\u00e7in Mevl\u00e2n\u00e2 Y\u0131l\u0131 ilan edildi? \u015eeb-i Ar\u00fbs\u2019un tarih\u00e7esi nedir?Hz. Mevl\u00e2n\u00e2 ve Mevlev\u00eelik ile ilgili en \u00e7ok merak edilen bir\u00e7ok sorunun cevab\u0131n\u0131 bulaca\u011f\u0131n\u0131z elinizdeki eser, S.\u00dc. Mevl\u00e2n\u00e2 Ara\u015ft\u0131rmalar\u0131 Enstit\u00fcs\u00fc Kurucu M\u00fcd\u00fcr\u00fc Do\u00e7. Dr. Nuri \u015eim\u015fekler ile yap\u0131lan yaz\u0131l\u0131 ve s\u00f6zl\u00fc r\u00f6portajlar\u0131n d\u00fczenlenerek kitapla\u015ft\u0131r\u0131lm\u0131\u015f halidir.<\/p>\n","protected":false},"excerpt":{"rendered":"<p>\u201cYa Hazret-i Mevl\u00e2n\u00e2, sen hi\u00e7bir as\u0131rda bug\u00fcnk\u00fc kadar akt\u00fcel ve evrensel olmad\u0131n. Sen d\u00fcn de\u011fil, bug\u00fcns\u00fcn. Bug\u00fcn de de\u011fil, yar\u0131ns\u0131n. Ey Hak ve a\u015fk g\u00fcne\u015fi, do\u011f;<span class=\"excerpt-hellip\"> [\u2026]<\/span><\/p>\n","protected":false},"featured_media":0,"template":"","meta":{"_monsterinsights_skip_tracking":false,"_monsterinsights_sitenote_active":false,"_monsterinsights_sitenote_note":"","_monsterinsights_sitenote_category":0},"product_brand":[],"product_cat":[12718,12719,12720],"product_tag":[],"class_list":{"0":"post-740809","1":"product","2":"type-product","3":"status-publish","5":"product_cat-din","6":"product_cat-islam","7":"product_cat-tasavvuf-mezhepler-tarikatlar","8":"pa_cilt-ciltsiz","9":"pa_tur-kitap","10":"pa_yayinevi-nefes-yayincilik","11":"pa_yazar-nuri-simsekler","13":"first","14":"instock","15":"sale","16":"shipping-taxable","17":"purchasable","18":"product-type-simple"},"_links":{"self":[{"href":"https:\/\/roveyayinevi.com.tr\/index.php\/wp-json\/wp\/v2\/product\/740809","targetHints":{"allow":["GET"]}}],"collection":[{"href":"https:\/\/roveyayinevi.com.tr\/index.php\/wp-json\/wp\/v2\/product"}],"about":[{"href":"https:\/\/roveyayinevi.com.tr\/index.php\/wp-json\/wp\/v2\/types\/product"}],"wp:attachment":[{"href":"https:\/\/roveyayinevi.com.tr\/index.php\/wp-json\/wp\/v2\/media?parent=740809"}],"wp:term":[{"taxonomy":"product_brand","embeddable":true,"href":"https:\/\/roveyayinevi.com.tr\/index.php\/wp-json\/wp\/v2\/product_brand?post=740809"},{"taxonomy":"product_cat","embeddable":true,"href":"https:\/\/roveyayinevi.com.tr\/index.php\/wp-json\/wp\/v2\/product_cat?post=740809"},{"taxonomy":"product_tag","embeddable":true,"href":"https:\/\/roveyayinevi.com.tr\/index.php\/wp-json\/wp\/v2\/product_tag?post=740809"}],"curies":[{"name":"wp","href":"https:\/\/api.w.org\/{rel}","templated":true}]}}