{"id":740808,"date":"2025-08-28T00:35:20","date_gmt":"2025-08-27T21:35:20","guid":{"rendered":"https:\/\/roveyayinevi.com.tr\/index.php\/urun\/beserden-insana-bakara-5\/"},"modified":"2026-04-16T02:52:02","modified_gmt":"2026-04-15T23:52:02","slug":"beserden-insana-bakara-5","status":"publish","type":"product","link":"https:\/\/roveyayinevi.com.tr\/index.php\/urun\/beserden-insana-bakara-5\/","title":{"rendered":"Be\u015ferden \u0130nsana &#8211; Bakara 5"},"content":{"rendered":"<p>Bu kitap, Kur\u2019\u00e2n-\u0131 Ker\u00eem\u2019in en uzun s\u00fbresi olan Bakara\u2019n\u0131n 67-83. \u00e2yetlerini ihtiva eden detayl\u0131 bir \u015ferh \u00e7al\u0131\u015fmas\u0131d\u0131r.S\u00fbreye ad\u0131n\u0131 veren Bakara K\u0131ssas\u0131, s\u00fbrenin 67-73. \u00e2yetlerinde ge\u00e7en ve Allah\u2019\u0131n (c.c.) Hz. M\u00fbs\u00e2 vas\u0131tas\u0131yla \u0130srailo\u011fullar\u0131\u2019na bir inek bo\u011fazlamalar\u0131n\u0131 emretti\u011fi ve \u0130srailo\u011fullar\u0131\u2019n\u0131n bu emre kar\u015f\u0131 tutumunun anlat\u0131ld\u0131\u011f\u0131 bir hik\u00e2yedir.Meyb\u00fcd\u00ee Hazretleri\u2019nin yorumuyla:Bu \u00e2yetlerdeki inek hik\u00e2yesi ve onun vas\u0131flar\u0131 bahsi, hikmetin en ince noktalar\u0131ndan ve Kur\u2019\u00e2n\u2019\u0131n y\u00fcce incilerinden biridir. Kur\u2019\u00e2n\u2019\u0131n kendisi her \u015feyi muhit (kapsayan) bir okyanustur. Y\u00fcce Rabbin \u0130srailo\u011fullar\u0131\u2019n\u0131n ine\u011fiyle ilgili s\u00f6yledi\u011fi her \u015feyi sen kendi niteliklerine bir kinaye olarak okumal\u0131s\u0131n. Ancak o zaman bu okyanusa dalmaya lay\u0131k mertebeye eri\u015firsin ve O sana saklanm\u0131\u015f harikalara ve g\u00f6r\u00fclmemi\u015f incilere eri\u015fme imk\u00e2n\u0131 sa\u011flar.<\/p>\n","protected":false},"excerpt":{"rendered":"<p>Bu kitap, Kur\u2019\u00e2n-\u0131 Ker\u00eem\u2019in en uzun s\u00fbresi olan Bakara\u2019n\u0131n 67-83. \u00e2yetlerini ihtiva eden detayl\u0131 bir \u015ferh \u00e7al\u0131\u015fmas\u0131d\u0131r.S\u00fbreye ad\u0131n\u0131 veren Bakara K\u0131ssas\u0131, s\u00fbrenin 67-73. \u00e2yetlerinde ge\u00e7en ve<span class=\"excerpt-hellip\"> [\u2026]<\/span><\/p>\n","protected":false},"featured_media":0,"template":"","meta":{"_monsterinsights_skip_tracking":false,"_monsterinsights_sitenote_active":false,"_monsterinsights_sitenote_note":"","_monsterinsights_sitenote_category":0},"product_brand":[],"product_cat":[12718,12719,12720],"product_tag":[],"class_list":{"0":"post-740808","1":"product","2":"type-product","3":"status-publish","5":"product_cat-din","6":"product_cat-islam","7":"product_cat-tasavvuf-mezhepler-tarikatlar","8":"pa_cilt-ciltsiz","9":"pa_tur-kitap","10":"pa_yayinevi-nefes-yayincilik","11":"pa_yazar-cemalnur-sargut","13":"first","14":"instock","15":"sale","16":"shipping-taxable","17":"purchasable","18":"product-type-simple"},"_links":{"self":[{"href":"https:\/\/roveyayinevi.com.tr\/index.php\/wp-json\/wp\/v2\/product\/740808","targetHints":{"allow":["GET"]}}],"collection":[{"href":"https:\/\/roveyayinevi.com.tr\/index.php\/wp-json\/wp\/v2\/product"}],"about":[{"href":"https:\/\/roveyayinevi.com.tr\/index.php\/wp-json\/wp\/v2\/types\/product"}],"wp:attachment":[{"href":"https:\/\/roveyayinevi.com.tr\/index.php\/wp-json\/wp\/v2\/media?parent=740808"}],"wp:term":[{"taxonomy":"product_brand","embeddable":true,"href":"https:\/\/roveyayinevi.com.tr\/index.php\/wp-json\/wp\/v2\/product_brand?post=740808"},{"taxonomy":"product_cat","embeddable":true,"href":"https:\/\/roveyayinevi.com.tr\/index.php\/wp-json\/wp\/v2\/product_cat?post=740808"},{"taxonomy":"product_tag","embeddable":true,"href":"https:\/\/roveyayinevi.com.tr\/index.php\/wp-json\/wp\/v2\/product_tag?post=740808"}],"curies":[{"name":"wp","href":"https:\/\/api.w.org\/{rel}","templated":true}]}}