{"id":740801,"date":"2025-08-28T00:35:12","date_gmt":"2025-08-27T21:35:12","guid":{"rendered":"https:\/\/roveyayinevi.com.tr\/index.php\/urun\/gece-ucusu-4\/"},"modified":"2026-04-16T02:52:01","modified_gmt":"2026-04-15T23:52:01","slug":"gece-ucusu-4","status":"publish","type":"product","link":"https:\/\/roveyayinevi.com.tr\/index.php\/urun\/gece-ucusu-4\/","title":{"rendered":"Gece U\u00e7u\u015fu"},"content":{"rendered":"<p>K\u00fc\u00e7\u00fck \u015fehirlerin k\u00fc\u00e7\u00fck burjuvalar\u0131, ak\u015famlar\u0131 m\u00fczik kutular\u0131n\u0131n etraf\u0131nda toplan\u0131rlard\u0131 ve Rivi\u00e9re, &#8220;Onlara adil davranm\u0131\u015fs\u0131n davranmam\u0131\u015fs\u0131n \u00f6nemi yok, onlar yoklar bile,&#8221; diye d\u00fc\u015f\u00fcn\u00fcyordu. \u0130nsanlar onun i\u00e7in yo\u011frulmas\u0131 gereken i\u015flenmemi\u015f balmumlar\u0131yd\u0131. Bu maddeye ruh vermeliydi, onda irade yaratmal\u0131yd\u0131. O, bu sertli\u011fiyle onlar\u0131 k\u00f6lele\u015ftirmeyi de\u011fil, kendilerini a\u015fmalar\u0131n\u0131 sa\u011flamak istiyordu. K\u00fc\u00e7\u00fck Prens kitab\u0131yla milyonlarca insana ula\u015fm\u0131\u015f olan Antoine de Saint-Exup\u00e9ry, Prix Femina \u00f6d\u00fcll\u00fc bu yap\u0131t\u0131nda, posta seferleri d\u00fczenleyen bir havayolu \u015firketinin tek bir gecesinin portresini \u00e7iziyor. Saint-Exup\u00e9ry insanl\u0131k hallerini, sadelikle ve en az ger\u00e7ekteki gibi t\u00fcm ola\u011fanl\u0131\u011f\u0131 ve tats\u0131zl\u0131\u011f\u0131yla okuyucuyla bulu\u015fturuyor. <\/p>\n","protected":false},"excerpt":{"rendered":"<p>K\u00fc\u00e7\u00fck \u015fehirlerin k\u00fc\u00e7\u00fck burjuvalar\u0131, ak\u015famlar\u0131 m\u00fczik kutular\u0131n\u0131n etraf\u0131nda toplan\u0131rlard\u0131 ve Rivi\u00e9re, &#8220;Onlara adil davranm\u0131\u015fs\u0131n davranmam\u0131\u015fs\u0131n \u00f6nemi yok, onlar yoklar bile,&#8221; diye d\u00fc\u015f\u00fcn\u00fcyordu. \u0130nsanlar onun i\u00e7in yo\u011frulmas\u0131<span class=\"excerpt-hellip\"> [\u2026]<\/span><\/p>\n","protected":false},"featured_media":0,"template":"","meta":{"_monsterinsights_skip_tracking":false,"_monsterinsights_sitenote_active":false,"_monsterinsights_sitenote_note":"","_monsterinsights_sitenote_category":0},"product_brand":[],"product_cat":[12291,12711],"product_tag":[],"class_list":{"0":"post-740801","1":"product","2":"type-product","3":"status-publish","5":"product_cat-edebiyat","6":"product_cat-roman-oyku","7":"pa_cilt-ciltsiz","8":"pa_tur-kitap","9":"pa_yayinevi-kuzey-isigi-yayinlari","10":"pa_yazar-antoine-de-saint-exupery","12":"first","13":"instock","14":"sale","15":"shipping-taxable","16":"purchasable","17":"product-type-simple"},"_links":{"self":[{"href":"https:\/\/roveyayinevi.com.tr\/index.php\/wp-json\/wp\/v2\/product\/740801","targetHints":{"allow":["GET"]}}],"collection":[{"href":"https:\/\/roveyayinevi.com.tr\/index.php\/wp-json\/wp\/v2\/product"}],"about":[{"href":"https:\/\/roveyayinevi.com.tr\/index.php\/wp-json\/wp\/v2\/types\/product"}],"wp:attachment":[{"href":"https:\/\/roveyayinevi.com.tr\/index.php\/wp-json\/wp\/v2\/media?parent=740801"}],"wp:term":[{"taxonomy":"product_brand","embeddable":true,"href":"https:\/\/roveyayinevi.com.tr\/index.php\/wp-json\/wp\/v2\/product_brand?post=740801"},{"taxonomy":"product_cat","embeddable":true,"href":"https:\/\/roveyayinevi.com.tr\/index.php\/wp-json\/wp\/v2\/product_cat?post=740801"},{"taxonomy":"product_tag","embeddable":true,"href":"https:\/\/roveyayinevi.com.tr\/index.php\/wp-json\/wp\/v2\/product_tag?post=740801"}],"curies":[{"name":"wp","href":"https:\/\/api.w.org\/{rel}","templated":true}]}}