{"id":740800,"date":"2025-08-28T00:35:11","date_gmt":"2025-08-27T21:35:11","guid":{"rendered":"https:\/\/roveyayinevi.com.tr\/index.php\/urun\/tanrinin-zihni-sinirbilim-inanc-ve-ruh-arayisi\/"},"modified":"2026-04-16T02:52:01","modified_gmt":"2026-04-15T23:52:01","slug":"tanrinin-zihni-sinirbilim-inanc-ve-ruh-arayisi","status":"publish","type":"product","link":"https:\/\/roveyayinevi.com.tr\/index.php\/urun\/tanrinin-zihni-sinirbilim-inanc-ve-ruh-arayisi\/","title":{"rendered":"Tanr\u0131&#8217;n\u0131n Zihni &#8211; Sinirbilim, \u0130nan\u00e7 ve Ruh Aray\u0131\u015f\u0131"},"content":{"rendered":"<p>Tanr\u0131 var m\u0131? Ruhumuz var m\u0131? \u00d6l\u00fcmden sonra hayat var m\u0131? Hayat\u0131n anlam\u0131 nedir?   Uzman n\u00f6rolog Dr. Jay Lombard, Tanr\u0131\u2019n\u0131n Zihni adl\u0131 kitab\u0131nda, sinirbilim arac\u0131l\u0131\u011f\u0131yla, belki de hayat\u0131m\u0131z boyunca i\u00e7inden \u00e7\u0131kamad\u0131\u011f\u0131m\u0131z sorular\u0131 yan\u0131tlamak yerine, bizi o sorularla bir ke\u015ffe \u00e7\u0131kar\u0131yor. Belki de cevaplar bu sorular\u0131n i\u00e7inde sakl\u0131d\u0131r. Kim bilir?   DNA\u2019m\u0131z, beynimiz, organlar\u0131m\u0131z, bedenimizdeki her \u015fey somut ve biyolojik bir kar\u015f\u0131l\u0131k bulabiliyor. Peki maddi olmayan yan\u0131m\u0131z? Zihnimiz? An\u0131lar\u0131m\u0131z\u0131n, haf\u0131zam\u0131z\u0131n ve bilhassa inanc\u0131m\u0131z\u0131n kan\u0131tlanabilir varl\u0131\u011f\u0131n\u0131 nerede ve nas\u0131l bulabiliriz?   \u00d6ld\u00fc\u011f\u00fcm\u00fczde hat\u0131ralar\u0131m\u0131za, benlik duygumuza, bilincimize, zihnimize ne oluyor? Onlar da \u00f6l\u00fcyor mu? Biz hayattayken bile somut bir \u015fekilde kan\u0131tlayamad\u0131\u011f\u0131m\u0131z, sadece hissedebildi\u011fimiz bu olgulara \u00f6ld\u00fckten sonra ne oldu\u011funu nas\u0131l a\u00e7\u0131klayabiliriz?   Tanr\u0131\u2019n\u0131n zihnini anlayamadan bu sorulara cevap bulamayaca\u011f\u0131m\u0131z\u0131 ileri s\u00fcren uzman n\u00f6rolog, meslek ya\u015fam\u0131nda kar\u015f\u0131la\u015ft\u0131\u011f\u0131 hastalar\u0131ndan \u00f6rneklerle bizi zihnimizde ve biyolojik varl\u0131\u011f\u0131m\u0131z\u0131n \u00f6tesinde bir yolculu\u011fa \u00e7\u0131kar\u0131yor. Tanr\u0131\u2019n\u0131n Zihni\u2019nde, bilime g\u00f6n\u00fclden ba\u011fl\u0131 bir sinirbilim uzman\u0131 olan Dr. Jay Lombard, bilim y\u00fcz\u00fcnden inanc\u0131m\u0131z\u0131 kaybetmek yerine, bilim yoluyla inanc\u0131m\u0131za s\u0131k\u0131 s\u0131k\u0131 tutunmam\u0131z\u0131 telkin ediyor. Ger\u00e7e\u011fi, bilimin \u00f6tesinde ararken bilimi asla g\u00f6z ard\u0131 etmiyor. Aksine bilimden faydalan\u0131yor.   Belki de t\u00fcm bu sorulara cevap bulabilmek i\u00e7in \u00f6zellikle inan\u00e7 ve empati gibi kavramlar \u00fczerinde durmam\u0131z gerekiyordur. Belki de Tanr\u0131\u2019n\u0131n zihni i\u00e7imizdeki sevgide ve merhamette sakl\u0131d\u0131r.<\/p>\n","protected":false},"excerpt":{"rendered":"<p>Tanr\u0131 var m\u0131? Ruhumuz var m\u0131? \u00d6l\u00fcmden sonra hayat var m\u0131? Hayat\u0131n anlam\u0131 nedir? Uzman n\u00f6rolog Dr. Jay Lombard, Tanr\u0131\u2019n\u0131n Zihni adl\u0131 kitab\u0131nda, sinirbilim arac\u0131l\u0131\u011f\u0131yla, belki<span class=\"excerpt-hellip\"> [\u2026]<\/span><\/p>\n","protected":false},"featured_media":0,"template":"","meta":{"_monsterinsights_skip_tracking":false,"_monsterinsights_sitenote_active":false,"_monsterinsights_sitenote_note":"","_monsterinsights_sitenote_category":0},"product_brand":[],"product_cat":[12364,12376],"product_tag":[],"class_list":{"0":"post-740800","1":"product","2":"type-product","3":"status-publish","5":"product_cat-genel-konular","6":"product_cat-kisisel-gelisim","7":"pa_cilt-ciltsiz","8":"pa_tur-kitap","9":"pa_yayinevi-epsilon-yayinlari","10":"pa_yazar-jay-lombard","12":"first","13":"instock","14":"sale","15":"shipping-taxable","16":"purchasable","17":"product-type-simple"},"_links":{"self":[{"href":"https:\/\/roveyayinevi.com.tr\/index.php\/wp-json\/wp\/v2\/product\/740800","targetHints":{"allow":["GET"]}}],"collection":[{"href":"https:\/\/roveyayinevi.com.tr\/index.php\/wp-json\/wp\/v2\/product"}],"about":[{"href":"https:\/\/roveyayinevi.com.tr\/index.php\/wp-json\/wp\/v2\/types\/product"}],"wp:attachment":[{"href":"https:\/\/roveyayinevi.com.tr\/index.php\/wp-json\/wp\/v2\/media?parent=740800"}],"wp:term":[{"taxonomy":"product_brand","embeddable":true,"href":"https:\/\/roveyayinevi.com.tr\/index.php\/wp-json\/wp\/v2\/product_brand?post=740800"},{"taxonomy":"product_cat","embeddable":true,"href":"https:\/\/roveyayinevi.com.tr\/index.php\/wp-json\/wp\/v2\/product_cat?post=740800"},{"taxonomy":"product_tag","embeddable":true,"href":"https:\/\/roveyayinevi.com.tr\/index.php\/wp-json\/wp\/v2\/product_tag?post=740800"}],"curies":[{"name":"wp","href":"https:\/\/api.w.org\/{rel}","templated":true}]}}