{"id":740796,"date":"2025-08-28T00:35:06","date_gmt":"2025-08-27T21:35:06","guid":{"rendered":"https:\/\/roveyayinevi.com.tr\/index.php\/urun\/maskeni-tak-pjmasks-kertenkele-cocuk-boyama-kitabi\/"},"modified":"2026-04-16T02:52:01","modified_gmt":"2026-04-15T23:52:01","slug":"maskeni-tak-pjmasks-kertenkele-cocuk-boyama-kitabi","status":"publish","type":"product","link":"https:\/\/roveyayinevi.com.tr\/index.php\/urun\/maskeni-tak-pjmasks-kertenkele-cocuk-boyama-kitabi\/","title":{"rendered":"Maskeni Tak Pjmasks Kertenkele \u00c7ocuk Boyama Kitab\u0131"},"content":{"rendered":"<p>\u00dc\u00c7 KOLAY ADIMLA MASKEN\u0130 YAP! 1.      Bir yeti\u015fkinden yard\u0131m alarak, i\u015faretli \u00e7izgilerden maskeni kes ve \u00e7\u0131kar. 2.      Pipeti maskenin arkas\u0131na yap\u0131\u015ft\u0131r. 3.      MASKEN HAZIR! \u015eimdi selfie zaman\u0131! #maskenitak #do\u011fan\u00e7ocuk   <\/p>\n","protected":false},"excerpt":{"rendered":"<p>\u00dc\u00c7 KOLAY ADIMLA MASKEN\u0130 YAP! 1. Bir yeti\u015fkinden yard\u0131m alarak, i\u015faretli \u00e7izgilerden maskeni kes ve \u00e7\u0131kar. 2. Pipeti maskenin arkas\u0131na yap\u0131\u015ft\u0131r. 3. MASKEN HAZIR! \u015eimdi selfie<span class=\"excerpt-hellip\"> [\u2026]<\/span><\/p>\n","protected":false},"featured_media":0,"template":"","meta":{"_monsterinsights_skip_tracking":false,"_monsterinsights_sitenote_active":false,"_monsterinsights_sitenote_note":"","_monsterinsights_sitenote_category":0},"product_brand":[],"product_cat":[12644,12274],"product_tag":[],"class_list":{"0":"post-740796","1":"product","2":"type-product","3":"status-publish","5":"product_cat-boyama-kitaplari","6":"product_cat-cocuk-ve-genclik-kitaplari","7":"pa_cilt-ciltsiz","8":"pa_tur-kitap","9":"pa_yayinevi-dogan-cocuk","10":"pa_yazar-dogan-cocuk-kolektif","12":"first","13":"instock","14":"sale","15":"shipping-taxable","16":"purchasable","17":"product-type-simple"},"_links":{"self":[{"href":"https:\/\/roveyayinevi.com.tr\/index.php\/wp-json\/wp\/v2\/product\/740796","targetHints":{"allow":["GET"]}}],"collection":[{"href":"https:\/\/roveyayinevi.com.tr\/index.php\/wp-json\/wp\/v2\/product"}],"about":[{"href":"https:\/\/roveyayinevi.com.tr\/index.php\/wp-json\/wp\/v2\/types\/product"}],"wp:attachment":[{"href":"https:\/\/roveyayinevi.com.tr\/index.php\/wp-json\/wp\/v2\/media?parent=740796"}],"wp:term":[{"taxonomy":"product_brand","embeddable":true,"href":"https:\/\/roveyayinevi.com.tr\/index.php\/wp-json\/wp\/v2\/product_brand?post=740796"},{"taxonomy":"product_cat","embeddable":true,"href":"https:\/\/roveyayinevi.com.tr\/index.php\/wp-json\/wp\/v2\/product_cat?post=740796"},{"taxonomy":"product_tag","embeddable":true,"href":"https:\/\/roveyayinevi.com.tr\/index.php\/wp-json\/wp\/v2\/product_tag?post=740796"}],"curies":[{"name":"wp","href":"https:\/\/api.w.org\/{rel}","templated":true}]}}