{"id":740793,"date":"2025-08-28T00:35:03","date_gmt":"2025-08-27T21:35:03","guid":{"rendered":"https:\/\/roveyayinevi.com.tr\/index.php\/urun\/ifade-tasarimi\/"},"modified":"2026-04-08T03:00:02","modified_gmt":"2026-04-08T00:00:02","slug":"ifade-tasarimi","status":"publish","type":"product","link":"https:\/\/roveyayinevi.com.tr\/index.php\/urun\/ifade-tasarimi\/","title":{"rendered":"\u0130fade Tasar\u0131m\u0131"},"content":{"rendered":"<p>Sen kimsin? Kim olmak i\u00e7in buradas\u0131n? O ki\u015fi olmaman i\u00e7in mazeretin ne?    \u201c\u0130fadeni de\u011fi\u015ftir hayat\u0131n de\u011fi\u015fsin\u201d s\u00f6ylemi, \u201cZ\u0131pla! Ayaklar\u0131n yerden kesilsin&#8230;\u201d ile ayn\u0131 de\u011feri ta\u015f\u0131yor. \u0130fadesini sadece etti\u011fi laf, ses tonu, yazd\u0131\u011f\u0131 yaz\u0131daki se\u00e7ti\u011fi s\u00f6zc\u00fckler, y\u00fcz\u00fcndeki mimikler ya da beden dili olarak g\u00f6ren biri; olmad\u0131\u011f\u0131 bir ki\u015fi gibi davranmaya \u00e7al\u0131\u015f\u0131p kendini kand\u0131rmay\u0131 ba\u015farsa da kendisi olmadan mutlu olmaya \u00e7al\u0131\u015facak yani ayaklar\u0131n\u0131 yerden sadece z\u0131plad\u0131\u011f\u0131 s\u00fcrece ay\u0131rabilecek ve asla z\u0131playarak u\u00e7may\u0131 ba\u015faramayacak! Kendini tan\u0131mayan kurum ya da marka, hizmet ve \u00fcr\u00fcnlerini do\u011fru ifadeyle aktaramad\u0131k\u00e7a hak etti\u011fine inand\u0131\u011f\u0131 performansa eri\u015femeyecek. \u00c7\u00fcnk\u00fc ad\u0131n\u0131 de\u011fi\u015ftirdi\u011fi zaman nas\u0131l insan\u0131n ki\u015fili\u011fi kendili\u011finden de\u011fi\u015fmiyorsa 3. boyuta ba\u011fl\u0131 hi\u00e7bir varl\u0131k, bu de\u011fi\u015fimi d\u00fczenli bir uygulamayla desteklemedi\u011fi s\u00fcrece tam anlam\u0131yla yans\u0131tamaz.   Seslendirme sanat\u00e7\u0131s\u0131, \u00f6\u011fretim g\u00f6revlisi, mentor, \u0130fade Tasar\u0131m\u0131\u00ae sisteminin kurucusu Ark\u0131n \u00c7elik bu kitapla soruyor bize: \u201cSen kimsin? Olmak istedi\u011fin ki\u015fi misin?\u201d Kulland\u0131\u011f\u0131m\u0131z s\u00f6zc\u00fcklerden se\u00e7ti\u011fimiz k\u0131yafete, mesle\u011fimizden sevdi\u011fimiz m\u00fcziklere her \u015fey bireysel markam\u0131z\u0131 olu\u015fturuyor. Ve bu \u201cmarka\u201dyla d\u00fcnyaya neyi s\u00f6yl\u00fcyorsak ondan da onu al\u0131yoruz!  Uluslararas\u0131 markalar\u0131n, firmalar\u0131n ifade tasar\u0131m\u0131 dan\u0131\u015fmanl\u0131\u011f\u0131n\u0131 yapan Ark\u0131n \u00c7elik, \u201c\u0130ster bir birey ister d\u00fcnya devi bir \u015firket olal\u0131m, ifade ayn\u0131 yolla ger\u00e7ekle\u015fiyor\u201d diyor. Bir kere haritay\u0131 okumay\u0131 \u00f6\u011frendi\u011finde yol kolayla\u015f\u0131yor.  Kendin olman\u0131n, ifade tasar\u0131m\u0131yla bu d\u00fcnyaya \u201colmak i\u00e7in geldi\u011fin ki\u015fi olman\u0131n\u201d zaman\u0131!  Ark\u0131n \u00c7elik, 1979 y\u0131l\u0131 Ekim ay\u0131nda Eski\u015fehir\u2019de do\u011fumu kay\u0131tlara ge\u00e7tikten 9 y\u0131l sonra Antalya\u2019ya ta\u015f\u0131nd\u0131. Antalya Anadolu Lisesi\u2019nden mezun olmadan EyFM\u2019de radyo program\u0131, EyTV\u2019de \u0130ngilizce haber b\u00fclteni sunuculu\u011fu ve programlar\u0131n d\u0131\u015f seslendirmelerini yap\u0131yordu. 1996 y\u0131l\u0131nda ilk \u015fiir kitab\u0131 D\u00fc\u015f\u00fcnce S\u00f6ze D\u00fc\u015f\u00fcnce Ahmet \u00d6zbay ve TMS dersanesinin katk\u0131lar\u0131yla haz\u0131rland\u0131. Power FM \u0130stanbul\u2019da olmasayd\u0131 Bo\u011fazi\u00e7i \u00dcniversitesi\u2019ne girer miydi asla bilemeyiz ancak 1997\u2019de iki hedefine ula\u015farak hayalindeki okulun istedi\u011fi b\u00f6l\u00fcm\u00fcn\u00fc dereceyle kazand\u0131 ve hayalindeki radyoda \u00e7al\u0131\u015fmaya ba\u015flad\u0131. Yine D\u00fc\u015f\u00fcnce S\u00f6ze D\u00fc\u015f\u00fcnce ad\u0131n\u0131 ta\u015f\u0131yan ikinci \u015fiir kitab\u0131 Era yay\u0131nevinden 2000 y\u0131l\u0131nda piyasaya \u00e7\u0131kt\u0131. Mezun olmay\u0131 9 (yaz\u0131yla dokuz) y\u0131lda ancak becerdi\u011fi Bat\u0131 Dilleri ve Edebiyatlar\u0131 b\u00f6l\u00fcm\u00fcn\u00fcn hayat\u0131ndaki katk\u0131s\u0131 o zamanlar fark\u0131nda oldu\u011funun \u00e7ok \u00f6tesindeydi. Radyoda, k\u00fcl tablas\u0131 temizleyip ar\u015fiv CD\u2019lerini d\u00fczenlemekten gece yay\u0131n n\u00f6bet\u00e7ili\u011fine, prod\u00fcksiyon sorumlulu\u011fundan m\u00fczik ve program direkt\u00f6rl\u00fc\u011f\u00fcne pek \u00e7ok farkl\u0131 i\u015f yapt\u0131. Ayn\u0131 d\u00f6nemde TV ve radyo programlar\u0131n\u0131 seslendirmekten reklam seslendirmeye ge\u00e7i\u015fi mentoru Sema Ma\u011fara sayesinde oldu. 20 y\u0131ld\u0131r seslendirme ajans\u0131 Melodika arac\u0131l\u0131\u011f\u0131yla d\u00fcnya ve T\u00fcrkiye\u2019nin en b\u00fcy\u00fck markalar\u0131n\u0131n \u0130ngilizce ve T\u00fcrk\u00e7e reklam ve tan\u0131t\u0131m filmlerini seslendiriyor.  DJ T00Lz olarak, \u0130biza\u2019dan Selanik ve Larissa\u2019ya pek \u00e7ok uluslararas\u0131 mek\u00e2nda ve T\u00fcrkiye\u2019de say\u0131s\u0131z etkinlikte pikaplar\u0131n ba\u015f\u0131ndayd\u0131. Sagopa Kajmer ile d\u00fceti \u201cProportions\u201d yay\u0131nlanan ilk \u0130ngilizce rap par\u00e7as\u0131 olarak DJ\u2019likten m\u00fczik \u00fcretimine do\u011fru bir d\u00f6n\u00fc\u015f\u00fcm\u00fc i\u015faret etti ve 2007 y\u0131l\u0131nda yay\u0131nlad\u0131\u011f\u0131 alb\u00fcmlerle hep anlatt\u0131\u011f\u0131 hik\u00e2yelerin m\u00fczikle bulu\u015fmas\u0131 ger\u00e7ekle\u015fti. Yazmaya aral\u0131ks\u0131z devam etti\u011fi y\u0131llar boyunca felsefe, ki\u015fisel geli\u015fim ve spirit\u00fcel alanlarda yapt\u0131\u011f\u0131 \u00e7al\u0131\u015fmalar\u0131n, ki\u015fisel oldu\u011fu kadar profesyonel anlamda da fayda sa\u011flad\u0131\u011f\u0131n\u0131 fark etmesi \u00fczerine kendini ifade konusunda o zamana dek \u00fcniversitelerde yapt\u0131\u011f\u0131 konu\u015fmalar ve kendi \u00f6\u011frencilerine verdi\u011fi e\u011fitim i\u00e7eri\u011fini bir program haline getirdi.  Power FM\u2019de yay\u0131nda ge\u00e7en 20 y\u0131l 6 ay sonunda, 2018 y\u0131l\u0131 itibariyle iFADE TASARIMI\u00ae as\u0131l i\u015fi haline geldi ve EVNX.LIVE kuruldu. Kendi firmas\u0131 EVNX.LIVE arac\u0131l\u0131\u011f\u0131yla kurum, marka ve bireylerin kendilerini anlamas\u0131, en verimli halde aktarmas\u0131 ve yaratmak istedikleri etkiye uygun olarak ifade edebilmesi i\u00e7in dan\u0131\u015fmanl\u0131k, performans ko\u00e7lu\u011fu, multimedya tasar\u0131m, y\u00f6netmenlik ve prod\u00fcksiyon yapmaya devam ediyor. \u0130ngilizce ve T\u00fcrk\u00e7e keynote konu\u015fmalar\u0131, seminer ve at\u00f6lyeler ile etkinlik sunuculu\u011fu, d\u00f6v\u00fc\u015f sporlar\u0131 ring anonsu ve canl\u0131 yay\u0131n yorumculu\u011fu yap\u0131yor.  2022 y\u0131l\u0131 Mart ay\u0131 itibariyle Bah\u00e7e\u015fehir \u00dcniversitesi \u0130leti\u015fim Fa-k\u00fcltesi\u2019nde iFADE TASARIMI\u00ae dersi vermeye ba\u015flad\u0131. Halen yerel ve uluslararas\u0131 pek \u00e7ok markan\u0131n, \u00fcst d\u00fczey y\u00f6neticileri ve ekiplerinin kurumsal dan\u0131\u015fmanl\u0131\u011f\u0131, profesyonel performans ko\u00e7lu\u011fu ile birlikte birey, marka ve kurum ileti\u015fiminin her a\u015famas\u0131nda i\u00e7erik tasar\u0131m ve \u00fcretimi yapmaya devam ediyor.  <\/p>\n","protected":false},"excerpt":{"rendered":"<p>Sen kimsin? Kim olmak i\u00e7in buradas\u0131n? O ki\u015fi olmaman i\u00e7in mazeretin ne? \u201c\u0130fadeni de\u011fi\u015ftir hayat\u0131n de\u011fi\u015fsin\u201d s\u00f6ylemi, \u201cZ\u0131pla! Ayaklar\u0131n yerden kesilsin&#8230;\u201d ile ayn\u0131 de\u011feri ta\u015f\u0131yor. \u0130fadesini<span class=\"excerpt-hellip\"> [\u2026]<\/span><\/p>\n","protected":false},"featured_media":0,"template":"","meta":{"_monsterinsights_skip_tracking":false,"_monsterinsights_sitenote_active":false,"_monsterinsights_sitenote_note":"","_monsterinsights_sitenote_category":0},"product_brand":[],"product_cat":[12364,12376],"product_tag":[],"class_list":{"0":"post-740793","1":"product","2":"type-product","3":"status-publish","5":"product_cat-genel-konular","6":"product_cat-kisisel-gelisim","7":"pa_cilt-ciltsiz","8":"pa_tur-kitap","9":"pa_yayinevi-dogan-novus","10":"pa_yazar-arkin-celik","12":"first","13":"instock","14":"sale","15":"shipping-taxable","16":"purchasable","17":"product-type-simple"},"_links":{"self":[{"href":"https:\/\/roveyayinevi.com.tr\/index.php\/wp-json\/wp\/v2\/product\/740793","targetHints":{"allow":["GET"]}}],"collection":[{"href":"https:\/\/roveyayinevi.com.tr\/index.php\/wp-json\/wp\/v2\/product"}],"about":[{"href":"https:\/\/roveyayinevi.com.tr\/index.php\/wp-json\/wp\/v2\/types\/product"}],"wp:attachment":[{"href":"https:\/\/roveyayinevi.com.tr\/index.php\/wp-json\/wp\/v2\/media?parent=740793"}],"wp:term":[{"taxonomy":"product_brand","embeddable":true,"href":"https:\/\/roveyayinevi.com.tr\/index.php\/wp-json\/wp\/v2\/product_brand?post=740793"},{"taxonomy":"product_cat","embeddable":true,"href":"https:\/\/roveyayinevi.com.tr\/index.php\/wp-json\/wp\/v2\/product_cat?post=740793"},{"taxonomy":"product_tag","embeddable":true,"href":"https:\/\/roveyayinevi.com.tr\/index.php\/wp-json\/wp\/v2\/product_tag?post=740793"}],"curies":[{"name":"wp","href":"https:\/\/api.w.org\/{rel}","templated":true}]}}