{"id":740792,"date":"2025-08-28T00:35:02","date_gmt":"2025-08-27T21:35:02","guid":{"rendered":"https:\/\/roveyayinevi.com.tr\/index.php\/urun\/dort-ayak-ustunde\/"},"modified":"2026-04-12T02:56:30","modified_gmt":"2026-04-11T23:56:30","slug":"dort-ayak-ustunde","status":"publish","type":"product","link":"https:\/\/roveyayinevi.com.tr\/index.php\/urun\/dort-ayak-ustunde\/","title":{"rendered":"D\u00f6rt Ayak \u00dcst\u00fcnde"},"content":{"rendered":"<p>Yolda buldu\u011fu ve \u201cSok\u00f6\u201d ad\u0131n\u0131 verdi\u011fi k\u00f6pe\u011fi teslim etmek \u00fczere 19 Numaral\u0131 eve yolu d\u00fc\u015fen bir kad\u0131n\u2026 Evde yaln\u0131z bir anne olan Saba ve k\u0131z\u0131 Layna ile ge\u00e7irdi\u011fi birka\u00e7 g\u00fcn, hayat\u0131n\u0131 alt\u00fcst edecek.  Oldu bitti i\u00e7indeki huzursuzlukla bo\u011fu\u015fan kahraman\u0131m\u0131z\u0131n bir de yol arkada\u015f\u0131 var: eski p\u00fcsk\u00fc arabas\u0131n\u0131n torpido g\u00f6z\u00fcne b\u0131rak\u0131lm\u0131\u015f bir defter\u2026 Defter sahibi k\u0131sa s\u00fcre \u00f6nce \u00f6len kar\u0131s\u0131ndan, ellinci ya\u015f\u0131na girdi\u011fi g\u00fcn ba\u015f\u0131na gelen tuhaf olay\u0131n ard\u0131ndan g\u00f6rmeye ba\u015flad\u0131\u011f\u0131 r\u00fcyalardan ve ad\u0131n\u0131 bir t\u00fcrl\u00fc hat\u0131rlayamad\u0131\u011f\u0131 gen\u00e7lik arkada\u015f\u0131na dair bulan\u0131k an\u0131lar\u0131ndan bahsederek kahraman\u0131m\u0131z\u0131n ya\u015fam\u0131n\u0131 bazen b\u00f6l\u00fcyor, bazen de ona yol g\u00f6steriyor. \u0130kilinin tek ortak noktas\u0131 ise, Sok\u00f6\u2019n\u00fcn ya\u015fad\u0131\u011f\u0131 19 Numaral\u0131 ev.      Yazar Hakk\u0131nda: Ekin T\u00fcmer, 1993\u2019te Ankara\u2019da do\u011fdu.  \u0130stanbul Bilgi \u00dcniversitesi\u2019nde sinema ve televizyon \u00f6\u011frenimi g\u00f6rd\u00fc. Bir s\u00fcre foto\u011fraf sanat\u0131yla ilgilendikten sonra ilk roman\u0131 olan D\u00f6rt Ayak \u00dcst\u00fcnde i\u00e7in \u00e7al\u0131\u015fmaya ba\u015flad\u0131. Ayn\u0131 zamanda \u0130M\u00c75533 ve Arter gibi galeri ve sanat kurumlar\u0131nda \u0130ngilizce \u00e7evirmenlik yapmaya devam ediyor.   <\/p>\n","protected":false},"excerpt":{"rendered":"<p>Yolda buldu\u011fu ve \u201cSok\u00f6\u201d ad\u0131n\u0131 verdi\u011fi k\u00f6pe\u011fi teslim etmek \u00fczere 19 Numaral\u0131 eve yolu d\u00fc\u015fen bir kad\u0131n\u2026 Evde yaln\u0131z bir anne olan Saba ve k\u0131z\u0131 Layna<span class=\"excerpt-hellip\"> [\u2026]<\/span><\/p>\n","protected":false},"featured_media":0,"template":"","meta":{"_monsterinsights_skip_tracking":false,"_monsterinsights_sitenote_active":false,"_monsterinsights_sitenote_note":"","_monsterinsights_sitenote_category":0},"product_brand":[],"product_cat":[12291,12711],"product_tag":[],"class_list":{"0":"post-740792","1":"product","2":"type-product","3":"status-publish","5":"product_cat-edebiyat","6":"product_cat-roman-oyku","7":"pa_cilt-ciltsiz","8":"pa_tur-kitap","9":"pa_yayinevi-dogan-solibri-yayinlari","10":"pa_yazar-ekin-tumer","12":"first","13":"instock","14":"sale","15":"shipping-taxable","16":"purchasable","17":"product-type-simple"},"_links":{"self":[{"href":"https:\/\/roveyayinevi.com.tr\/index.php\/wp-json\/wp\/v2\/product\/740792","targetHints":{"allow":["GET"]}}],"collection":[{"href":"https:\/\/roveyayinevi.com.tr\/index.php\/wp-json\/wp\/v2\/product"}],"about":[{"href":"https:\/\/roveyayinevi.com.tr\/index.php\/wp-json\/wp\/v2\/types\/product"}],"wp:attachment":[{"href":"https:\/\/roveyayinevi.com.tr\/index.php\/wp-json\/wp\/v2\/media?parent=740792"}],"wp:term":[{"taxonomy":"product_brand","embeddable":true,"href":"https:\/\/roveyayinevi.com.tr\/index.php\/wp-json\/wp\/v2\/product_brand?post=740792"},{"taxonomy":"product_cat","embeddable":true,"href":"https:\/\/roveyayinevi.com.tr\/index.php\/wp-json\/wp\/v2\/product_cat?post=740792"},{"taxonomy":"product_tag","embeddable":true,"href":"https:\/\/roveyayinevi.com.tr\/index.php\/wp-json\/wp\/v2\/product_tag?post=740792"}],"curies":[{"name":"wp","href":"https:\/\/api.w.org\/{rel}","templated":true}]}}