{"id":740791,"date":"2025-08-28T00:35:01","date_gmt":"2025-08-27T21:35:01","guid":{"rendered":"https:\/\/roveyayinevi.com.tr\/index.php\/urun\/sosyal-hukuk-alanindaki-problemlerin-cozumunde-ictihad-ve-taklid-guncel-islam-insan-hukuku-denemeleri-5\/"},"modified":"2026-04-16T02:52:01","modified_gmt":"2026-04-15T23:52:01","slug":"sosyal-hukuk-alanindaki-problemlerin-cozumunde-ictihad-ve-taklid-guncel-islam-insan-hukuku-denemeleri-5","status":"publish","type":"product","link":"https:\/\/roveyayinevi.com.tr\/index.php\/urun\/sosyal-hukuk-alanindaki-problemlerin-cozumunde-ictihad-ve-taklid-guncel-islam-insan-hukuku-denemeleri-5\/","title":{"rendered":"Sosyal Hukuk Alan\u0131ndaki Problemlerin \u00c7\u00f6z\u00fcm\u00fcnde \u0130\u00e7tihad ve Taklid-G\u00fcncel \u0130slam-\u0130nsan Hukuku Denemeleri-5"},"content":{"rendered":"<p>Bilindi\u011fi gibi, \u0130sl\u00e2m hukukunun temel kaynaklar\u0131, Kur&#8217;\u00e2n ve s\u00fcnnettir. Bu temel kaynaklarda bireyi mutlulu\u011fa,  toplumu huzur ve g\u00fcvene kavu\u015fturacak ana prensipleri,  a\u00e7\u0131klama ve y\u00f6nlendirmeleri bulmak m\u00fcmk\u00fcnd\u00fcr. Bu ba\u011flamda Kur\u00e2n\u2019\u0131n,  umumiyetle genel norm niteli\u011finde evrensel sabitelerle ger\u00e7ek bilginin \u00f6\u011fretisini i\u00e7erdi\u011fi,  s\u00fcnnetin ise,  genel de \u00f6zel norm niteli\u011finde bireysel ve toplumsal pratikleri olu\u015fturdu\u011fu s\u00f6ylenebilir. \u0130sl\u00e2m hukukunun yaz\u0131l\u0131 olmayan di\u011fer bir kayna\u011f\u0131 da  ak\u0131l ve \u00f6rf, adetlerdir. Ak\u0131l sayesinde, naslar\u0131n anla\u015f\u0131lmas\u0131 ve yorumlanmas\u0131 sa\u011flanarak farkl\u0131 d\u00f6nem ve b\u00f6lgelerde insano\u011flunun kar\u015f\u0131la\u015ft\u0131\u011f\u0131 problemlere genel veya \u00f6zel \u00e7\u00f6z\u00fcmler getirilebilmi\u015ftir. Zira s\u0131n\u0131rl\u0131 olan nasslar, s\u0131n\u0131rs\u0131z olan sosyal olgular\u0131n b\u00fct\u00fcn\u00fcn\u00fc i\u00e7ine almaz. Bu durum, zorunlu olarak i\u00e7tihad\u0131 g\u00fcndeme getirmi\u015ftir. Toplumda yeni ortaya \u00e7\u0131kan problemlerin \u00e7\u00f6z\u00fcm\u00fc i\u00e7in i\u00e7tihat, hem dini bir g\u00f6rev hem de pratik hayat\u0131n devam\u0131 i\u00e7in bir zarurettir. \u015e\u00fcphesiz ki, Kur\u2019\u00e2n ve s\u00fcnnette a\u00e7\u0131k\u00e7a ele al\u0131nmayan \u00e7a\u011fda\u015f problemler, \u0130sl\u00e2m hukuk bilginleri taraf\u0131ndan, hukuk\u00ee (\u015fer-\u00ee) deliller, naslar\u0131n genel ruhu, genel hukuk kurallar\u0131 ve bilimsel verilere dayan\u0131larak hukuk usul\u00fc disiplini (hikmet-i te\u015fr\u00eeve mek\u00e2s\u0131d-\u0131 \u015feria) i\u00e7inde \u00e7\u00f6z\u00fcme kavu\u015fturulmaya \u00e7al\u0131\u015f\u0131lm\u0131\u015ft\u0131r. \u0130sl\u00e2m hukukunun mahiyeti ve \u00f6zellikle sosyal de\u011fi\u015fme kar\u015f\u0131s\u0131ndaki tavr\u0131, bug\u00fcn \u00fczerinde \u00e7ok durulan ve tart\u0131\u015f\u0131lan bir konudur. \u0130sl\u00e2m hukukunun, bir taraftan kesin ve de\u011fi\u015fmez din\u00ee h\u00fck\u00fcmler i\u00e7irdi\u011fi, bu y\u00fczden de de\u011fi\u015fime kapal\u0131 oldu\u011fu iddia edilirken, di\u011fer taraftan sabit prensipler \u00e7er\u00e7evesinde dinamik bir yap\u0131ya sahip oldu\u011fu da ifade edilmektedir. Bu kitab\u0131m\u0131zda taklid karanl\u0131\u011f\u0131ndan i\u00e7tihad ayd\u0131nl\u0131\u011f\u0131na  \u00e7\u0131kmak temennisiyle  i\u00e7tihad ve taklid konusu ele al\u0131nm\u0131\u015ft\u0131r. <\/p>\n","protected":false},"excerpt":{"rendered":"<p>Bilindi\u011fi gibi, \u0130sl\u00e2m hukukunun temel kaynaklar\u0131, Kur&#8217;\u00e2n ve s\u00fcnnettir. Bu temel kaynaklarda bireyi mutlulu\u011fa, toplumu huzur ve g\u00fcvene kavu\u015fturacak ana prensipleri, a\u00e7\u0131klama ve y\u00f6nlendirmeleri bulmak m\u00fcmk\u00fcnd\u00fcr.<span class=\"excerpt-hellip\"> [\u2026]<\/span><\/p>\n","protected":false},"featured_media":0,"template":"","meta":{"_monsterinsights_skip_tracking":false,"_monsterinsights_sitenote_active":false,"_monsterinsights_sitenote_note":"","_monsterinsights_sitenote_category":0},"product_brand":[],"product_cat":[12718,12719],"product_tag":[],"class_list":{"0":"post-740791","1":"product","2":"type-product","3":"status-publish","5":"product_cat-din","6":"product_cat-islam","7":"pa_cilt-ciltsiz","8":"pa_tur-kitap","9":"pa_yayinevi-gulnar-yayinlari","10":"pa_yazar-hadi-saglam","12":"first","13":"instock","14":"sale","15":"shipping-taxable","16":"purchasable","17":"product-type-simple"},"_links":{"self":[{"href":"https:\/\/roveyayinevi.com.tr\/index.php\/wp-json\/wp\/v2\/product\/740791","targetHints":{"allow":["GET"]}}],"collection":[{"href":"https:\/\/roveyayinevi.com.tr\/index.php\/wp-json\/wp\/v2\/product"}],"about":[{"href":"https:\/\/roveyayinevi.com.tr\/index.php\/wp-json\/wp\/v2\/types\/product"}],"wp:attachment":[{"href":"https:\/\/roveyayinevi.com.tr\/index.php\/wp-json\/wp\/v2\/media?parent=740791"}],"wp:term":[{"taxonomy":"product_brand","embeddable":true,"href":"https:\/\/roveyayinevi.com.tr\/index.php\/wp-json\/wp\/v2\/product_brand?post=740791"},{"taxonomy":"product_cat","embeddable":true,"href":"https:\/\/roveyayinevi.com.tr\/index.php\/wp-json\/wp\/v2\/product_cat?post=740791"},{"taxonomy":"product_tag","embeddable":true,"href":"https:\/\/roveyayinevi.com.tr\/index.php\/wp-json\/wp\/v2\/product_tag?post=740791"}],"curies":[{"name":"wp","href":"https:\/\/api.w.org\/{rel}","templated":true}]}}