{"id":740790,"date":"2025-08-28T00:35:00","date_gmt":"2025-08-27T21:35:00","guid":{"rendered":"https:\/\/roveyayinevi.com.tr\/index.php\/urun\/kulturlerarasi-perspektifte-iktisadi-insan-kucuk-olcekli-15-toplumda-davranissal-deneyler\/"},"modified":"2026-04-16T02:52:01","modified_gmt":"2026-04-15T23:52:01","slug":"kulturlerarasi-perspektifte-iktisadi-insan-kucuk-olcekli-15-toplumda-davranissal-deneyler","status":"publish","type":"product","link":"https:\/\/roveyayinevi.com.tr\/index.php\/urun\/kulturlerarasi-perspektifte-iktisadi-insan-kucuk-olcekli-15-toplumda-davranissal-deneyler\/","title":{"rendered":"K\u00fclt\u00fcrleraras\u0131 Perspektifte \u2018\u2018\u0130ktisadi \u0130nsan\u2019\u2019 &#8211; K\u00fc\u00e7\u00fck \u00d6l\u00e7ekli 15 Toplumda Davran\u0131\u015fsal Deneyler"},"content":{"rendered":"<p>Bug\u00fcne kadar Bencillik aksiyomu \u2013bireylerin etkile\u015fimlerde kendi maddi kazan\u00e7lar\u0131n\u0131 maksimize etmeye \u00e7al\u0131\u015ft\u0131klar\u0131 ve ba\u015fkalar\u0131n\u0131n da ayn\u0131s\u0131n\u0131 yapmas\u0131n\u0131 bekledikleri varsay\u0131m\u0131- temelli kanonik modelden s\u00fcrekli sapmalar\u0131n oldu\u011funu kan\u0131tlayan bir\u00e7ok \u00e7al\u0131\u015fma yap\u0131ld\u0131 ve yap\u0131lmaya devam ediyor. Peki bu s\u00fcrekli sapmalar, asl\u0131nda, t\u00fcr\u00fcm\u00fcz\u00fc karakterize eden evrensel davran\u0131\u015f \u00f6r\u00fcnt\u00fcleri mi? Yoksa bireylerin davran\u0131\u015flar\u0131n\u0131, motivasyonlar\u0131n\u0131 ve tercihlerini ekonomik ve sosyal \u00e7evreleri mi \u015fekillendirir? E\u011fer \u00f6yleyse insan do\u011fas\u0131n\u0131n \u015fekilledirilebilirli\u011fi konusunda s\u0131n\u0131rlar var m\u0131; bu \u015fekillendirmede en \u00e7ok hangi ekonomik ve sosyal ko\u015fullar belirleyicidir? Adalete (e\u015fitli\u011fe) y\u00f6nelik e\u011filimler ve adaletsizli\u011fi cezaland\u0131rmaya y\u00f6nelik tutumlar bireylerin cinsiyet, ya\u015f, e\u011fitim ve g\u00f6receli zenginlik gibi nitelikleriyle mi yoksa bireyin d\u00e2hil oldu\u011fu grubun nitelikleriyle mi daha iyi a\u00e7\u0131klanabilir? Bu eser, yukar\u0131daki sorulara cevap vermek amac\u0131yla \u00e7ok \u00e7e\u015fitli ekonomik ve sosyal ko\u015fullar sergileyen 15 k\u00fc\u00e7\u00fck \u00f6l\u00e7ekli toplumda \u2018\u2018\u00fcltimatom\u2019\u2019, \u2018\u2018kamu mallar\u0131\u2019\u2019 ve \u2018\u2018diktat\u00f6r\u2019\u2019 oyunlar\u0131 deneylerinin yap\u0131ld\u0131\u011f\u0131, antropoloji, iktisat ve psikoloji alanlar\u0131ndan bilim insanlar\u0131n\u0131n birlikte \u00e7al\u0131\u015fmas\u0131yla ortaya konan, b\u00fcy\u00fck bir k\u00fclt\u00fcrleraras\u0131 ara\u015ft\u0131rmad\u0131r. Hem farkl\u0131 disiplinlerden bilim insanlar\u0131n\u0131 bir araya getirmesi hem de ampirik ara\u015ft\u0131ma kapsam\u0131n\u0131n \u00e7ok geni\u015f olmas\u0131 nedeniyle muazzam bir sosyal bilim eseridir. Ve ortaya koydu\u011fu sonu\u00e7lar bak\u0131m\u0131ndan kanonik modele g\u00fc\u00e7l\u00fc bir ampirik meydan okumad\u0131r. <\/p>\n","protected":false},"excerpt":{"rendered":"<p>Bug\u00fcne kadar Bencillik aksiyomu \u2013bireylerin etkile\u015fimlerde kendi maddi kazan\u00e7lar\u0131n\u0131 maksimize etmeye \u00e7al\u0131\u015ft\u0131klar\u0131 ve ba\u015fkalar\u0131n\u0131n da ayn\u0131s\u0131n\u0131 yapmas\u0131n\u0131 bekledikleri varsay\u0131m\u0131- temelli kanonik modelden s\u00fcrekli sapmalar\u0131n oldu\u011funu kan\u0131tlayan<span class=\"excerpt-hellip\"> [\u2026]<\/span><\/p>\n","protected":false},"featured_media":0,"template":"","meta":{"_monsterinsights_skip_tracking":false,"_monsterinsights_sitenote_active":false,"_monsterinsights_sitenote_note":"","_monsterinsights_sitenote_category":0},"product_brand":[],"product_cat":[20333,13043],"product_tag":[],"class_list":{"0":"post-740790","1":"product","2":"type-product","3":"status-publish","5":"product_cat-diger-ekonomi","6":"product_cat-ekonomi","7":"pa_cilt-ciltsiz","8":"pa_tur-kitap","9":"pa_yayinevi-heretik-yayincilik","10":"pa_yazar-j-henrich","12":"first","13":"instock","14":"sale","15":"shipping-taxable","16":"purchasable","17":"product-type-simple"},"_links":{"self":[{"href":"https:\/\/roveyayinevi.com.tr\/index.php\/wp-json\/wp\/v2\/product\/740790","targetHints":{"allow":["GET"]}}],"collection":[{"href":"https:\/\/roveyayinevi.com.tr\/index.php\/wp-json\/wp\/v2\/product"}],"about":[{"href":"https:\/\/roveyayinevi.com.tr\/index.php\/wp-json\/wp\/v2\/types\/product"}],"wp:attachment":[{"href":"https:\/\/roveyayinevi.com.tr\/index.php\/wp-json\/wp\/v2\/media?parent=740790"}],"wp:term":[{"taxonomy":"product_brand","embeddable":true,"href":"https:\/\/roveyayinevi.com.tr\/index.php\/wp-json\/wp\/v2\/product_brand?post=740790"},{"taxonomy":"product_cat","embeddable":true,"href":"https:\/\/roveyayinevi.com.tr\/index.php\/wp-json\/wp\/v2\/product_cat?post=740790"},{"taxonomy":"product_tag","embeddable":true,"href":"https:\/\/roveyayinevi.com.tr\/index.php\/wp-json\/wp\/v2\/product_tag?post=740790"}],"curies":[{"name":"wp","href":"https:\/\/api.w.org\/{rel}","templated":true}]}}