{"id":740789,"date":"2025-08-28T00:34:59","date_gmt":"2025-08-27T21:34:59","guid":{"rendered":"https:\/\/roveyayinevi.com.tr\/index.php\/urun\/ar-ge-ve-teknolojiyi-anlamak\/"},"modified":"2026-04-16T02:52:01","modified_gmt":"2026-04-15T23:52:01","slug":"ar-ge-ve-teknolojiyi-anlamak","status":"publish","type":"product","link":"https:\/\/roveyayinevi.com.tr\/index.php\/urun\/ar-ge-ve-teknolojiyi-anlamak\/","title":{"rendered":"Ar-Ge ve Teknolojiyi Anlamak"},"content":{"rendered":"<p>\u00dclkemizde teknolojiyle ilgili ki\u015filer ve kurulu\u015flar konunun \u00f6nemini s\u0131kl\u0131kla dile getirirler, fakat konuyu anlama, alg\u0131lama ve uygulama konusunda yanl\u0131\u015flar i\u00e7erisindedirler. \u00c7ok b\u00fcy\u00fck miktarda paralar bo\u015fa gitmekte, yap\u0131lan yat\u0131r\u0131mlar de\u011fere d\u00f6n\u00fc\u015ft\u00fcr\u00fclememektedir, elde edilen \u00e7\u0131kt\u0131lar ise \u00e7ok d\u00fc\u015f\u00fck seviyelerde kalmaktad\u0131r. Neden daha y\u00fcksek verim elde edilememektedir? Ar\u2011Ge k\u00fclt\u00fcr\u00fc neden olu\u015fmamaktad\u0131r? E\u011fitimde Ar\u2011Ge ger\u00e7ek manada neden uygulanamamaktad\u0131r? Neden teknoloji transferleri \u00e7ok d\u00fc\u015f\u00fck seviyelerde kalmaktad\u0131r? Bu hususlarla ilgili detayl\u0131 inceleme, tart\u0131\u015fma ve \u00f6neriler kitap i\u00e7erisinde verilmektedir. \u201cAr\u2011Ge ve teknoloji transferi nas\u0131l yap\u0131lmal\u0131?\u201d konusu detayl\u0131ca ele al\u0131nmaktad\u0131r. Tabii bu konularda sadece bir yol veya metot yoktur, aksine bir\u00e7ok yollar ve y\u00f6ntemler vard\u0131r. Farkl\u0131 yakla\u015f\u0131mlar ve \u00e7\u00f6z\u00fcmler elbette mevcuttur. Buradaki ama\u00e7 genel prensipleri ve metotlar\u0131 belirlemek \u00fczerinedir.<\/p>\n","protected":false},"excerpt":{"rendered":"<p>\u00dclkemizde teknolojiyle ilgili ki\u015filer ve kurulu\u015flar konunun \u00f6nemini s\u0131kl\u0131kla dile getirirler, fakat konuyu anlama, alg\u0131lama ve uygulama konusunda yanl\u0131\u015flar i\u00e7erisindedirler. \u00c7ok b\u00fcy\u00fck miktarda paralar bo\u015fa gitmekte,<span class=\"excerpt-hellip\"> [\u2026]<\/span><\/p>\n","protected":false},"featured_media":0,"template":"","meta":{"_monsterinsights_skip_tracking":false,"_monsterinsights_sitenote_active":false,"_monsterinsights_sitenote_note":"","_monsterinsights_sitenote_category":0},"product_brand":[],"product_cat":[13072,12291],"product_tag":[],"class_list":{"0":"post-740789","1":"product","2":"type-product","3":"status-publish","5":"product_cat-arastirma-inceleme-referans","6":"product_cat-edebiyat","7":"pa_cilt-ciltsiz","8":"pa_tur-kitap","9":"pa_yayinevi-yade-yayinlari","10":"pa_yazar-fahrettin-ozturk","12":"first","13":"instock","14":"sale","15":"shipping-taxable","16":"purchasable","17":"product-type-simple"},"_links":{"self":[{"href":"https:\/\/roveyayinevi.com.tr\/index.php\/wp-json\/wp\/v2\/product\/740789","targetHints":{"allow":["GET"]}}],"collection":[{"href":"https:\/\/roveyayinevi.com.tr\/index.php\/wp-json\/wp\/v2\/product"}],"about":[{"href":"https:\/\/roveyayinevi.com.tr\/index.php\/wp-json\/wp\/v2\/types\/product"}],"wp:attachment":[{"href":"https:\/\/roveyayinevi.com.tr\/index.php\/wp-json\/wp\/v2\/media?parent=740789"}],"wp:term":[{"taxonomy":"product_brand","embeddable":true,"href":"https:\/\/roveyayinevi.com.tr\/index.php\/wp-json\/wp\/v2\/product_brand?post=740789"},{"taxonomy":"product_cat","embeddable":true,"href":"https:\/\/roveyayinevi.com.tr\/index.php\/wp-json\/wp\/v2\/product_cat?post=740789"},{"taxonomy":"product_tag","embeddable":true,"href":"https:\/\/roveyayinevi.com.tr\/index.php\/wp-json\/wp\/v2\/product_tag?post=740789"}],"curies":[{"name":"wp","href":"https:\/\/api.w.org\/{rel}","templated":true}]}}