{"id":740788,"date":"2025-08-28T00:34:58","date_gmt":"2025-08-27T21:34:58","guid":{"rendered":"https:\/\/roveyayinevi.com.tr\/index.php\/urun\/insan-nasil-mutlu-olur\/"},"modified":"2026-04-16T02:52:01","modified_gmt":"2026-04-15T23:52:01","slug":"insan-nasil-mutlu-olur","status":"publish","type":"product","link":"https:\/\/roveyayinevi.com.tr\/index.php\/urun\/insan-nasil-mutlu-olur\/","title":{"rendered":"\u0130nsan Nas\u0131l Mutlu Olur?"},"content":{"rendered":"<p>Epiktetos\u2019un MS 50 y\u0131l\u0131nda Frigya\u2019daki Hieropolis kentinde du\u0308nyaya geldi\u011fi san\u0131lmaktad\u0131r. Gen\u00e7li\u011fini k\u00f6le olarak ge\u00e7iren Epiktetos, Nero\u2019nun \u00f6lu\u0308mu\u0308nden (MS 68) k\u0131sa bir su\u0308re sonra azat edildi ve Roma\u2019da felsefe e\u011fitimi vermeye ba\u015flad\u0131. MS 93 y\u0131l\u0131nda Yunanistan\u2019\u0131n Epir y\u00f6resindeki Nikopolis kentine giderek bir felsefe okulu kurdu. Epiktetos Stoac\u0131 felsefeye uygun olarak, \u00e7ok az e\u015fyas\u0131yla bu\u0308yu\u0308k bir sadelik i\u00e7inde ya\u015fam\u0131n\u0131 su\u0308rdu\u0308rdu\u0308. MS 135 civar\u0131nda Nikopolis kentinde \u00f6ldu\u0308.   \u0130nsan Nas\u0131l Mutlu Olur Epiktetos\u2019un Diatribai adl\u0131 eserinde mutlulu\u011fa eri\u015fmenin yolunu g\u00f6steren s\u00f6zlerinden yap\u0131lm\u0131\u015f bir derlemedir. Epiktetos\u2019a g\u00f6re insan\u0131 mutsuz eden \u015feyler du\u0308nya mallar\u0131na a\u015f\u0131r\u0131 du\u0308\u015fku\u0308nlu\u0308k ve bunlar\u0131 elden ka\u00e7\u0131rman\u0131n getirdi\u011fi k\u0131zg\u0131nl\u0131k ve korkulard\u0131r. Mutlulu\u011fa giden yol ise insan ruhunun sakin, huzurlu ve ahenk i\u00e7inde olmas\u0131ndan ge\u00e7er, bunu sa\u011flamak i\u00e7in de ruhun huzurunu bozacak her \u015feyden uzak kalmak gerekir.   \u201c\u0130stediklerini elde etti\u011fin anda mutlu olaca\u011f\u0131n\u0131 zannediyorsun. Bu yanl\u0131\u015f bir du\u0308\u015fu\u0308nce. Onu elde etti\u011fin anda yeni kayg\u0131lar, u\u0308zu\u0308ntu\u0308ler, nefretler, korkular ya da istekler ortaya \u00e7\u0131kacak. Mutluluk bir \u015feyleri elde etmek ve zevk duymakta de\u011fil istememektedir. \u00c7u\u0308nku\u0308 mutluluk \u00f6zgu\u0308rlu\u0308k demektir.\u201d <\/p>\n","protected":false},"excerpt":{"rendered":"<p>Epiktetos\u2019un MS 50 y\u0131l\u0131nda Frigya\u2019daki Hieropolis kentinde du\u0308nyaya geldi\u011fi san\u0131lmaktad\u0131r. Gen\u00e7li\u011fini k\u00f6le olarak ge\u00e7iren Epiktetos, Nero\u2019nun \u00f6lu\u0308mu\u0308nden (MS 68) k\u0131sa bir su\u0308re sonra azat edildi ve<span class=\"excerpt-hellip\"> [\u2026]<\/span><\/p>\n","protected":false},"featured_media":0,"template":"","meta":{"_monsterinsights_skip_tracking":false,"_monsterinsights_sitenote_active":false,"_monsterinsights_sitenote_note":"","_monsterinsights_sitenote_category":0},"product_brand":[],"product_cat":[12388,13555],"product_tag":[],"class_list":{"0":"post-740788","1":"product","2":"type-product","3":"status-publish","5":"product_cat-felsefe","6":"product_cat-genel-felsefe","7":"pa_cilt-ciltsiz","8":"pa_tur-kitap","9":"pa_yayinevi-say-yayinlari","10":"pa_yazar-epiktetos","12":"first","13":"instock","14":"sale","15":"shipping-taxable","16":"purchasable","17":"product-type-simple"},"_links":{"self":[{"href":"https:\/\/roveyayinevi.com.tr\/index.php\/wp-json\/wp\/v2\/product\/740788","targetHints":{"allow":["GET"]}}],"collection":[{"href":"https:\/\/roveyayinevi.com.tr\/index.php\/wp-json\/wp\/v2\/product"}],"about":[{"href":"https:\/\/roveyayinevi.com.tr\/index.php\/wp-json\/wp\/v2\/types\/product"}],"wp:attachment":[{"href":"https:\/\/roveyayinevi.com.tr\/index.php\/wp-json\/wp\/v2\/media?parent=740788"}],"wp:term":[{"taxonomy":"product_brand","embeddable":true,"href":"https:\/\/roveyayinevi.com.tr\/index.php\/wp-json\/wp\/v2\/product_brand?post=740788"},{"taxonomy":"product_cat","embeddable":true,"href":"https:\/\/roveyayinevi.com.tr\/index.php\/wp-json\/wp\/v2\/product_cat?post=740788"},{"taxonomy":"product_tag","embeddable":true,"href":"https:\/\/roveyayinevi.com.tr\/index.php\/wp-json\/wp\/v2\/product_tag?post=740788"}],"curies":[{"name":"wp","href":"https:\/\/api.w.org\/{rel}","templated":true}]}}