{"id":740787,"date":"2025-08-28T00:34:57","date_gmt":"2025-08-27T21:34:57","guid":{"rendered":"https:\/\/roveyayinevi.com.tr\/index.php\/urun\/kisa-sscb-tarihi\/"},"modified":"2026-04-16T02:52:01","modified_gmt":"2026-04-15T23:52:01","slug":"kisa-sscb-tarihi","status":"publish","type":"product","link":"https:\/\/roveyayinevi.com.tr\/index.php\/urun\/kisa-sscb-tarihi\/","title":{"rendered":"K\u0131sa SSCB Tarihi"},"content":{"rendered":"<p>Rus devriminin \u00fczerinden y\u00fcz y\u0131ldan uzun s\u00fcre ge\u00e7mesine ra\u011fmen Sovyetler Birli\u011fi\u2019nin \u00e7alkant\u0131l\u0131 tarihi bizi b\u00fcy\u00fclemeye ve k\u00fcresel siyaseti etkilemeye devam ediyor.   1917 devrimine kadar Rus h\u00fck\u00fcmetindeki radikal de\u011fi\u015fimi te\u015fvik eden toplumsal gerilimleri ve siyasi tutars\u0131zl\u0131klar\u0131 a\u00e7\u0131klayarak ba\u015flayan bu k\u0131sa tarih 1920\u2019lerde yeni ekonomik politikalar ve Stalinist d\u00fczende kaydedilen ilerlemeyi kapsaml\u0131 \u015fekilde aktar\u0131yor. Stalin sonras\u0131 liderlerin Stalin\u2019in y\u00f6ntemlerini kullanmadan ancak ge\u00e7mi\u015fi de a\u00e7\u0131k\u00e7a reddetmeden Bat\u0131 ile bar\u0131\u015f i\u00e7inde ya\u015famak i\u00e7in nas\u0131l m\u00fccadele ettiklerini g\u00f6steren b\u00f6l\u00fcmlerin ard\u0131ndan, rejimin beklenmedik \u00e7\u00f6k\u00fc\u015f\u00fcne ve Sovyet sisteminin bir \u00fcr\u00fcn\u00fc olan Vladimir Putin\u2019in y\u00fckseli\u015fine \u0131\u015f\u0131k tutuluyor.   \u201cE\u011fer Stalinist olsayd\u0131m, bu kitab\u0131 okumayanlar\u0131 Gulag\u2019a g\u00f6ndermeli demezdim ama bir iki y\u0131l iyice yeniden-e\u011fitmeli derdim.\u201d \u2014 Slavoj \u017di\u017eek <\/p>\n","protected":false},"excerpt":{"rendered":"<p>Rus devriminin \u00fczerinden y\u00fcz y\u0131ldan uzun s\u00fcre ge\u00e7mesine ra\u011fmen Sovyetler Birli\u011fi\u2019nin \u00e7alkant\u0131l\u0131 tarihi bizi b\u00fcy\u00fclemeye ve k\u00fcresel siyaseti etkilemeye devam ediyor. 1917 devrimine kadar Rus h\u00fck\u00fcmetindeki<span class=\"excerpt-hellip\"> [\u2026]<\/span><\/p>\n","protected":false},"featured_media":0,"template":"","meta":{"_monsterinsights_skip_tracking":false,"_monsterinsights_sitenote_active":false,"_monsterinsights_sitenote_note":"","_monsterinsights_sitenote_category":0},"product_brand":[],"product_cat":[12312,12304],"product_tag":[],"class_list":{"0":"post-740787","1":"product","2":"type-product","3":"status-publish","5":"product_cat-diger","6":"product_cat-tarih","7":"pa_cilt-ciltsiz","8":"pa_tur-kitap","9":"pa_yayinevi-say-yayinlari","10":"pa_yazar-sheila-fitzpatrick","12":"first","13":"instock","14":"sale","15":"shipping-taxable","16":"purchasable","17":"product-type-simple"},"_links":{"self":[{"href":"https:\/\/roveyayinevi.com.tr\/index.php\/wp-json\/wp\/v2\/product\/740787","targetHints":{"allow":["GET"]}}],"collection":[{"href":"https:\/\/roveyayinevi.com.tr\/index.php\/wp-json\/wp\/v2\/product"}],"about":[{"href":"https:\/\/roveyayinevi.com.tr\/index.php\/wp-json\/wp\/v2\/types\/product"}],"wp:attachment":[{"href":"https:\/\/roveyayinevi.com.tr\/index.php\/wp-json\/wp\/v2\/media?parent=740787"}],"wp:term":[{"taxonomy":"product_brand","embeddable":true,"href":"https:\/\/roveyayinevi.com.tr\/index.php\/wp-json\/wp\/v2\/product_brand?post=740787"},{"taxonomy":"product_cat","embeddable":true,"href":"https:\/\/roveyayinevi.com.tr\/index.php\/wp-json\/wp\/v2\/product_cat?post=740787"},{"taxonomy":"product_tag","embeddable":true,"href":"https:\/\/roveyayinevi.com.tr\/index.php\/wp-json\/wp\/v2\/product_tag?post=740787"}],"curies":[{"name":"wp","href":"https:\/\/api.w.org\/{rel}","templated":true}]}}