{"id":740783,"date":"2025-08-28T00:34:53","date_gmt":"2025-08-27T21:34:53","guid":{"rendered":"https:\/\/roveyayinevi.com.tr\/index.php\/urun\/national-geographic-kids-dunyamizi-kesfedin-kaplanlar\/"},"modified":"2026-02-23T12:03:37","modified_gmt":"2026-02-23T09:03:37","slug":"national-geographic-kids-dunyamizi-kesfedin-kaplanlar","status":"publish","type":"product","link":"https:\/\/roveyayinevi.com.tr\/index.php\/urun\/national-geographic-kids-dunyamizi-kesfedin-kaplanlar\/","title":{"rendered":"National Geographic Kids D\u00fcnyam\u0131z\u0131 Ke\u015ffedin \u2013 Kaplanlar"},"content":{"rendered":"<p>Annelerinin dikkatli g\u00f6zleri alt\u0131nda oynay\u0131p Du\u0308nya\u2019y\u0131 ke\u015ffeden kaplan yavrular\u0131na e\u015flik edin.   National Geographic Kids\u2019in okul \u00f6ncesi \u00e7ocuklar i\u00e7in haz\u0131rlad\u0131\u011f\u0131 bu e\u011flenceli seri, \u00e7evrelerindeki du\u0308nyay\u0131 ke\u015ffetmelerini sa\u011flayacak!<\/p>\n","protected":false},"excerpt":{"rendered":"<p>Annelerinin dikkatli g\u00f6zleri alt\u0131nda oynay\u0131p Du\u0308nya\u2019y\u0131 ke\u015ffeden kaplan yavrular\u0131na e\u015flik edin. National Geographic Kids\u2019in okul \u00f6ncesi \u00e7ocuklar i\u00e7in haz\u0131rlad\u0131\u011f\u0131 bu e\u011flenceli seri, \u00e7evrelerindeki du\u0308nyay\u0131 ke\u015ffetmelerini sa\u011flayacak!<\/p>\n","protected":false},"featured_media":0,"template":"","meta":{"_monsterinsights_skip_tracking":false,"_monsterinsights_sitenote_active":false,"_monsterinsights_sitenote_note":"","_monsterinsights_sitenote_category":0},"product_brand":[],"product_cat":[12274,15842],"product_tag":[],"class_list":{"0":"post-740783","1":"product","2":"type-product","3":"status-publish","5":"product_cat-cocuk-ve-genclik-kitaplari","6":"product_cat-egitici-kitaplar","7":"pa_cilt-ciltsiz","8":"pa_tur-kitap","9":"pa_yayinevi-beta-kids","10":"pa_yazar-jill-esbaum","12":"first","13":"instock","14":"sale","15":"shipping-taxable","16":"purchasable","17":"product-type-simple"},"_links":{"self":[{"href":"https:\/\/roveyayinevi.com.tr\/index.php\/wp-json\/wp\/v2\/product\/740783","targetHints":{"allow":["GET"]}}],"collection":[{"href":"https:\/\/roveyayinevi.com.tr\/index.php\/wp-json\/wp\/v2\/product"}],"about":[{"href":"https:\/\/roveyayinevi.com.tr\/index.php\/wp-json\/wp\/v2\/types\/product"}],"wp:attachment":[{"href":"https:\/\/roveyayinevi.com.tr\/index.php\/wp-json\/wp\/v2\/media?parent=740783"}],"wp:term":[{"taxonomy":"product_brand","embeddable":true,"href":"https:\/\/roveyayinevi.com.tr\/index.php\/wp-json\/wp\/v2\/product_brand?post=740783"},{"taxonomy":"product_cat","embeddable":true,"href":"https:\/\/roveyayinevi.com.tr\/index.php\/wp-json\/wp\/v2\/product_cat?post=740783"},{"taxonomy":"product_tag","embeddable":true,"href":"https:\/\/roveyayinevi.com.tr\/index.php\/wp-json\/wp\/v2\/product_tag?post=740783"}],"curies":[{"name":"wp","href":"https:\/\/api.w.org\/{rel}","templated":true}]}}