{"id":740781,"date":"2025-08-28T00:34:51","date_gmt":"2025-08-27T21:34:51","guid":{"rendered":"https:\/\/roveyayinevi.com.tr\/index.php\/urun\/national-geographic-kids-dunyamizi-kesfedin-aslanlar\/"},"modified":"2026-04-16T02:52:01","modified_gmt":"2026-04-15T23:52:01","slug":"national-geographic-kids-dunyamizi-kesfedin-aslanlar","status":"publish","type":"product","link":"https:\/\/roveyayinevi.com.tr\/index.php\/urun\/national-geographic-kids-dunyamizi-kesfedin-aslanlar\/","title":{"rendered":"National Geographic  Kids D\u00fcnyam\u0131z\u0131 Ke\u015ffedin \u2013 Aslanlar"},"content":{"rendered":"<p>Sevimli aslan yavrular\u0131 ve aileleriyle birlikte z\u0131pla, hopla, oyna ve ku\u0308kre!   National Geographic Kids\u2019in okul \u00f6ncesi \u00e7ocuklar i\u00e7in haz\u0131rlad\u0131\u011f\u0131 bu e\u011flenceli seri, \u00e7evrelerindeki du\u0308nyay\u0131 ke\u015ffetmelerini sa\u011flayacak!<\/p>\n","protected":false},"excerpt":{"rendered":"<p>Sevimli aslan yavrular\u0131 ve aileleriyle birlikte z\u0131pla, hopla, oyna ve ku\u0308kre! National Geographic Kids\u2019in okul \u00f6ncesi \u00e7ocuklar i\u00e7in haz\u0131rlad\u0131\u011f\u0131 bu e\u011flenceli seri, \u00e7evrelerindeki du\u0308nyay\u0131 ke\u015ffetmelerini sa\u011flayacak!<\/p>\n","protected":false},"featured_media":0,"template":"","meta":{"_monsterinsights_skip_tracking":false,"_monsterinsights_sitenote_active":false,"_monsterinsights_sitenote_note":"","_monsterinsights_sitenote_category":0},"product_brand":[],"product_cat":[12274,15842],"product_tag":[],"class_list":{"0":"post-740781","1":"product","2":"type-product","3":"status-publish","5":"product_cat-cocuk-ve-genclik-kitaplari","6":"product_cat-egitici-kitaplar","7":"pa_cilt-ciltsiz","8":"pa_tur-kitap","9":"pa_yayinevi-beta-kids","10":"pa_yazar-amy-sky-koster","12":"first","13":"instock","14":"sale","15":"shipping-taxable","16":"purchasable","17":"product-type-simple"},"_links":{"self":[{"href":"https:\/\/roveyayinevi.com.tr\/index.php\/wp-json\/wp\/v2\/product\/740781","targetHints":{"allow":["GET"]}}],"collection":[{"href":"https:\/\/roveyayinevi.com.tr\/index.php\/wp-json\/wp\/v2\/product"}],"about":[{"href":"https:\/\/roveyayinevi.com.tr\/index.php\/wp-json\/wp\/v2\/types\/product"}],"wp:attachment":[{"href":"https:\/\/roveyayinevi.com.tr\/index.php\/wp-json\/wp\/v2\/media?parent=740781"}],"wp:term":[{"taxonomy":"product_brand","embeddable":true,"href":"https:\/\/roveyayinevi.com.tr\/index.php\/wp-json\/wp\/v2\/product_brand?post=740781"},{"taxonomy":"product_cat","embeddable":true,"href":"https:\/\/roveyayinevi.com.tr\/index.php\/wp-json\/wp\/v2\/product_cat?post=740781"},{"taxonomy":"product_tag","embeddable":true,"href":"https:\/\/roveyayinevi.com.tr\/index.php\/wp-json\/wp\/v2\/product_tag?post=740781"}],"curies":[{"name":"wp","href":"https:\/\/api.w.org\/{rel}","templated":true}]}}