{"id":740776,"date":"2025-08-28T00:34:46","date_gmt":"2025-08-27T21:34:46","guid":{"rendered":"https:\/\/roveyayinevi.com.tr\/index.php\/urun\/islami-gorsel-kultur-1100-1800-islam-sanati-calismalarinin-insasi-ii\/"},"modified":"2026-03-02T03:04:07","modified_gmt":"2026-03-02T00:04:07","slug":"islami-gorsel-kultur-1100-1800-islam-sanati-calismalarinin-insasi-ii","status":"publish","type":"product","link":"https:\/\/roveyayinevi.com.tr\/index.php\/urun\/islami-gorsel-kultur-1100-1800-islam-sanati-calismalarinin-insasi-ii\/","title":{"rendered":"\u0130slami G\u00f6rsel K\u00fclt\u00fcr, 1100-1800 (\u0130slam Sanat\u0131 \u00c7al\u0131\u015fmalar\u0131n\u0131n \u0130n\u015fas\u0131 II)"},"content":{"rendered":"<p>Oleg Grabar, \u0130slam Sanat\u0131 \u00c7al\u0131\u015fmalar\u0131n\u0131n \u0130n\u015fas\u0131 ba\u015fl\u0131kl\u0131 d\u00f6rt ciltlik eseriyle \u0130slam sanat\u0131na yo\u011funla\u015fmaktad\u0131r. Bu alan hakk\u0131ndaki bilgimizi, \u0130slam k\u00fclt\u00fcr\u00fc ve tarihi ile b\u00fct\u00fcnle\u015ftirmekte; okura geni\u015f bir perspektif sunmaktad\u0131r. Sanat teorilerinin ve Bat\u0131 sanat\u0131na ait unsurlar\u0131n da g\u00f6z ard\u0131 edilmedi\u011fi bu eserde \u0130slam sanat\u0131na dair \u00e7e\u015fitli \u00f6rnekler, g\u00f6rselleriyle birlikte, evrensel bir sanat literat\u00fcr\u00fc \u00e7er\u00e7evesinde sunulmaktad\u0131r.  \u00c7e\u015fitli makalelerden olu\u015fan bu eser, \u0130slam sanat\u0131n\u0131 mimari, resim, obje, ikonografi, estetik ve s\u00fcsleme gibi \u00e7e\u015fitli kavramlar\u0131n merce\u011fi alt\u0131nda incelemektedir.   K\u00fclt\u00fcrel a\u00e7\u0131dan \u0130slam sanat\u0131n\u0131n geli\u015fimine tan\u0131k olunan XI. ve XVI. y\u00fczy\u0131llar\u0131 ele alan \u0130slami G\u00f6rsel K\u00fclt\u00fcr, 1100-1800; M\u0131s\u0131r\u2019dan Orta Asya\u2019ya uzanan co\u011frafyaya yer vermektedir. Grabar, bu ciltte resimli el yazmalar\u0131na, minyat\u00fcrlere, camilere, t\u00fcrbelere ve kubbelere yo\u011funla\u015fmakta; farkl\u0131 co\u011frafyalar\u0131n ve h\u00fck\u00fcmdarl\u0131klar\u0131n birer \u00fcr\u00fcn\u00fc olan \u00e7e\u015fitli sanat eserlerini g\u00f6rsel motifler, s\u00fcsleme teknikleri ve mimari formlar ba\u011flam\u0131nda ele almaktad\u0131r.  <\/p>\n","protected":false},"excerpt":{"rendered":"<p>Oleg Grabar, \u0130slam Sanat\u0131 \u00c7al\u0131\u015fmalar\u0131n\u0131n \u0130n\u015fas\u0131 ba\u015fl\u0131kl\u0131 d\u00f6rt ciltlik eseriyle \u0130slam sanat\u0131na yo\u011funla\u015fmaktad\u0131r. Bu alan hakk\u0131ndaki bilgimizi, \u0130slam k\u00fclt\u00fcr\u00fc ve tarihi ile b\u00fct\u00fcnle\u015ftirmekte; okura geni\u015f bir<span class=\"excerpt-hellip\"> [\u2026]<\/span><\/p>\n","protected":false},"featured_media":0,"template":"","meta":{"_monsterinsights_skip_tracking":false,"_monsterinsights_sitenote_active":false,"_monsterinsights_sitenote_note":"","_monsterinsights_sitenote_category":0},"product_brand":[],"product_cat":[12718,12719],"product_tag":[],"class_list":{"0":"post-740776","1":"product","2":"type-product","3":"status-publish","5":"product_cat-din","6":"product_cat-islam","7":"pa_cilt-ciltsiz","8":"pa_tur-kitap","9":"pa_yayinevi-albaraka-yayinlari","10":"pa_yazar-oleg-grabar","12":"first","13":"instock","14":"sale","15":"shipping-taxable","16":"purchasable","17":"product-type-simple"},"_links":{"self":[{"href":"https:\/\/roveyayinevi.com.tr\/index.php\/wp-json\/wp\/v2\/product\/740776","targetHints":{"allow":["GET"]}}],"collection":[{"href":"https:\/\/roveyayinevi.com.tr\/index.php\/wp-json\/wp\/v2\/product"}],"about":[{"href":"https:\/\/roveyayinevi.com.tr\/index.php\/wp-json\/wp\/v2\/types\/product"}],"wp:attachment":[{"href":"https:\/\/roveyayinevi.com.tr\/index.php\/wp-json\/wp\/v2\/media?parent=740776"}],"wp:term":[{"taxonomy":"product_brand","embeddable":true,"href":"https:\/\/roveyayinevi.com.tr\/index.php\/wp-json\/wp\/v2\/product_brand?post=740776"},{"taxonomy":"product_cat","embeddable":true,"href":"https:\/\/roveyayinevi.com.tr\/index.php\/wp-json\/wp\/v2\/product_cat?post=740776"},{"taxonomy":"product_tag","embeddable":true,"href":"https:\/\/roveyayinevi.com.tr\/index.php\/wp-json\/wp\/v2\/product_tag?post=740776"}],"curies":[{"name":"wp","href":"https:\/\/api.w.org\/{rel}","templated":true}]}}