{"id":740775,"date":"2025-08-28T00:34:45","date_gmt":"2025-08-27T21:34:45","guid":{"rendered":"https:\/\/roveyayinevi.com.tr\/index.php\/urun\/martinin-kanadinda-ucan-yengec\/"},"modified":"2026-04-16T02:52:00","modified_gmt":"2026-04-15T23:52:00","slug":"martinin-kanadinda-ucan-yengec","status":"publish","type":"product","link":"https:\/\/roveyayinevi.com.tr\/index.php\/urun\/martinin-kanadinda-ucan-yengec\/","title":{"rendered":"Mart\u0131n\u0131n Kanad\u0131nda U\u00e7an Yenge\u00e7"},"content":{"rendered":"<p>B\u00fct\u00fcn sanatlarda oldu\u011fu gibi ressamlar da i\u00e7sel, ya\u015famsal, empatik duygular\u0131n\u0131 hatta hayal g\u00fc\u00e7lerini eserlerine yans\u0131tt\u0131klar\u0131 kadar ba\u015far\u0131l\u0131d\u0131rlar. Ressam\u0131m\u0131z Y\u0131ld\u0131z G\u00f6nen de soyut ya da somut resimlerinde ya\u015fam\u0131n\u0131n de\u011fi\u015fik anlar\u0131ndaki ruhundan gelen sevgi, \u00f6zg\u00fcrl\u00fck, do\u011fa \u00f6zlemleri gibi duygular\u0131n\u0131n yan\u0131 s\u0131ra bazen de \u00f6fkelerini bile renk ve \u0131\u015f\u0131klar\u0131 ustaca kullanarak f\u0131r\u00e7a darbeleriyle tuvaline aktarmay\u0131 ba\u015farm\u0131\u015ft\u0131r. Bu kitap, edebiyat\u0131n ve resim sanat\u0131n\u0131n harika birle\u015fimidir. <\/p>\n","protected":false},"excerpt":{"rendered":"<p>B\u00fct\u00fcn sanatlarda oldu\u011fu gibi ressamlar da i\u00e7sel, ya\u015famsal, empatik duygular\u0131n\u0131 hatta hayal g\u00fc\u00e7lerini eserlerine yans\u0131tt\u0131klar\u0131 kadar ba\u015far\u0131l\u0131d\u0131rlar. Ressam\u0131m\u0131z Y\u0131ld\u0131z G\u00f6nen de soyut ya da somut resimlerinde<span class=\"excerpt-hellip\"> [\u2026]<\/span><\/p>\n","protected":false},"featured_media":0,"template":"","meta":{"_monsterinsights_skip_tracking":false,"_monsterinsights_sitenote_active":false,"_monsterinsights_sitenote_note":"","_monsterinsights_sitenote_category":0},"product_brand":[],"product_cat":[12291,12509],"product_tag":[],"class_list":{"0":"post-740775","1":"product","2":"type-product","3":"status-publish","5":"product_cat-edebiyat","6":"product_cat-siir","7":"pa_cilt-ciltsiz","8":"pa_tur-kitap","9":"pa_yayinevi-fa-yayinlari","10":"pa_yazar-yildiz-gonen","12":"first","13":"instock","14":"sale","15":"shipping-taxable","16":"purchasable","17":"product-type-simple"},"_links":{"self":[{"href":"https:\/\/roveyayinevi.com.tr\/index.php\/wp-json\/wp\/v2\/product\/740775","targetHints":{"allow":["GET"]}}],"collection":[{"href":"https:\/\/roveyayinevi.com.tr\/index.php\/wp-json\/wp\/v2\/product"}],"about":[{"href":"https:\/\/roveyayinevi.com.tr\/index.php\/wp-json\/wp\/v2\/types\/product"}],"wp:attachment":[{"href":"https:\/\/roveyayinevi.com.tr\/index.php\/wp-json\/wp\/v2\/media?parent=740775"}],"wp:term":[{"taxonomy":"product_brand","embeddable":true,"href":"https:\/\/roveyayinevi.com.tr\/index.php\/wp-json\/wp\/v2\/product_brand?post=740775"},{"taxonomy":"product_cat","embeddable":true,"href":"https:\/\/roveyayinevi.com.tr\/index.php\/wp-json\/wp\/v2\/product_cat?post=740775"},{"taxonomy":"product_tag","embeddable":true,"href":"https:\/\/roveyayinevi.com.tr\/index.php\/wp-json\/wp\/v2\/product_tag?post=740775"}],"curies":[{"name":"wp","href":"https:\/\/api.w.org\/{rel}","templated":true}]}}