{"id":740774,"date":"2025-08-28T00:34:45","date_gmt":"2025-08-27T21:34:45","guid":{"rendered":"https:\/\/roveyayinevi.com.tr\/index.php\/urun\/erken-donem-islam-sanati-650-1100-islam-sanati-calismalarinin-insasi-i\/"},"modified":"2026-04-16T02:52:00","modified_gmt":"2026-04-15T23:52:00","slug":"erken-donem-islam-sanati-650-1100-islam-sanati-calismalarinin-insasi-i","status":"publish","type":"product","link":"https:\/\/roveyayinevi.com.tr\/index.php\/urun\/erken-donem-islam-sanati-650-1100-islam-sanati-calismalarinin-insasi-i\/","title":{"rendered":"Erken D\u00f6nem \u0130slam Sanat\u0131, 650-1100 (\u0130slam Sanat\u0131 \u00c7al\u0131\u015fmalar\u0131n\u0131n \u0130n\u015fas\u0131 I)"},"content":{"rendered":"<p>Oleg Grabar, \u0130slam Sanat\u0131 \u00c7al\u0131\u015fmalar\u0131n\u0131n \u0130n\u015fas\u0131 ba\u015fl\u0131kl\u0131 d\u00f6rt ciltlik eseriyle \u0130slam sanat\u0131na yo\u011funla\u015fmaktad\u0131r. Bu alan hakk\u0131ndaki bilgimizi, \u0130slam k\u00fclt\u00fcr\u00fc ve tarihi ile b\u00fct\u00fcnle\u015ftirmekte; okura geni\u015f bir perspektif sunmaktad\u0131r. Sanat teorilerinin ve Bat\u0131 sanat\u0131na ait unsurlar\u0131n da g\u00f6z ard\u0131 edilmedi\u011fi bu eserde \u0130slam sanat\u0131na dair \u00e7e\u015fitli \u00f6rnekler, g\u00f6rselleriyle birlikte, evrensel bir sanat literat\u00fcr\u00fc \u00e7er\u00e7evesinde sunulmaktad\u0131r.  \u00c7e\u015fitli makalelerden olu\u015fan bu eser, \u0130slam sanat\u0131n\u0131 mimari, resim, obje, ikonografi, estetik ve s\u00fcsleme gibi \u00e7e\u015fitli kavramlar\u0131n merce\u011fi alt\u0131nda incelemektedir.   \u0130slami sanat tarihinin yakla\u015f\u0131k olarak ilk 450 y\u0131l\u0131n\u0131 ela alan Erken D\u00f6nem \u0130slam Sanat\u0131, 650-1100; \u0130spanya, Suriye, M\u0131s\u0131r, \u0130ran gibi \u00e7e\u015fitli co\u011frafyalara ve Emev\u00ee, F\u00e2t\u0131m\u00ee, S\u00e2s\u00e2n\u00ee gibi \u00e7e\u015fitli hanedanl\u0131klara odaklanmaktad\u0131r. Grabar, \u0130slam k\u00fclt\u00fcr\u00fcn\u00fcn geni\u015f co\u011frafyalara yay\u0131lmas\u0131nda sanat\u0131n\u0131n en etkili unsurlardan biri oldu\u011funu savunmakta ve elinizdeki ciltle birlikte \u0130slami sanat\u0131n ilk y\u00fczy\u0131llar\u0131n\u0131n y\u00f6n verici niteli\u011finin anla\u015f\u0131lmas\u0131na \u00f6nemli katk\u0131larda bulunmaktad\u0131r.  <\/p>\n","protected":false},"excerpt":{"rendered":"<p>Oleg Grabar, \u0130slam Sanat\u0131 \u00c7al\u0131\u015fmalar\u0131n\u0131n \u0130n\u015fas\u0131 ba\u015fl\u0131kl\u0131 d\u00f6rt ciltlik eseriyle \u0130slam sanat\u0131na yo\u011funla\u015fmaktad\u0131r. Bu alan hakk\u0131ndaki bilgimizi, \u0130slam k\u00fclt\u00fcr\u00fc ve tarihi ile b\u00fct\u00fcnle\u015ftirmekte; okura geni\u015f bir<span class=\"excerpt-hellip\"> [\u2026]<\/span><\/p>\n","protected":false},"featured_media":0,"template":"","meta":{"_monsterinsights_skip_tracking":false,"_monsterinsights_sitenote_active":false,"_monsterinsights_sitenote_note":"","_monsterinsights_sitenote_category":0},"product_brand":[],"product_cat":[44608,12408],"product_tag":[],"class_list":{"0":"post-740774","1":"product","2":"type-product","3":"status-publish","5":"product_cat-diger-sanat","6":"product_cat-sanat","7":"pa_cilt-ciltsiz","8":"pa_tur-kitap","9":"pa_yayinevi-albaraka-yayinlari","10":"pa_yazar-oleg-grabar","12":"first","13":"instock","14":"sale","15":"shipping-taxable","16":"purchasable","17":"product-type-simple"},"_links":{"self":[{"href":"https:\/\/roveyayinevi.com.tr\/index.php\/wp-json\/wp\/v2\/product\/740774","targetHints":{"allow":["GET"]}}],"collection":[{"href":"https:\/\/roveyayinevi.com.tr\/index.php\/wp-json\/wp\/v2\/product"}],"about":[{"href":"https:\/\/roveyayinevi.com.tr\/index.php\/wp-json\/wp\/v2\/types\/product"}],"wp:attachment":[{"href":"https:\/\/roveyayinevi.com.tr\/index.php\/wp-json\/wp\/v2\/media?parent=740774"}],"wp:term":[{"taxonomy":"product_brand","embeddable":true,"href":"https:\/\/roveyayinevi.com.tr\/index.php\/wp-json\/wp\/v2\/product_brand?post=740774"},{"taxonomy":"product_cat","embeddable":true,"href":"https:\/\/roveyayinevi.com.tr\/index.php\/wp-json\/wp\/v2\/product_cat?post=740774"},{"taxonomy":"product_tag","embeddable":true,"href":"https:\/\/roveyayinevi.com.tr\/index.php\/wp-json\/wp\/v2\/product_tag?post=740774"}],"curies":[{"name":"wp","href":"https:\/\/api.w.org\/{rel}","templated":true}]}}