{"id":740773,"date":"2025-08-28T00:34:43","date_gmt":"2025-08-27T21:34:43","guid":{"rendered":"https:\/\/roveyayinevi.com.tr\/index.php\/urun\/yunan-mitolojisi\/"},"modified":"2026-04-16T02:52:00","modified_gmt":"2026-04-15T23:52:00","slug":"yunan-mitolojisi","status":"publish","type":"product","link":"https:\/\/roveyayinevi.com.tr\/index.php\/urun\/yunan-mitolojisi\/","title":{"rendered":"Yunan Mitolojisi"},"content":{"rendered":"<p>Kehanetler, de\u011fi\u015ftirilemez kaderin \u00f6n\u00fcne ge\u00e7ilemeyen sonu\u00e7lar\u0131, dileklerin \u00f6denmesi gereken bedelleri, asla k\u0131zd\u0131r\u0131lmamas\u0131 gereken tanr\u0131lar\u0131n gazab\u0131, beklenen kurtar\u0131c\u0131lar, kahraman yar\u0131 tanr\u0131lar, lanetliler, asla do\u011fmamas\u0131 gerekenler, masumlar, kand\u0131r\u0131lanlar\u2026Yunan mitolojisinin kaotik ili\u015fkiler a\u011f\u0131na yal\u0131n bir dokunu\u015f yapan Burcu Camc\u0131 ve Leonidas Galariotis, Yunan panteonuna dair bilgiyi, mitlerin kendine has anlat\u0131 mant\u0131\u011f\u0131n\u0131 k\u0131rmadan g\u00fcn\u00fcm\u00fcz insan\u0131n\u0131n al\u0131\u015f\u0131k oldu\u011fu anlat\u0131 ak\u0131\u015f\u0131 ile uyumlu hale getirerek veriyor. Kahraman kadrosu son derece zengin, birbirinden renkli olaylar\u0131n ve s\u00fcr\u00fckleyici maceralar\u0131n ya\u015fand\u0131\u011f\u0131 ve pek \u00e7ok varyant\u0131 olan bu mitlerden bir ba\u015flang\u0131\u00e7 se\u00e7kisi sunuyor. Yazar\u0131n da dedi\u011fi gibi bu kitap Antik Yunan\u2019\u0131n mitoloji evreni i\u00e7in size rehberlik ediyor.<\/p>\n","protected":false},"excerpt":{"rendered":"<p>Kehanetler, de\u011fi\u015ftirilemez kaderin \u00f6n\u00fcne ge\u00e7ilemeyen sonu\u00e7lar\u0131, dileklerin \u00f6denmesi gereken bedelleri, asla k\u0131zd\u0131r\u0131lmamas\u0131 gereken tanr\u0131lar\u0131n gazab\u0131, beklenen kurtar\u0131c\u0131lar, kahraman yar\u0131 tanr\u0131lar, lanetliler, asla do\u011fmamas\u0131 gerekenler, masumlar, kand\u0131r\u0131lanlar\u2026Yunan<span class=\"excerpt-hellip\"> [\u2026]<\/span><\/p>\n","protected":false},"featured_media":0,"template":"","meta":{"_monsterinsights_skip_tracking":false,"_monsterinsights_sitenote_active":false,"_monsterinsights_sitenote_note":"","_monsterinsights_sitenote_category":0},"product_brand":[],"product_cat":[12291,13706],"product_tag":[],"class_list":{"0":"post-740773","1":"product","2":"type-product","3":"status-publish","5":"product_cat-edebiyat","6":"product_cat-efsane-destan-masal","7":"pa_cilt-ciltsiz","8":"pa_tur-kitap","9":"pa_yayinevi-kara-karga-yayinlari","10":"pa_yazar-kollektif","12":"first","13":"instock","14":"sale","15":"shipping-taxable","16":"purchasable","17":"product-type-simple"},"_links":{"self":[{"href":"https:\/\/roveyayinevi.com.tr\/index.php\/wp-json\/wp\/v2\/product\/740773","targetHints":{"allow":["GET"]}}],"collection":[{"href":"https:\/\/roveyayinevi.com.tr\/index.php\/wp-json\/wp\/v2\/product"}],"about":[{"href":"https:\/\/roveyayinevi.com.tr\/index.php\/wp-json\/wp\/v2\/types\/product"}],"wp:attachment":[{"href":"https:\/\/roveyayinevi.com.tr\/index.php\/wp-json\/wp\/v2\/media?parent=740773"}],"wp:term":[{"taxonomy":"product_brand","embeddable":true,"href":"https:\/\/roveyayinevi.com.tr\/index.php\/wp-json\/wp\/v2\/product_brand?post=740773"},{"taxonomy":"product_cat","embeddable":true,"href":"https:\/\/roveyayinevi.com.tr\/index.php\/wp-json\/wp\/v2\/product_cat?post=740773"},{"taxonomy":"product_tag","embeddable":true,"href":"https:\/\/roveyayinevi.com.tr\/index.php\/wp-json\/wp\/v2\/product_tag?post=740773"}],"curies":[{"name":"wp","href":"https:\/\/api.w.org\/{rel}","templated":true}]}}