{"id":740772,"date":"2025-08-28T00:34:43","date_gmt":"2025-08-27T21:34:43","guid":{"rendered":"https:\/\/roveyayinevi.com.tr\/index.php\/urun\/xvii-yuzyil-dunyasinda-venedik-avusturya-ve-turkler\/"},"modified":"2026-04-16T02:52:00","modified_gmt":"2026-04-15T23:52:00","slug":"xvii-yuzyil-dunyasinda-venedik-avusturya-ve-turkler","status":"publish","type":"product","link":"https:\/\/roveyayinevi.com.tr\/index.php\/urun\/xvii-yuzyil-dunyasinda-venedik-avusturya-ve-turkler\/","title":{"rendered":"XVII. Y\u00fczy\u0131l D\u00fcnyas\u0131nda Venedik, Avusturya ve T\u00fcrkler"},"content":{"rendered":"<p>1645-1669 y\u0131llar\u0131 aras\u0131nda ger\u00e7ekle\u015fen Girit Sava\u015f\u0131&#8217;nda aday\u0131 T\u00fcrklere kapt\u0131ran Venedik, 1684&#8217;te Mora Sava\u015f\u0131&#8217;yla birlikte Bab\u0131ali ile tekrar kar\u015f\u0131 kar\u015f\u0131ya gelmi\u015f ve sava\u015f Venedik Cumhuriyeti&#8217;nin Mora&#8217;y\u0131 fethiyle sonu\u00e7lanm\u0131\u015ft\u0131r. Amerikal\u0131 tarih\u00e7i Kenneth M. Setton, Venedik-Osmanl\u0131 \u0130mparatorlu\u011fu aras\u0131ndaki ili\u015fkileri, 1618 -1648 y\u0131llar\u0131 aras\u0131nda Avrupal\u0131 g\u00fc\u00e7ler aras\u0131nda ger\u00e7ekle\u015fen Otuz Y\u0131l Sava\u015flar\u0131&#8217;n\u0131n sundu\u011fu arka plandan hareketle ele alarak bu ili\u015fkilerin k\u0131sa ancak bir o kadar yo\u011fun bir incelemesini sunmaktad\u0131r.   Kitap, XVII. y\u00fczy\u0131lda Osmanl\u0131 \u0130mparatorlu\u011fu ve Venedik aras\u0131ndaki siyasi ve diplomatik ili\u015fkiler \u00fczerinde ara\u015ft\u0131rma yapanlar veya bu d\u00f6nemi ayr\u0131nt\u0131lar\u0131yla \u00f6\u011frenmek isteyenler i\u00e7in e\u015fsiz bir kaynak niteli\u011findedir.  <\/p>\n","protected":false},"excerpt":{"rendered":"<p>1645-1669 y\u0131llar\u0131 aras\u0131nda ger\u00e7ekle\u015fen Girit Sava\u015f\u0131&#8217;nda aday\u0131 T\u00fcrklere kapt\u0131ran Venedik, 1684&#8217;te Mora Sava\u015f\u0131&#8217;yla birlikte Bab\u0131ali ile tekrar kar\u015f\u0131 kar\u015f\u0131ya gelmi\u015f ve sava\u015f Venedik Cumhuriyeti&#8217;nin Mora&#8217;y\u0131 fethiyle<span class=\"excerpt-hellip\"> [\u2026]<\/span><\/p>\n","protected":false},"featured_media":0,"template":"","meta":{"_monsterinsights_skip_tracking":false,"_monsterinsights_sitenote_active":false,"_monsterinsights_sitenote_note":"","_monsterinsights_sitenote_category":0},"product_brand":[],"product_cat":[12312,12304],"product_tag":[],"class_list":{"0":"post-740772","1":"product","2":"type-product","3":"status-publish","5":"product_cat-diger","6":"product_cat-tarih","7":"pa_cilt-ciltsiz","8":"pa_tur-kitap","9":"pa_yayinevi-albaraka-yayinlari","10":"pa_yazar-kenneth-m-setton","12":"first","13":"instock","14":"sale","15":"shipping-taxable","16":"purchasable","17":"product-type-simple"},"_links":{"self":[{"href":"https:\/\/roveyayinevi.com.tr\/index.php\/wp-json\/wp\/v2\/product\/740772","targetHints":{"allow":["GET"]}}],"collection":[{"href":"https:\/\/roveyayinevi.com.tr\/index.php\/wp-json\/wp\/v2\/product"}],"about":[{"href":"https:\/\/roveyayinevi.com.tr\/index.php\/wp-json\/wp\/v2\/types\/product"}],"wp:attachment":[{"href":"https:\/\/roveyayinevi.com.tr\/index.php\/wp-json\/wp\/v2\/media?parent=740772"}],"wp:term":[{"taxonomy":"product_brand","embeddable":true,"href":"https:\/\/roveyayinevi.com.tr\/index.php\/wp-json\/wp\/v2\/product_brand?post=740772"},{"taxonomy":"product_cat","embeddable":true,"href":"https:\/\/roveyayinevi.com.tr\/index.php\/wp-json\/wp\/v2\/product_cat?post=740772"},{"taxonomy":"product_tag","embeddable":true,"href":"https:\/\/roveyayinevi.com.tr\/index.php\/wp-json\/wp\/v2\/product_tag?post=740772"}],"curies":[{"name":"wp","href":"https:\/\/api.w.org\/{rel}","templated":true}]}}