{"id":740770,"date":"2025-08-28T00:34:41","date_gmt":"2025-08-27T21:34:41","guid":{"rendered":"https:\/\/roveyayinevi.com.tr\/index.php\/urun\/islami-kalkinma-icin-bir-model-islami-ahlak-ekonomisinde-bir-yaklasim\/"},"modified":"2026-04-16T02:52:00","modified_gmt":"2026-04-15T23:52:00","slug":"islami-kalkinma-icin-bir-model-islami-ahlak-ekonomisinde-bir-yaklasim","status":"publish","type":"product","link":"https:\/\/roveyayinevi.com.tr\/index.php\/urun\/islami-kalkinma-icin-bir-model-islami-ahlak-ekonomisinde-bir-yaklasim\/","title":{"rendered":"\u0130slami Kalk\u0131nma \u0130\u00e7in Bir Model \u0130slami Ahlak Ekonomisinde Bir Yakla\u015f\u0131m"},"content":{"rendered":"<p>Shafiullah Jan ve Mehmet Asutay, \u0130slami Kalk\u0131nma \u0130\u00e7in Bir Model kitab\u0131nda okurlar\u0131na kapitalizme ve sosyalizme alternatif bir ekonomik ve sosyal sistem olarak \u00f6nerdikleri \u0130slam Ahlak Ekonomisi\u2019ni (\u0130AE) (Islamic Moral Economy\/IME) t\u00fcm ayr\u0131nt\u0131lar\u0131yla sunuyorlar.   Yazarlar ayr\u0131ca, M\u00fcsl\u00fcman \u00fclkelerin kalk\u0131nma noktas\u0131ndaki ba\u015far\u0131s\u0131zl\u0131klar\u0131n\u0131n, Avrupa merkezli bir kalk\u0131nma stratejisinden ziyade, \u0130slam ahlak\u0131n\u0131 ve de\u011ferlerini merkeze alan alternatif bir \u201cahlak ekonomisi\u201d ile \u00fcstesinden gelinebilece\u011fini savunuyorlar.   Ahlak\u0131 merkeze alan bu \u00f6zg\u00fcn yakla\u015f\u0131mlar\u0131yla yazarlar, \u0130slami bankac\u0131l\u0131k ve finans kurumlar\u0131n\u0131n geli\u015fimlerini, \u0130slam Ahlak Ekonomisi modelinin gayeleriyle ba\u011flant\u0131l\u0131 olarak ele\u015ftirel \u015fekilde mercek alt\u0131na al\u0131yorlar. Bununla beraber kitap, \u0130slam ahlak\u0131 ve de\u011ferlerine uygun kamu politikalar\u0131 geli\u015ftirme \u00e7abas\u0131ndaki politika yap\u0131c\u0131lar ve karar al\u0131c\u0131lar i\u00e7in de referans niteli\u011findedir. <\/p>\n","protected":false},"excerpt":{"rendered":"<p>Shafiullah Jan ve Mehmet Asutay, \u0130slami Kalk\u0131nma \u0130\u00e7in Bir Model kitab\u0131nda okurlar\u0131na kapitalizme ve sosyalizme alternatif bir ekonomik ve sosyal sistem olarak \u00f6nerdikleri \u0130slam Ahlak Ekonomisi\u2019ni<span class=\"excerpt-hellip\"> [\u2026]<\/span><\/p>\n","protected":false},"featured_media":0,"template":"","meta":{"_monsterinsights_skip_tracking":false,"_monsterinsights_sitenote_active":false,"_monsterinsights_sitenote_note":"","_monsterinsights_sitenote_category":0},"product_brand":[],"product_cat":[12718,12719],"product_tag":[],"class_list":{"0":"post-740770","1":"product","2":"type-product","3":"status-publish","5":"product_cat-din","6":"product_cat-islam","7":"pa_cilt-ciltsiz","8":"pa_tur-kitap","9":"pa_yayinevi-albaraka-yayinlari","10":"pa_yazar-shafiullah-jan-mehmet-asutay","12":"first","13":"instock","14":"sale","15":"shipping-taxable","16":"purchasable","17":"product-type-simple"},"_links":{"self":[{"href":"https:\/\/roveyayinevi.com.tr\/index.php\/wp-json\/wp\/v2\/product\/740770","targetHints":{"allow":["GET"]}}],"collection":[{"href":"https:\/\/roveyayinevi.com.tr\/index.php\/wp-json\/wp\/v2\/product"}],"about":[{"href":"https:\/\/roveyayinevi.com.tr\/index.php\/wp-json\/wp\/v2\/types\/product"}],"wp:attachment":[{"href":"https:\/\/roveyayinevi.com.tr\/index.php\/wp-json\/wp\/v2\/media?parent=740770"}],"wp:term":[{"taxonomy":"product_brand","embeddable":true,"href":"https:\/\/roveyayinevi.com.tr\/index.php\/wp-json\/wp\/v2\/product_brand?post=740770"},{"taxonomy":"product_cat","embeddable":true,"href":"https:\/\/roveyayinevi.com.tr\/index.php\/wp-json\/wp\/v2\/product_cat?post=740770"},{"taxonomy":"product_tag","embeddable":true,"href":"https:\/\/roveyayinevi.com.tr\/index.php\/wp-json\/wp\/v2\/product_tag?post=740770"}],"curies":[{"name":"wp","href":"https:\/\/api.w.org\/{rel}","templated":true}]}}