{"id":740769,"date":"2025-08-28T00:34:40","date_gmt":"2025-08-27T21:34:40","guid":{"rendered":"https:\/\/roveyayinevi.com.tr\/index.php\/urun\/komama-tarihi-ve-sikkeleri\/"},"modified":"2026-04-16T02:52:00","modified_gmt":"2026-04-15T23:52:00","slug":"komama-tarihi-ve-sikkeleri","status":"publish","type":"product","link":"https:\/\/roveyayinevi.com.tr\/index.php\/urun\/komama-tarihi-ve-sikkeleri\/","title":{"rendered":"Komama Tarihi ve Sikkeleri"},"content":{"rendered":"<p>Komama, Pisidia b\u00f6lgesi s\u0131n\u0131rlar\u0131 i\u00e7erisinde Milyas olarak adland\u0131r\u0131lan k\u0131s\u0131mda bug\u00fcn Burdur ili Bucak il\u00e7esi \u00dcrk\u00fctl\u00fc k\u00f6y\u00fcnde yer alan \u015eeref H\u00f6y\u00fck olarak bilinmektedir. H\u00f6y\u00fckteki yerle\u015fim izleri Prehistorik \u00c7a\u011flara kadar geriye gitmektedir. Yerle\u015fim, olas\u0131l\u0131kla Roma\u2019n\u0131n Asia Eyaleti\u2019nin tesis edildi\u011fi M\u00d6 129-126 y\u0131llar\u0131nda Hellen tarz\u0131 bir polis\/kent devleti \u015feklinde organize olmu\u015ftur. Augustus\u2019un emriyle M\u00d6 6 y\u0131l\u0131nda da bir Roma kolonisi haline getirilmi\u015ftir. Kent varl\u0131\u011f\u0131n\u0131 Ge\u00e7 Antik \u00c7a\u011f\u2019a kadar s\u00fcrd\u00fcrm\u00fc\u015ft\u00fcr. \u0130lk sikkelerini M\u00d6 120\u2019li y\u0131llarda darp etmeye ba\u015flayan Komama, Roma kolonisi oldu\u011fu d\u00f6neme kadar da sikke darb\u0131na devam etmi\u015ftir. Koloni olarak ilk sikkelerini ancak Antoninus Pius D\u00f6nemi\u2019nde darp etmeye ba\u015flayan kent son sikkelerini de Herennius Etruscus D\u00f6nemi\u2019nde darp etmi\u015ftir.   <\/p>\n","protected":false},"excerpt":{"rendered":"<p>Komama, Pisidia b\u00f6lgesi s\u0131n\u0131rlar\u0131 i\u00e7erisinde Milyas olarak adland\u0131r\u0131lan k\u0131s\u0131mda bug\u00fcn Burdur ili Bucak il\u00e7esi \u00dcrk\u00fctl\u00fc k\u00f6y\u00fcnde yer alan \u015eeref H\u00f6y\u00fck olarak bilinmektedir. H\u00f6y\u00fckteki yerle\u015fim izleri Prehistorik<span class=\"excerpt-hellip\"> [\u2026]<\/span><\/p>\n","protected":false},"featured_media":0,"template":"","meta":{"_monsterinsights_skip_tracking":false,"_monsterinsights_sitenote_active":false,"_monsterinsights_sitenote_note":"","_monsterinsights_sitenote_category":0},"product_brand":[],"product_cat":[12370,12304],"product_tag":[],"class_list":{"0":"post-740769","1":"product","2":"type-product","3":"status-publish","5":"product_cat-arastirma-inceleme","6":"product_cat-tarih","7":"pa_cilt-ciltsiz","8":"pa_tur-kitap","9":"pa_yayinevi-myrina-yayinlari","10":"pa_yazar-huseyin-koker","12":"first","13":"instock","14":"sale","15":"shipping-taxable","16":"purchasable","17":"product-type-simple"},"_links":{"self":[{"href":"https:\/\/roveyayinevi.com.tr\/index.php\/wp-json\/wp\/v2\/product\/740769","targetHints":{"allow":["GET"]}}],"collection":[{"href":"https:\/\/roveyayinevi.com.tr\/index.php\/wp-json\/wp\/v2\/product"}],"about":[{"href":"https:\/\/roveyayinevi.com.tr\/index.php\/wp-json\/wp\/v2\/types\/product"}],"wp:attachment":[{"href":"https:\/\/roveyayinevi.com.tr\/index.php\/wp-json\/wp\/v2\/media?parent=740769"}],"wp:term":[{"taxonomy":"product_brand","embeddable":true,"href":"https:\/\/roveyayinevi.com.tr\/index.php\/wp-json\/wp\/v2\/product_brand?post=740769"},{"taxonomy":"product_cat","embeddable":true,"href":"https:\/\/roveyayinevi.com.tr\/index.php\/wp-json\/wp\/v2\/product_cat?post=740769"},{"taxonomy":"product_tag","embeddable":true,"href":"https:\/\/roveyayinevi.com.tr\/index.php\/wp-json\/wp\/v2\/product_tag?post=740769"}],"curies":[{"name":"wp","href":"https:\/\/api.w.org\/{rel}","templated":true}]}}