{"id":740766,"date":"2025-08-28T00:34:37","date_gmt":"2025-08-27T21:34:37","guid":{"rendered":"https:\/\/roveyayinevi.com.tr\/index.php\/urun\/guzel-dunya-neredesin\/"},"modified":"2026-04-16T02:52:00","modified_gmt":"2026-04-15T23:52:00","slug":"guzel-dunya-neredesin","status":"publish","type":"product","link":"https:\/\/roveyayinevi.com.tr\/index.php\/urun\/guzel-dunya-neredesin\/","title":{"rendered":"G\u00fczel D\u00fcnya Neredesin?"},"content":{"rendered":"<p>Alice ve Eileen, farkl\u0131 \u015fehirlerde ya\u015fayan, otuzlar\u0131na yakla\u015fan iki arkada\u015f. Roman yazar\u0131 Alice, fl\u00f6rt uygulamas\u0131 sayesinde bir depo i\u015f\u00e7isi olan Felix\u2019le tan\u0131\u015f\u0131p yak\u0131nla\u015f\u0131r. Eileen ise sona eren ili\u015fkisinin yaralar\u0131n\u0131 sarmaya \u00e7abalarken bir yandan da \u00e7ocukluk arkada\u015f\u0131 Simon\u2019\u0131n \u00e7ekimine kap\u0131ld\u0131\u011f\u0131n\u0131 hisseder. Alice ve Eileen ili\u015fkiler, sanat, edebiyat ve g\u00fcnbeg\u00fcn belirsizle\u015fen gelecekleri hakk\u0131nda yaz\u0131\u015f\u0131rken hem arkada\u015fl\u0131klar\u0131n\u0131 hem de hayata bak\u0131\u015flar\u0131n\u0131 sorgulamaya ba\u015flarlar. Zira a\u015fklar\u0131na, kalp k\u0131r\u0131kl\u0131klar\u0131na, g\u00fcn\u00fc ya\u015famaya ve muhabbetlerine tepelerinden ayr\u0131lmak bilmeyen bir bulut e\u015flik eder. Karanl\u0131ktan \u00f6nceki son durak m\u0131d\u0131r bu? G\u00fczel bir d\u00fcnyan\u0131n varl\u0131\u011f\u0131na inanman\u0131n bir yolu var m\u0131d\u0131r? Sally Rooney insan do\u011fas\u0131n\u0131 kavray\u0131\u015f\u0131ndaki yetene\u011fini bir kez daha samimi ve yal\u0131n bir dille g\u00f6zler \u00f6n\u00fcne seriyor. \u201cG\u00fczel D\u00fcnya, Neredesin? Rooney\u2019nin \u015fimdiye dek yazd\u0131\u011f\u0131 en iyi roman. Mizahi ve zeki diyaloglar\u0131yla, birbirleriyle \u00e7aresizce ba\u011f kurmaya \u00e7al\u0131\u015fan karakterleriyle muhte\u015fem bir eser.\u201dBrandon Taylor, The New York Times Book Review \u201cYazar\u0131n yetene\u011fini g\u00f6zler \u00f6n\u00fcne seren bir eser. Diyaloglar asla aksam\u0131yor, nesri sayfay\u0131 yak\u0131p k\u00fcl ediyor.\u201d Anne Enright, The Guardian<\/p>\n","protected":false},"excerpt":{"rendered":"<p>Alice ve Eileen, farkl\u0131 \u015fehirlerde ya\u015fayan, otuzlar\u0131na yakla\u015fan iki arkada\u015f. Roman yazar\u0131 Alice, fl\u00f6rt uygulamas\u0131 sayesinde bir depo i\u015f\u00e7isi olan Felix\u2019le tan\u0131\u015f\u0131p yak\u0131nla\u015f\u0131r. Eileen ise sona<span class=\"excerpt-hellip\"> [\u2026]<\/span><\/p>\n","protected":false},"featured_media":0,"template":"","meta":{"_monsterinsights_skip_tracking":false,"_monsterinsights_sitenote_active":false,"_monsterinsights_sitenote_note":"","_monsterinsights_sitenote_category":0},"product_brand":[],"product_cat":[12291,12711],"product_tag":[],"class_list":{"0":"post-740766","1":"product","2":"type-product","3":"status-publish","5":"product_cat-edebiyat","6":"product_cat-roman-oyku","7":"pa_cilt-ciltsiz","8":"pa_tur-kitap","9":"pa_yayinevi-can-yayinlari","10":"pa_yazar-sally-rooney","12":"first","13":"instock","14":"sale","15":"shipping-taxable","16":"purchasable","17":"product-type-simple"},"_links":{"self":[{"href":"https:\/\/roveyayinevi.com.tr\/index.php\/wp-json\/wp\/v2\/product\/740766","targetHints":{"allow":["GET"]}}],"collection":[{"href":"https:\/\/roveyayinevi.com.tr\/index.php\/wp-json\/wp\/v2\/product"}],"about":[{"href":"https:\/\/roveyayinevi.com.tr\/index.php\/wp-json\/wp\/v2\/types\/product"}],"wp:attachment":[{"href":"https:\/\/roveyayinevi.com.tr\/index.php\/wp-json\/wp\/v2\/media?parent=740766"}],"wp:term":[{"taxonomy":"product_brand","embeddable":true,"href":"https:\/\/roveyayinevi.com.tr\/index.php\/wp-json\/wp\/v2\/product_brand?post=740766"},{"taxonomy":"product_cat","embeddable":true,"href":"https:\/\/roveyayinevi.com.tr\/index.php\/wp-json\/wp\/v2\/product_cat?post=740766"},{"taxonomy":"product_tag","embeddable":true,"href":"https:\/\/roveyayinevi.com.tr\/index.php\/wp-json\/wp\/v2\/product_tag?post=740766"}],"curies":[{"name":"wp","href":"https:\/\/api.w.org\/{rel}","templated":true}]}}