{"id":740760,"date":"2025-08-28T00:34:30","date_gmt":"2025-08-27T21:34:30","guid":{"rendered":"https:\/\/roveyayinevi.com.tr\/index.php\/urun\/mobil-oyun-dunyasinda-marka-hatirlanirligi-ve-gorsel-dikkatin-onemi\/"},"modified":"2026-04-16T02:52:00","modified_gmt":"2026-04-15T23:52:00","slug":"mobil-oyun-dunyasinda-marka-hatirlanirligi-ve-gorsel-dikkatin-onemi","status":"publish","type":"product","link":"https:\/\/roveyayinevi.com.tr\/index.php\/urun\/mobil-oyun-dunyasinda-marka-hatirlanirligi-ve-gorsel-dikkatin-onemi\/","title":{"rendered":"Mobil Oyun D\u00fcnyas\u0131nda Marka Hat\u0131rlan\u0131rl\u0131\u011f\u0131 ve G\u00f6rsel Dikkatin \u00d6nemi"},"content":{"rendered":"<p>\u0130\u00e7indekiler   B\u00d6L\u00dcM I Mobil Oyunlar ve Uygulama-\u0130\u00e7i Reklamlar Mobil D\u00fcnya ve Platformlar\u0131 Mobil Uygulamalar ve Oyunlar Mobil Pazarlama Arac\u0131 Olarak Mobil Uygulamalar Mobil Uygulama Olarak Mobil Spor Oyunlar\u0131 Mobil Oyunlarda Uygulama-\u0130\u00e7i Reklamlar   B\u00d6L\u00dcM II Marka Hat\u0131rlan\u0131rl\u0131\u011f\u0131 Marka Hat\u0131rlan\u0131rl\u0131\u011f\u0131n\u0131n \u00d6l\u00e7\u00fclmesi Marka Hat\u0131rlan\u0131rl\u0131\u011f\u0131n\u0131 \u00d6l\u00e7me Y\u00f6ntemleri B\u00d6L\u00dcM III G\u00f6rsel Dikkat G\u00f6rsel Dikkatin Olu\u0122mas\u0131nda G\u00f6z\u00fcn Yap\u0131s\u0131 ve Hareketleri G\u00f6z Hareketlerinin \u0130zlenmesi ve \u00d6l\u00e7\u00fclmesi G\u00f6rsel Dikkat ve Haf\u0131za <\/p>\n","protected":false},"excerpt":{"rendered":"<p>\u0130\u00e7indekiler B\u00d6L\u00dcM I Mobil Oyunlar ve Uygulama-\u0130\u00e7i Reklamlar Mobil D\u00fcnya ve Platformlar\u0131 Mobil Uygulamalar ve Oyunlar Mobil Pazarlama Arac\u0131 Olarak Mobil Uygulamalar Mobil Uygulama Olarak Mobil<span class=\"excerpt-hellip\"> [\u2026]<\/span><\/p>\n","protected":false},"featured_media":0,"template":"","meta":{"_monsterinsights_skip_tracking":false,"_monsterinsights_sitenote_active":false,"_monsterinsights_sitenote_note":"","_monsterinsights_sitenote_category":0},"product_brand":[],"product_cat":[12573,12566],"product_tag":[],"class_list":{"0":"post-740760","1":"product","2":"type-product","3":"status-publish","5":"product_cat-akademik-kitaplar","6":"product_cat-egitim","7":"pa_cilt-ciltsiz","8":"pa_tur-kitap","9":"pa_yayinevi-gazi-kitabevi","10":"pa_yazar-umit-can-buyukakgul-hakan-katirci","12":"first","13":"instock","14":"sale","15":"shipping-taxable","16":"purchasable","17":"product-type-simple"},"_links":{"self":[{"href":"https:\/\/roveyayinevi.com.tr\/index.php\/wp-json\/wp\/v2\/product\/740760","targetHints":{"allow":["GET"]}}],"collection":[{"href":"https:\/\/roveyayinevi.com.tr\/index.php\/wp-json\/wp\/v2\/product"}],"about":[{"href":"https:\/\/roveyayinevi.com.tr\/index.php\/wp-json\/wp\/v2\/types\/product"}],"wp:attachment":[{"href":"https:\/\/roveyayinevi.com.tr\/index.php\/wp-json\/wp\/v2\/media?parent=740760"}],"wp:term":[{"taxonomy":"product_brand","embeddable":true,"href":"https:\/\/roveyayinevi.com.tr\/index.php\/wp-json\/wp\/v2\/product_brand?post=740760"},{"taxonomy":"product_cat","embeddable":true,"href":"https:\/\/roveyayinevi.com.tr\/index.php\/wp-json\/wp\/v2\/product_cat?post=740760"},{"taxonomy":"product_tag","embeddable":true,"href":"https:\/\/roveyayinevi.com.tr\/index.php\/wp-json\/wp\/v2\/product_tag?post=740760"}],"curies":[{"name":"wp","href":"https:\/\/api.w.org\/{rel}","templated":true}]}}