{"id":740756,"date":"2025-08-28T00:34:25","date_gmt":"2025-08-27T21:34:25","guid":{"rendered":"https:\/\/roveyayinevi.com.tr\/index.php\/urun\/disney-esrarengiz-kasaba-gizemli-cikartma-albumu\/"},"modified":"2026-04-16T02:51:59","modified_gmt":"2026-04-15T23:51:59","slug":"disney-esrarengiz-kasaba-gizemli-cikartma-albumu","status":"publish","type":"product","link":"https:\/\/roveyayinevi.com.tr\/index.php\/urun\/disney-esrarengiz-kasaba-gizemli-cikartma-albumu\/","title":{"rendered":"Disney Esrarengiz Kasaba Gizemli \u00c7\u0131kartma Alb\u00fcm\u00fc"},"content":{"rendered":"<p>Dipper ve Mabel, Esrarengiz Kasaba\u2019da inan\u0131lmaz maceralar ya\u015f\u0131yorlar.   \u00c7\u0131kartmalar\u0131n\u0131 kullanarak sen de onlara kat\u0131l ve sevilen animasyon dizisinin en komik anlar\u0131n\u0131 yeniden ya\u015fa! E\u011flenceyi ikiye katlayabilmen i\u00e7in, bol bol ekstra \u00e7\u0131kartma da bu harika albu\u0308mde seni bekliyor! <\/p>\n","protected":false},"excerpt":{"rendered":"<p>Dipper ve Mabel, Esrarengiz Kasaba\u2019da inan\u0131lmaz maceralar ya\u015f\u0131yorlar. \u00c7\u0131kartmalar\u0131n\u0131 kullanarak sen de onlara kat\u0131l ve sevilen animasyon dizisinin en komik anlar\u0131n\u0131 yeniden ya\u015fa! E\u011flenceyi ikiye katlayabilmen<span class=\"excerpt-hellip\"> [\u2026]<\/span><\/p>\n","protected":false},"featured_media":0,"template":"","meta":{"_monsterinsights_skip_tracking":false,"_monsterinsights_sitenote_active":false,"_monsterinsights_sitenote_note":"","_monsterinsights_sitenote_category":0},"product_brand":[],"product_cat":[12274,12284],"product_tag":[],"class_list":{"0":"post-740756","1":"product","2":"type-product","3":"status-publish","5":"product_cat-cocuk-ve-genclik-kitaplari","6":"product_cat-hikayeler","7":"pa_cilt-ciltsiz","8":"pa_tur-kitap","9":"pa_yayinevi-beta-kids","10":"pa_yazar-beta-kolektif","12":"first","13":"instock","14":"sale","15":"shipping-taxable","16":"purchasable","17":"product-type-simple"},"_links":{"self":[{"href":"https:\/\/roveyayinevi.com.tr\/index.php\/wp-json\/wp\/v2\/product\/740756","targetHints":{"allow":["GET"]}}],"collection":[{"href":"https:\/\/roveyayinevi.com.tr\/index.php\/wp-json\/wp\/v2\/product"}],"about":[{"href":"https:\/\/roveyayinevi.com.tr\/index.php\/wp-json\/wp\/v2\/types\/product"}],"wp:attachment":[{"href":"https:\/\/roveyayinevi.com.tr\/index.php\/wp-json\/wp\/v2\/media?parent=740756"}],"wp:term":[{"taxonomy":"product_brand","embeddable":true,"href":"https:\/\/roveyayinevi.com.tr\/index.php\/wp-json\/wp\/v2\/product_brand?post=740756"},{"taxonomy":"product_cat","embeddable":true,"href":"https:\/\/roveyayinevi.com.tr\/index.php\/wp-json\/wp\/v2\/product_cat?post=740756"},{"taxonomy":"product_tag","embeddable":true,"href":"https:\/\/roveyayinevi.com.tr\/index.php\/wp-json\/wp\/v2\/product_tag?post=740756"}],"curies":[{"name":"wp","href":"https:\/\/api.w.org\/{rel}","templated":true}]}}