{"id":740752,"date":"2025-08-28T00:34:21","date_gmt":"2025-08-27T21:34:21","guid":{"rendered":"https:\/\/roveyayinevi.com.tr\/index.php\/urun\/tek-parti-doneminde-basin-ve-basin-ozgurlugu\/"},"modified":"2026-04-16T02:51:59","modified_gmt":"2026-04-15T23:51:59","slug":"tek-parti-doneminde-basin-ve-basin-ozgurlugu","status":"publish","type":"product","link":"https:\/\/roveyayinevi.com.tr\/index.php\/urun\/tek-parti-doneminde-basin-ve-basin-ozgurlugu\/","title":{"rendered":"Tek Parti D\u00f6neminde Bas\u0131n ve Bas\u0131n \u00d6zg\u00fcrl\u00fc\u011f\u00fc"},"content":{"rendered":"<p>\u0130\u00e7indekiler   \u00b7         Modern Demokrasilerde Bas\u0131n ve Bas\u0131n \u00d6zg\u00fcrl\u00fc\u011f\u00fc \u00b7         Cumhuriyet D\u00f6nemi \u00d6ncesinde Bas\u0131n ve Bas\u0131n \u00d6zg\u00fcrl\u00fc\u011f\u00fc \u00b7         Erken Cumhuriyet D\u00f6neminde Siyasal Muhalefet ve Ele\u015ftiri: Yar\u0131n\u2019\u0131 Okumak \u00b7         Tek Parti D\u00f6nemi Bas\u0131n\u0131nda \u00d6jenik Tart\u0131\u015fmalar\u0131 (1923-1946) \u00b7         Tek Parti D\u00f6nemi Spor Bas\u0131n\u0131nda Ayk\u0131r\u0131 Bir Ses: Refik Osman ve Ya\u011fma Hasan\u2019\u0131n B\u00f6re\u011fi \u00b7         Erken Cumhuriyet D\u00f6nemi Bas\u0131n\u0131nda Dergicilik ve Magazin Dergicili\u011fi       <\/p>\n","protected":false},"excerpt":{"rendered":"<p>\u0130\u00e7indekiler \u00b7 Modern Demokrasilerde Bas\u0131n ve Bas\u0131n \u00d6zg\u00fcrl\u00fc\u011f\u00fc \u00b7 Cumhuriyet D\u00f6nemi \u00d6ncesinde Bas\u0131n ve Bas\u0131n \u00d6zg\u00fcrl\u00fc\u011f\u00fc \u00b7 Erken Cumhuriyet D\u00f6neminde Siyasal Muhalefet ve Ele\u015ftiri: Yar\u0131n\u2019\u0131 Okumak<span class=\"excerpt-hellip\"> [\u2026]<\/span><\/p>\n","protected":false},"featured_media":0,"template":"","meta":{"_monsterinsights_skip_tracking":false,"_monsterinsights_sitenote_active":false,"_monsterinsights_sitenote_note":"","_monsterinsights_sitenote_category":0},"product_brand":[],"product_cat":[13059,12337],"product_tag":[],"class_list":{"0":"post-740752","1":"product","2":"type-product","3":"status-publish","5":"product_cat-diger-politika-siyaset","6":"product_cat-politika-siyaset","7":"pa_cilt-ciltsiz","8":"pa_tur-kitap","9":"pa_yayinevi-gazi-kitabevi","10":"pa_yazar-ahmet-kizilkaya","12":"first","13":"instock","14":"sale","15":"shipping-taxable","16":"purchasable","17":"product-type-simple"},"_links":{"self":[{"href":"https:\/\/roveyayinevi.com.tr\/index.php\/wp-json\/wp\/v2\/product\/740752","targetHints":{"allow":["GET"]}}],"collection":[{"href":"https:\/\/roveyayinevi.com.tr\/index.php\/wp-json\/wp\/v2\/product"}],"about":[{"href":"https:\/\/roveyayinevi.com.tr\/index.php\/wp-json\/wp\/v2\/types\/product"}],"wp:attachment":[{"href":"https:\/\/roveyayinevi.com.tr\/index.php\/wp-json\/wp\/v2\/media?parent=740752"}],"wp:term":[{"taxonomy":"product_brand","embeddable":true,"href":"https:\/\/roveyayinevi.com.tr\/index.php\/wp-json\/wp\/v2\/product_brand?post=740752"},{"taxonomy":"product_cat","embeddable":true,"href":"https:\/\/roveyayinevi.com.tr\/index.php\/wp-json\/wp\/v2\/product_cat?post=740752"},{"taxonomy":"product_tag","embeddable":true,"href":"https:\/\/roveyayinevi.com.tr\/index.php\/wp-json\/wp\/v2\/product_tag?post=740752"}],"curies":[{"name":"wp","href":"https:\/\/api.w.org\/{rel}","templated":true}]}}