{"id":740751,"date":"2025-08-28T00:34:20","date_gmt":"2025-08-27T21:34:20","guid":{"rendered":"https:\/\/roveyayinevi.com.tr\/index.php\/urun\/bir-siir-savunmasi\/"},"modified":"2026-04-16T02:51:59","modified_gmt":"2026-04-15T23:51:59","slug":"bir-siir-savunmasi","status":"publish","type":"product","link":"https:\/\/roveyayinevi.com.tr\/index.php\/urun\/bir-siir-savunmasi\/","title":{"rendered":"Bir \u015eiir Savunmas\u0131"},"content":{"rendered":"<p>Yery\u00fcz\u00fcn\u00fcn ilk kelimelerinden olu\u015fur \u015fiir.Bir toplumun damarlar\u0131nda akan bilgelik ve erdemdir.Ya\u015famd\u0131r bir bak\u0131ma.Hayat\u0131n ta kendisidir.Ve bu hayat\u0131 var edenler \u015fairlerdir.Fikir d\u00fcnyas\u0131n\u0131n ate\u015fli yarat\u0131c\u0131lar\u0131\u2026Bir \u015eiir Savunmas\u0131, d\u00fc\u015f\u00fcncenin temelindeki kutsal k\u0131v\u0131lc\u0131m\u0131 \u00e7akan \u015fairleri, bu \u015fairlerin toplum ve \u015fiirle olanba\u011flar\u0131n\u0131 c\u00fcretk\u00e2r bir tav\u0131rla ele al\u0131yor. Percy Bysshe Shelley\u2019nin, \u015fiirin anlam\u0131 ve felsefesi \u00fczerine \u015fairane bir analizini, orijinal metniyle birliktesunuyor.\u201cTek bir kelime, s\u00f6nd\u00fcr\u00fclemez bir d\u00fc\u015f\u00fcncenin ilk k\u0131v\u0131lc\u0131m\u0131 olabilir\u201d zira.<\/p>\n","protected":false},"excerpt":{"rendered":"<p>Yery\u00fcz\u00fcn\u00fcn ilk kelimelerinden olu\u015fur \u015fiir.Bir toplumun damarlar\u0131nda akan bilgelik ve erdemdir.Ya\u015famd\u0131r bir bak\u0131ma.Hayat\u0131n ta kendisidir.Ve bu hayat\u0131 var edenler \u015fairlerdir.Fikir d\u00fcnyas\u0131n\u0131n ate\u015fli yarat\u0131c\u0131lar\u0131\u2026Bir \u015eiir Savunmas\u0131, d\u00fc\u015f\u00fcncenin<span class=\"excerpt-hellip\"> [\u2026]<\/span><\/p>\n","protected":false},"featured_media":0,"template":"","meta":{"_monsterinsights_skip_tracking":false,"_monsterinsights_sitenote_active":false,"_monsterinsights_sitenote_note":"","_monsterinsights_sitenote_category":0},"product_brand":[],"product_cat":[13072,12291],"product_tag":[],"class_list":{"0":"post-740751","1":"product","2":"type-product","3":"status-publish","5":"product_cat-arastirma-inceleme-referans","6":"product_cat-edebiyat","7":"pa_cilt-ciltsiz","8":"pa_tur-kitap","9":"pa_yayinevi-sapiens-yayinlari","10":"pa_yazar-percy-b-shelley","12":"first","13":"instock","14":"sale","15":"shipping-taxable","16":"purchasable","17":"product-type-simple"},"_links":{"self":[{"href":"https:\/\/roveyayinevi.com.tr\/index.php\/wp-json\/wp\/v2\/product\/740751","targetHints":{"allow":["GET"]}}],"collection":[{"href":"https:\/\/roveyayinevi.com.tr\/index.php\/wp-json\/wp\/v2\/product"}],"about":[{"href":"https:\/\/roveyayinevi.com.tr\/index.php\/wp-json\/wp\/v2\/types\/product"}],"wp:attachment":[{"href":"https:\/\/roveyayinevi.com.tr\/index.php\/wp-json\/wp\/v2\/media?parent=740751"}],"wp:term":[{"taxonomy":"product_brand","embeddable":true,"href":"https:\/\/roveyayinevi.com.tr\/index.php\/wp-json\/wp\/v2\/product_brand?post=740751"},{"taxonomy":"product_cat","embeddable":true,"href":"https:\/\/roveyayinevi.com.tr\/index.php\/wp-json\/wp\/v2\/product_cat?post=740751"},{"taxonomy":"product_tag","embeddable":true,"href":"https:\/\/roveyayinevi.com.tr\/index.php\/wp-json\/wp\/v2\/product_tag?post=740751"}],"curies":[{"name":"wp","href":"https:\/\/api.w.org\/{rel}","templated":true}]}}