{"id":740750,"date":"2025-08-28T00:34:19","date_gmt":"2025-08-27T21:34:19","guid":{"rendered":"https:\/\/roveyayinevi.com.tr\/index.php\/urun\/bursada-iki-zaman\/"},"modified":"2026-04-16T02:51:59","modified_gmt":"2026-04-15T23:51:59","slug":"bursada-iki-zaman","status":"publish","type":"product","link":"https:\/\/roveyayinevi.com.tr\/index.php\/urun\/bursada-iki-zaman\/","title":{"rendered":"Bursa\u2019da \u0130ki Zaman"},"content":{"rendered":"<p>\u201cYine ak\u015faml\u0131 bir ak\u015fam, neden orada oldu\u011fumu bilmedi\u011fim bir ak\u015famd\u0131. Ay\u0131n \u0131\u015f\u0131\u011f\u0131 m\u0131yd\u0131 yoksa onunk\u00e2fir orta\u011f\u0131 olan sokak lambalar\u0131 m\u0131 \u0131slak sokaklar\u0131 ayd\u0131nlatan, hat\u0131rlam\u0131yorum. \u0130\u00e7ine dald\u0131\u011f\u0131m sokak inad\u0131na\u0131ss\u0131zd\u0131. Hani cinlerin bile top oynamay\u0131 b\u0131rak\u0131p \u00e7oktan uykuya \u00e7ekildi\u011fi cinsten bir yaln\u0131zl\u0131k. Ruhumda birdalgalanma hissettim; yerde bir titre\u015fim. Bir hayaldi belki. G\u00fcnd\u00fcz g\u00f6z\u00fcyle g\u00f6r\u00fclen bir d\u00fc\u015f gibi sahiciydi. Biradam yakla\u015ft\u0131 varl\u0131kla yokluk aras\u0131nda bu s\u0131rada. Bir adam yakla\u015ft\u0131 r\u00fcyayla ger\u00e7e\u011fin tam ortas\u0131nda\u2026\u201dYelkeni motora yenilen gemiler, otopark olan saraylar, kimsenin zaman\u0131na ald\u0131rmad\u0131\u011f\u0131 saat kuleleri\u2026Cildi da\u011f\u0131n\u0131k kitaplar, birbirini duymayan adamlar, ayn\u0131 kald\u0131r\u0131m\u0131 ayr\u0131 zamanlarda ad\u0131mlayanlar\u2026Bursa\u2019da \u0130ki Zaman, yeri hat\u0131rlanmayan sayfalar\u0131n, r\u00fcyalardan haber almalar\u0131n, hat\u0131r\u0131 d\u00f6rt y\u00fcz y\u0131l\u0131 a\u015fanbir kahvenin hik\u00e2yesi\u2026<\/p>\n","protected":false},"excerpt":{"rendered":"<p>\u201cYine ak\u015faml\u0131 bir ak\u015fam, neden orada oldu\u011fumu bilmedi\u011fim bir ak\u015famd\u0131. Ay\u0131n \u0131\u015f\u0131\u011f\u0131 m\u0131yd\u0131 yoksa onunk\u00e2fir orta\u011f\u0131 olan sokak lambalar\u0131 m\u0131 \u0131slak sokaklar\u0131 ayd\u0131nlatan, hat\u0131rlam\u0131yorum. \u0130\u00e7ine dald\u0131\u011f\u0131m<span class=\"excerpt-hellip\"> [\u2026]<\/span><\/p>\n","protected":false},"featured_media":0,"template":"","meta":{"_monsterinsights_skip_tracking":false,"_monsterinsights_sitenote_active":false,"_monsterinsights_sitenote_note":"","_monsterinsights_sitenote_category":0},"product_brand":[],"product_cat":[12777,12291],"product_tag":[],"class_list":{"0":"post-740750","1":"product","2":"type-product","3":"status-publish","5":"product_cat-deneme","6":"product_cat-edebiyat","7":"pa_cilt-ciltsiz","8":"pa_tur-kitap","9":"pa_yayinevi-sapiens-yayinlari","10":"pa_yazar-semih-dogan","12":"first","13":"instock","14":"sale","15":"shipping-taxable","16":"purchasable","17":"product-type-simple"},"_links":{"self":[{"href":"https:\/\/roveyayinevi.com.tr\/index.php\/wp-json\/wp\/v2\/product\/740750","targetHints":{"allow":["GET"]}}],"collection":[{"href":"https:\/\/roveyayinevi.com.tr\/index.php\/wp-json\/wp\/v2\/product"}],"about":[{"href":"https:\/\/roveyayinevi.com.tr\/index.php\/wp-json\/wp\/v2\/types\/product"}],"wp:attachment":[{"href":"https:\/\/roveyayinevi.com.tr\/index.php\/wp-json\/wp\/v2\/media?parent=740750"}],"wp:term":[{"taxonomy":"product_brand","embeddable":true,"href":"https:\/\/roveyayinevi.com.tr\/index.php\/wp-json\/wp\/v2\/product_brand?post=740750"},{"taxonomy":"product_cat","embeddable":true,"href":"https:\/\/roveyayinevi.com.tr\/index.php\/wp-json\/wp\/v2\/product_cat?post=740750"},{"taxonomy":"product_tag","embeddable":true,"href":"https:\/\/roveyayinevi.com.tr\/index.php\/wp-json\/wp\/v2\/product_tag?post=740750"}],"curies":[{"name":"wp","href":"https:\/\/api.w.org\/{rel}","templated":true}]}}