{"id":740749,"date":"2025-08-28T00:34:17","date_gmt":"2025-08-27T21:34:17","guid":{"rendered":"https:\/\/roveyayinevi.com.tr\/index.php\/urun\/yok-boyle-bir-koy-karaozu\/"},"modified":"2026-04-16T02:51:59","modified_gmt":"2026-04-15T23:51:59","slug":"yok-boyle-bir-koy-karaozu","status":"publish","type":"product","link":"https:\/\/roveyayinevi.com.tr\/index.php\/urun\/yok-boyle-bir-koy-karaozu\/","title":{"rendered":"Yok B\u00f6yle Bir K\u00f6y \u201cKara\u00f6z\u00fc\u201d"},"content":{"rendered":"<p>1959 Sivas-Gemerek\/KARA\u00d6Z\u00dc do\u011fumlu Vedat TATAR, 1989 y\u0131l\u0131ndan beri ba\u015fkentte ya\u015famaktad\u0131r. \u0130lk ve orta \u00f6\u011frenimini Kara\u00f6z\u00fc\u2019de, lise \u00f6\u011frenimini Gemerek\u2019te tamamlam\u0131\u015ft\u0131r, 1980 Ankara Gazi E\u011fitim Enstit\u00fcs\u00fc Frans\u0131zca b\u00f6l\u00fcm\u00fc mezunudur. Ayd\u0131n-\u00c7ine \u0130mam Hatip Lisesi, Siirt-\u015eirvan Lisesi, Kayseri-Kara\u00f6z\u00fc Lisesi ve Ankara-\u00d6mer Seyfettin Lisesi\u2019nde Frans\u0131zca \u00f6\u011fretmenli\u011fi ve 13 y\u0131ld\u0131r TBMM\u2019de milletvekili dan\u0131\u015fmanl\u0131\u011f\u0131ndan sonra Ulus Mesleki Teknik ve Anadolu Lisesi\u2019nde 41 y\u0131ll\u0131k mesle\u011finden 2021\u2019de emekli oldu. KARA\u00d6Z\u00dc \u015eAHRUH K\u00dcLT\u00dcR Derne\u011fi ba\u015fkanl\u0131\u011f\u0131, \u00c2\u015eIK VEYSEL K\u00fclt\u00fcr Derne\u011fi y\u00f6neticili\u011fi yapt\u0131. DOST DOST dergisinde, Ba\u015fkent \u00dcniversitesi yay\u0131n organ\u0131 \u201cB\u00fct\u00fcn D\u00fcnya\u201d ve de Kara\u00f6z\u00fc \u015eAHRUH dergisinde uzun s\u00fcre yazd\u0131. \u201cKURRAHAZZ\u0130-KARAHAZZ\u0130 \u015eAHRUH\u2019UN G\u0130ZLER\u0130\u201d isimli bir de kitab\u0131 yay\u0131mlanm\u0131\u015ft\u0131r. Amat\u00f6r olarak genelde halk m\u00fczi\u011fi \u00e7alg\u0131lar\u0131n\u0131n bir\u00e7o\u011funu \u00e7alabilen yazar\u0131m\u0131z okullarda spor, folklor ve bando ile y\u0131llarca ilgilenmi\u015f, okullar ve y\u00f6relerde tesislerini ve kadrolar\u0131n\u0131 olu\u015fturmu\u015ftur. Ay\u015feg\u00fcl ile evlili\u011finden Kadir EREN ve \u0130brahim ERDEM isimli iki \u00e7ocuk babas\u0131 ve ASLAN isminde bir de torun sahibidir.                 Faz\u0131l SAY\u2019\u0131n Serenad BA\u011eCAN ile ilk k\u00f6y konserini verdi\u011fi yer, mezarl\u0131\u011f\u0131n\u0131 ta\u015f\u0131y\u0131p yerine \u0130MECE k\u00fclt\u00fcr\u00fc ile okullar\u0131n\u0131 yapm\u0131\u015f, d\u00fcnyan\u0131n en \u00fcnl\u00fc kurulu\u015flar\u0131n\u0131n (Samsung-General Electric-Siemens-Pegasus) m\u00fchendislerinin, \u00f6l\u00fcm\u00fcyle de \u00f6\u011frencilerine \u0131\u015f\u0131k olan profes\u00f6rlerin y\u00f6residir. Fikret OTYAM\u2019\u0131n \u00f6yk\u00fclerine, Fakir BAYKURT\u2019un \u201cBir T\u00d6S Vard\u0131\u201d kitab\u0131na konu olan ve \u00c2\u015f\u0131k Veysel\u2019in ad\u0131na \u015fiir yazd\u0131\u011f\u0131 ilk ve tek k\u00f6y. D\u00fcnya \u015fairi Kemal \u00d6ZER\u2019in, Hollywood ve Ye\u015fil\u00e7am film afi\u015flerinin yarat\u0131c\u0131s\u0131 ara\u015ft\u0131rmac\u0131 gazeteci Mehmet BAL\u2019\u0131n ata yurdu, d\u00fcnyada ilk ve tek gazeteci heykeli bulunan, 64 mezunu olan K\u00d6Y ENST\u0130T\u00dcL\u00dcLER\u0130N \u00d6Z\u00dc, KARA\u00d6Z\u00dc-MAAR\u0130F\u00d6Z\u00dc\u2019d\u00fcr. <\/p>\n","protected":false},"excerpt":{"rendered":"<p>1959 Sivas-Gemerek\/KARA\u00d6Z\u00dc do\u011fumlu Vedat TATAR, 1989 y\u0131l\u0131ndan beri ba\u015fkentte ya\u015famaktad\u0131r. \u0130lk ve orta \u00f6\u011frenimini Kara\u00f6z\u00fc\u2019de, lise \u00f6\u011frenimini Gemerek\u2019te tamamlam\u0131\u015ft\u0131r, 1980 Ankara Gazi E\u011fitim Enstit\u00fcs\u00fc Frans\u0131zca b\u00f6l\u00fcm\u00fc<span class=\"excerpt-hellip\"> [\u2026]<\/span><\/p>\n","protected":false},"featured_media":0,"template":"","meta":{"_monsterinsights_skip_tracking":false,"_monsterinsights_sitenote_active":false,"_monsterinsights_sitenote_note":"","_monsterinsights_sitenote_category":0},"product_brand":[],"product_cat":[13072,12291],"product_tag":[],"class_list":{"0":"post-740749","1":"product","2":"type-product","3":"status-publish","5":"product_cat-arastirma-inceleme-referans","6":"product_cat-edebiyat","7":"pa_cilt-ciltsiz","8":"pa_tur-kitap","9":"pa_yayinevi-karina-yayinevi","10":"pa_yazar-vedat-tatar","12":"first","13":"instock","14":"sale","15":"shipping-taxable","16":"purchasable","17":"product-type-simple"},"_links":{"self":[{"href":"https:\/\/roveyayinevi.com.tr\/index.php\/wp-json\/wp\/v2\/product\/740749","targetHints":{"allow":["GET"]}}],"collection":[{"href":"https:\/\/roveyayinevi.com.tr\/index.php\/wp-json\/wp\/v2\/product"}],"about":[{"href":"https:\/\/roveyayinevi.com.tr\/index.php\/wp-json\/wp\/v2\/types\/product"}],"wp:attachment":[{"href":"https:\/\/roveyayinevi.com.tr\/index.php\/wp-json\/wp\/v2\/media?parent=740749"}],"wp:term":[{"taxonomy":"product_brand","embeddable":true,"href":"https:\/\/roveyayinevi.com.tr\/index.php\/wp-json\/wp\/v2\/product_brand?post=740749"},{"taxonomy":"product_cat","embeddable":true,"href":"https:\/\/roveyayinevi.com.tr\/index.php\/wp-json\/wp\/v2\/product_cat?post=740749"},{"taxonomy":"product_tag","embeddable":true,"href":"https:\/\/roveyayinevi.com.tr\/index.php\/wp-json\/wp\/v2\/product_tag?post=740749"}],"curies":[{"name":"wp","href":"https:\/\/api.w.org\/{rel}","templated":true}]}}