{"id":740744,"date":"2025-08-28T00:34:11","date_gmt":"2025-08-27T21:34:11","guid":{"rendered":"https:\/\/roveyayinevi.com.tr\/index.php\/urun\/bozuk-pusula\/"},"modified":"2026-04-07T02:57:24","modified_gmt":"2026-04-06T23:57:24","slug":"bozuk-pusula","status":"publish","type":"product","link":"https:\/\/roveyayinevi.com.tr\/index.php\/urun\/bozuk-pusula\/","title":{"rendered":"Bozuk Pusula"},"content":{"rendered":"<p>&#8220;Uzun ince&#8221; bir karavan yolculu\u011fu&#8230; \u00d6d\u00fcll\u00fc yazar \u0130smet Bertan okurunu, macera ve gizem dolu bir Anadolu yolculu\u011funa \u00e7\u0131kar\u0131yor. Dedeyle torunun karavan tatili, Hattus\u0327a&#8217;dan Divrig\u0306i&#8217;ye, Nemrut Dag\u0306\u0131&#8217;ndan Go\u0308beklitepe&#8217;ye uzan\u0131yor. Kadim uygarl\u0131klar\u0131n izinde yo\u0308resel zenginliklerle renklenen romanda, A\u0302s\u0327\u0131k Veysel&#8217;in ezgileri, flamenko dans\u0131yla bulus\u0327uyor. Birbirine kavus\u0327mak ic\u0327in c\u0327\u0131rp\u0131nan eski pusula figu\u0308rlerinin soluksuz, gerc\u0327eku\u0308stu\u0308 aray\u0131s\u0327\u0131 ustaca anlat\u0131l\u0131yor. Ya\u015fad\u0131\u011f\u0131m\u0131z co\u011frafyan\u0131n tarihiyle kurdu\u011fumuz ba\u011f ve insan\u0131n yolculu\u011funda iz b\u0131rakan hik\u00e2yeler, b\u00fcy\u00fcl\u00fc bir anlat\u0131mla ve renkli betimlemelerle canlan\u0131yor.Tun\u00e7 ve dedesi, yaz tatilinde hayalini kurduklar\u0131 yolculu\u011fa \u00e7\u0131karlar. Karavan T\u0131rt\u0131l&#8217;la Ankara&#8217;dan ayr\u0131lan ikili, bozuk pusulan\u0131n kafas\u0131 bozuk fig\u00fcr\u00fc Prens Valetta&#8217;n\u0131n s\u0131rr\u0131n\u0131 \u00e7\u00f6zmeye kalk\u0131nca rotadan sapar, Anadolu&#8217;da gezmeye ba\u015flarlar. Antika pusula y\u00fcz\u00fcnden kaz\u0131 alanlar\u0131na, antik kentlere, m\u00fczelere ve milli parklara uzanan yolda, Tun\u00e7 yeni arkada\u015flar da edinir. Dede torun, s\u00fcrprizlerle dolu yolculukta, bir efsanenin par\u00e7as\u0131 olduklar\u0131n\u0131 fark edecektir&#8230;<\/p>\n","protected":false},"excerpt":{"rendered":"<p>&#8220;Uzun ince&#8221; bir karavan yolculu\u011fu&#8230; \u00d6d\u00fcll\u00fc yazar \u0130smet Bertan okurunu, macera ve gizem dolu bir Anadolu yolculu\u011funa \u00e7\u0131kar\u0131yor. Dedeyle torunun karavan tatili, Hattus\u0327a&#8217;dan Divrig\u0306i&#8217;ye, Nemrut Dag\u0306\u0131&#8217;ndan<span class=\"excerpt-hellip\"> [\u2026]<\/span><\/p>\n","protected":false},"featured_media":0,"template":"","meta":{"_monsterinsights_skip_tracking":false,"_monsterinsights_sitenote_active":false,"_monsterinsights_sitenote_note":"","_monsterinsights_sitenote_category":0},"product_brand":[],"product_cat":[12274,12284],"product_tag":[],"class_list":{"0":"post-740744","1":"product","2":"type-product","3":"status-publish","5":"product_cat-cocuk-ve-genclik-kitaplari","6":"product_cat-hikayeler","7":"pa_cilt-ciltsiz","8":"pa_tur-kitap","9":"pa_yayinevi-gunisigi-kitapligi","10":"pa_yazar-ismet-bertan","12":"first","13":"instock","14":"sale","15":"shipping-taxable","16":"purchasable","17":"product-type-simple"},"_links":{"self":[{"href":"https:\/\/roveyayinevi.com.tr\/index.php\/wp-json\/wp\/v2\/product\/740744","targetHints":{"allow":["GET"]}}],"collection":[{"href":"https:\/\/roveyayinevi.com.tr\/index.php\/wp-json\/wp\/v2\/product"}],"about":[{"href":"https:\/\/roveyayinevi.com.tr\/index.php\/wp-json\/wp\/v2\/types\/product"}],"wp:attachment":[{"href":"https:\/\/roveyayinevi.com.tr\/index.php\/wp-json\/wp\/v2\/media?parent=740744"}],"wp:term":[{"taxonomy":"product_brand","embeddable":true,"href":"https:\/\/roveyayinevi.com.tr\/index.php\/wp-json\/wp\/v2\/product_brand?post=740744"},{"taxonomy":"product_cat","embeddable":true,"href":"https:\/\/roveyayinevi.com.tr\/index.php\/wp-json\/wp\/v2\/product_cat?post=740744"},{"taxonomy":"product_tag","embeddable":true,"href":"https:\/\/roveyayinevi.com.tr\/index.php\/wp-json\/wp\/v2\/product_tag?post=740744"}],"curies":[{"name":"wp","href":"https:\/\/api.w.org\/{rel}","templated":true}]}}