{"id":740741,"date":"2025-08-28T00:34:08","date_gmt":"2025-08-27T21:34:08","guid":{"rendered":"https:\/\/roveyayinevi.com.tr\/index.php\/urun\/felsefi-dusun-dergisi-sayi-18-nisan-2022\/"},"modified":"2026-04-16T02:51:59","modified_gmt":"2026-04-15T23:51:59","slug":"felsefi-dusun-dergisi-sayi-18-nisan-2022","status":"publish","type":"product","link":"https:\/\/roveyayinevi.com.tr\/index.php\/urun\/felsefi-dusun-dergisi-sayi-18-nisan-2022\/","title":{"rendered":"Felsefi D\u00fc\u015f\u00fcn Dergisi Say\u0131: 18 Nisan 2022"},"content":{"rendered":"<p>On dokuzuncu y\u00fczy\u0131l filozofu Nietzsche d\u00fc\u015f\u00fcnce tarihine y\u00f6nelik \u00f6nemli bir itiraz\u0131 temsil eder. Gerek felsefede problemin te\u015fhisi, gerekse felsefi d\u00fc\u015f\u00fcncenin y\u00f6ntemi ve konusu bu itirazdan sonra k\u00f6kl\u00fc bir d\u00f6n\u00fc\u015f\u00fcm ge\u00e7irmi\u015f, ard\u0131llar\u0131 onun d\u00fc\u015f\u00fcncelerini olduk\u00e7a zengin bir \u00e7e\u015fitlilik i\u00e7inde yorumlam\u0131\u015ft\u0131r. Nietzsche denince hemen akla gelen \u201ctrajik kavray\u0131\u015f\u201d, \u201cnihilizm\u201d, \u201cdekadans\u201d, \u201cebedi d\u00f6n\u00fc\u015f\u201d, \u201ch\u0131n\u00e7\u201d, \u201cde\u011ferleri de\u011ferden d\u00fc\u015f\u00fcrme\u201d, \u201cefendi-k\u00f6le ahlak\u0131\u201d, \u201cg\u00fc\u00e7 istenci\u201d, \u201c\u00fcstinsan\u201d gibi kavramla\u015ft\u0131rmalar her d\u00f6nemde farkl\u0131 ilgilerle yeniden yorumlanm\u0131\u015ft\u0131r. Nietzsche\u2019nin dosya konusu olarak se\u00e7ildi\u011fi bu say\u0131, filozofun \u00f6zg\u00fcn bir kavram\u0131n\u0131 a\u00e7\u0131k k\u0131lmaya \u00e7al\u0131\u015fan, farkl\u0131 Nietzsche yorumlar\u0131n\u0131 de\u011ferlendiren ya da Nietzsche\u2019nin d\u00fc\u015f\u00fcncelerini bir problem do\u011frultusunda ele alan yaz\u0131lara yer veriyor.Nazile KALAYCISUNU\u015eMAKALELERBatuhan AKG\u00dcND\u00dcZG\u00fc\u00e7 \u0130stenci: Nietzscheci Evrimin Temel Mekanizmas\u0131\u0130brahim Okan AKKINBir \u2018Olumlama\u2019 Felsefesi Olarak Deleuze\u2019\u00fcn Nietzsche Okumas\u0131Burak \u00c7AKIR\u201cEn Sessiz Zaman\u201d Olarak Nietzsche\u2019nin Zerd\u00fc\u015ft ile Y\u00fczle\u015fme \u00c2n\u0131Emre KARATEKEL\u0130Nietzsche\u2019de Bilin\u00e7 Kavram\u0131: Haz(s\u0131zl\u0131k) ve Ac\u0131 Duygular\u0131n\u0131n Yeniden Yorumlanmas\u0131H. Furkan L\u0130VANNietzsche\u2019de Demokrasinin Ele\u015ftirisinden Yeni Bir Demokrasi Yorumuna Ola\u011fand\u0131\u015f\u0131 Bir YolculukAhmet \u00d6ZCANBir Susu\u015f Ustal\u0131\u011f\u0131: Friedrich Nietzsche\u2019nin Felsefesinde \u2018Sessizlik\u2019 Kavram\u0131n\u0131nMetinleraras\u0131 Bir Okumas\u0131Filiz SARISahici Varolu\u015f ve \u00dcst-\u0130nsan: Bir Heidegger ve Nietzsche Kar\u015f\u0131la\u015ft\u0131rmas\u0131G\u00fcncel O\u011fulcan \u00dcLGENG\u00fc\u00e7 \u0130stenci vs. \u00d6l\u00fcm D\u00fcrt\u00fcs\u00fc ya da Nietzsche Freud\u2019a \u0130ndirgenebilir mi?<\/p>\n","protected":false},"excerpt":{"rendered":"<p>On dokuzuncu y\u00fczy\u0131l filozofu Nietzsche d\u00fc\u015f\u00fcnce tarihine y\u00f6nelik \u00f6nemli bir itiraz\u0131 temsil eder. Gerek felsefede problemin te\u015fhisi, gerekse felsefi d\u00fc\u015f\u00fcncenin y\u00f6ntemi ve konusu bu itirazdan sonra<span class=\"excerpt-hellip\"> [\u2026]<\/span><\/p>\n","protected":false},"featured_media":0,"template":"","meta":{"_monsterinsights_skip_tracking":false,"_monsterinsights_sitenote_active":false,"_monsterinsights_sitenote_note":"","_monsterinsights_sitenote_category":0},"product_brand":[],"product_cat":[19460,13527],"product_tag":[],"class_list":{"0":"post-740741","1":"product","2":"type-product","3":"status-publish","5":"product_cat-felsefe-sureli-yayinlar","6":"product_cat-sureli-yayinlar","7":"pa_cilt-ciltsiz","8":"pa_tur-kitap","9":"pa_yayinevi-pinhan-yayincilik","10":"pa_yazar-pinhan-yayincilik-kolektif","12":"first","13":"instock","14":"sale","15":"shipping-taxable","16":"purchasable","17":"product-type-simple"},"_links":{"self":[{"href":"https:\/\/roveyayinevi.com.tr\/index.php\/wp-json\/wp\/v2\/product\/740741","targetHints":{"allow":["GET"]}}],"collection":[{"href":"https:\/\/roveyayinevi.com.tr\/index.php\/wp-json\/wp\/v2\/product"}],"about":[{"href":"https:\/\/roveyayinevi.com.tr\/index.php\/wp-json\/wp\/v2\/types\/product"}],"wp:attachment":[{"href":"https:\/\/roveyayinevi.com.tr\/index.php\/wp-json\/wp\/v2\/media?parent=740741"}],"wp:term":[{"taxonomy":"product_brand","embeddable":true,"href":"https:\/\/roveyayinevi.com.tr\/index.php\/wp-json\/wp\/v2\/product_brand?post=740741"},{"taxonomy":"product_cat","embeddable":true,"href":"https:\/\/roveyayinevi.com.tr\/index.php\/wp-json\/wp\/v2\/product_cat?post=740741"},{"taxonomy":"product_tag","embeddable":true,"href":"https:\/\/roveyayinevi.com.tr\/index.php\/wp-json\/wp\/v2\/product_tag?post=740741"}],"curies":[{"name":"wp","href":"https:\/\/api.w.org\/{rel}","templated":true}]}}