{"id":740739,"date":"2025-08-28T00:34:06","date_gmt":"2025-08-27T21:34:06","guid":{"rendered":"https:\/\/roveyayinevi.com.tr\/index.php\/urun\/kandilde-kaybolan-yillar\/"},"modified":"2026-04-16T02:51:58","modified_gmt":"2026-04-15T23:51:58","slug":"kandilde-kaybolan-yillar","status":"publish","type":"product","link":"https:\/\/roveyayinevi.com.tr\/index.php\/urun\/kandilde-kaybolan-yillar\/","title":{"rendered":"Kandil&#8217;de Kaybolan Y\u0131llar"},"content":{"rendered":"<p>\u0130nsano\u011flu do\u011fu\u015ftan eksik bir varl\u0131kt\u0131r. Ne yaparsa yaps\u0131n, ne ederse etsin o eksik y\u00f6n\u00fcn\u00fc tamamlayamaz. E\u011fer insano\u011flu mutlakl\u0131\u011fa ula\u015ft\u0131\u011f\u0131 zaman veya ula\u015f\u0131rsa, onun i\u00e7in hayat\u0131n bir anlam\u0131 kalmayacakt\u0131r. \u00c7\u00fcnk\u00fc aray\u0131\u015f tutkular\u0131 olmayacakt\u0131r. Hedefler\u2026 Ama\u00e7lar\u2026 Olamayacakt\u0131r.  Hayat\u0131nda bir hareketlili\u011fi olmayacak ve bu hareketsizlik hayat\u0131n anlam\u0131n\u0131 bulmayacakt\u0131r.   <\/p>\n","protected":false},"excerpt":{"rendered":"<p>\u0130nsano\u011flu do\u011fu\u015ftan eksik bir varl\u0131kt\u0131r. Ne yaparsa yaps\u0131n, ne ederse etsin o eksik y\u00f6n\u00fcn\u00fc tamamlayamaz. E\u011fer insano\u011flu mutlakl\u0131\u011fa ula\u015ft\u0131\u011f\u0131 zaman veya ula\u015f\u0131rsa, onun i\u00e7in hayat\u0131n bir<span class=\"excerpt-hellip\"> [\u2026]<\/span><\/p>\n","protected":false},"featured_media":0,"template":"","meta":{"_monsterinsights_skip_tracking":false,"_monsterinsights_sitenote_active":false,"_monsterinsights_sitenote_note":"","_monsterinsights_sitenote_category":0},"product_brand":[],"product_cat":[12291,12711],"product_tag":[],"class_list":{"0":"post-740739","1":"product","2":"type-product","3":"status-publish","5":"product_cat-edebiyat","6":"product_cat-roman-oyku","7":"pa_cilt-ciltsiz","8":"pa_tur-kitap","9":"pa_yayinevi-platanus-publishing","10":"pa_yazar-suphan-yalcin","12":"first","13":"instock","14":"sale","15":"shipping-taxable","16":"purchasable","17":"product-type-simple"},"_links":{"self":[{"href":"https:\/\/roveyayinevi.com.tr\/index.php\/wp-json\/wp\/v2\/product\/740739","targetHints":{"allow":["GET"]}}],"collection":[{"href":"https:\/\/roveyayinevi.com.tr\/index.php\/wp-json\/wp\/v2\/product"}],"about":[{"href":"https:\/\/roveyayinevi.com.tr\/index.php\/wp-json\/wp\/v2\/types\/product"}],"wp:attachment":[{"href":"https:\/\/roveyayinevi.com.tr\/index.php\/wp-json\/wp\/v2\/media?parent=740739"}],"wp:term":[{"taxonomy":"product_brand","embeddable":true,"href":"https:\/\/roveyayinevi.com.tr\/index.php\/wp-json\/wp\/v2\/product_brand?post=740739"},{"taxonomy":"product_cat","embeddable":true,"href":"https:\/\/roveyayinevi.com.tr\/index.php\/wp-json\/wp\/v2\/product_cat?post=740739"},{"taxonomy":"product_tag","embeddable":true,"href":"https:\/\/roveyayinevi.com.tr\/index.php\/wp-json\/wp\/v2\/product_tag?post=740739"}],"curies":[{"name":"wp","href":"https:\/\/api.w.org\/{rel}","templated":true}]}}