{"id":740738,"date":"2025-08-28T00:34:05","date_gmt":"2025-08-27T21:34:05","guid":{"rendered":"https:\/\/roveyayinevi.com.tr\/index.php\/urun\/besir-fuat\/"},"modified":"2026-04-16T02:51:58","modified_gmt":"2026-04-15T23:51:58","slug":"besir-fuat","status":"publish","type":"product","link":"https:\/\/roveyayinevi.com.tr\/index.php\/urun\/besir-fuat\/","title":{"rendered":"Be\u015fir Fuat"},"content":{"rendered":"<p>D\u00fcnyay\u0131 takip eden bir adam&#8230;Yazd\u0131klar\u0131yla yay\u0131n d\u00fcnyas\u0131n\u0131 alt \u00fcst ediyor.Fikirleri, Osmanl\u0131 topraklar\u0131 i\u00e7in daha \u00e7ok yeni.\u00d6zel hayat\u0131 ise kendine zul\u00fcm.Ve bir ne\u015fter vuruluyor bileklere&#8230;Kanla yaz\u0131lm\u0131\u015f sat\u0131rlar kal\u0131yor geriye.Ahmet Mithat, yazd\u0131klar\u0131ndan \u00e7ok intihar\u0131yla iz b\u0131rakan Be\u015fir Fuat&#8217;\u0131 anlat\u0131yor. D\u00fc\u015f\u00fcnce d\u00fcnyas\u0131 vemektuplar\u0131yla&#8230; \u0130lk kez g\u00fcn\u00fcm\u00fcz T\u00fcrk\u00e7esiyle&#8230;<\/p>\n","protected":false},"excerpt":{"rendered":"<p>D\u00fcnyay\u0131 takip eden bir adam&#8230;Yazd\u0131klar\u0131yla yay\u0131n d\u00fcnyas\u0131n\u0131 alt \u00fcst ediyor.Fikirleri, Osmanl\u0131 topraklar\u0131 i\u00e7in daha \u00e7ok yeni.\u00d6zel hayat\u0131 ise kendine zul\u00fcm.Ve bir ne\u015fter vuruluyor bileklere&#8230;Kanla yaz\u0131lm\u0131\u015f sat\u0131rlar<span class=\"excerpt-hellip\"> [\u2026]<\/span><\/p>\n","protected":false},"featured_media":0,"template":"","meta":{"_monsterinsights_skip_tracking":false,"_monsterinsights_sitenote_active":false,"_monsterinsights_sitenote_note":"","_monsterinsights_sitenote_category":0},"product_brand":[],"product_cat":[12777,12291],"product_tag":[],"class_list":{"0":"post-740738","1":"product","2":"type-product","3":"status-publish","5":"product_cat-deneme","6":"product_cat-edebiyat","7":"pa_cilt-ciltsiz","8":"pa_tur-kitap","9":"pa_yayinevi-sapiens-yayinlari","10":"pa_yazar-ahmet-mithat-efendi","12":"first","13":"instock","14":"sale","15":"shipping-taxable","16":"purchasable","17":"product-type-simple"},"_links":{"self":[{"href":"https:\/\/roveyayinevi.com.tr\/index.php\/wp-json\/wp\/v2\/product\/740738","targetHints":{"allow":["GET"]}}],"collection":[{"href":"https:\/\/roveyayinevi.com.tr\/index.php\/wp-json\/wp\/v2\/product"}],"about":[{"href":"https:\/\/roveyayinevi.com.tr\/index.php\/wp-json\/wp\/v2\/types\/product"}],"wp:attachment":[{"href":"https:\/\/roveyayinevi.com.tr\/index.php\/wp-json\/wp\/v2\/media?parent=740738"}],"wp:term":[{"taxonomy":"product_brand","embeddable":true,"href":"https:\/\/roveyayinevi.com.tr\/index.php\/wp-json\/wp\/v2\/product_brand?post=740738"},{"taxonomy":"product_cat","embeddable":true,"href":"https:\/\/roveyayinevi.com.tr\/index.php\/wp-json\/wp\/v2\/product_cat?post=740738"},{"taxonomy":"product_tag","embeddable":true,"href":"https:\/\/roveyayinevi.com.tr\/index.php\/wp-json\/wp\/v2\/product_tag?post=740738"}],"curies":[{"name":"wp","href":"https:\/\/api.w.org\/{rel}","templated":true}]}}