{"id":740733,"date":"2025-08-28T00:33:58","date_gmt":"2025-08-27T21:33:58","guid":{"rendered":"https:\/\/roveyayinevi.com.tr\/index.php\/urun\/bak-simdi-aklima-ne-geldi\/"},"modified":"2026-04-07T02:57:23","modified_gmt":"2026-04-06T23:57:23","slug":"bak-simdi-aklima-ne-geldi","status":"publish","type":"product","link":"https:\/\/roveyayinevi.com.tr\/index.php\/urun\/bak-simdi-aklima-ne-geldi\/","title":{"rendered":"Bak \u015eimdi Akl\u0131ma Ne Geldi!"},"content":{"rendered":"<p>Yang\u0131nlar, casuslar,s\u0131rr\u0131 \u00e7\u00f6z\u00fclemeyen cinayetler yok bu kitapta.Define avc\u0131lar\u0131, uzay yolcular\u0131ya da bir t\u00fcrl\u00fckavu\u015famayan \u00e2\u015f\u0131klar da yok.Mahalle k\u00fclt\u00fcr\u00fcn\u00fcn ikiy\u00fczl\u00fcl\u00fc\u011f\u00fc,sokakta top oynaman\u0131n dayan\u0131lmaz ac\u0131s\u0131,heryaray\u0131 kanatmaktan zevk alan dayan\u0131\u015fma ruhu var.Bak \u015eimdi Akl\u0131ma Ne Geldi!susmak bilmeyen bir dilinzirzop ve ha\u015far\u0131 anlat\u0131m\u0131.Samimi oldu\u011funu iddia eden ge\u00e7mi\u015f zaman\u0131ny\u00fcz\u00fcne vurulan yalan\u0131.Biraz haylaz,biraz u\u00e7ar\u0131ama hakl\u0131 oldu\u011fu konusunda gururlu.\u00c7ocuklu\u011funu 90\u2019lar\u0131n T\u00fcrkiyesi\u2019nde kaybetmi\u015f bir zihninalaydolu manifestosu.<\/p>\n","protected":false},"excerpt":{"rendered":"<p>Yang\u0131nlar, casuslar,s\u0131rr\u0131 \u00e7\u00f6z\u00fclemeyen cinayetler yok bu kitapta.Define avc\u0131lar\u0131, uzay yolcular\u0131ya da bir t\u00fcrl\u00fckavu\u015famayan \u00e2\u015f\u0131klar da yok.Mahalle k\u00fclt\u00fcr\u00fcn\u00fcn ikiy\u00fczl\u00fcl\u00fc\u011f\u00fc,sokakta top oynaman\u0131n dayan\u0131lmaz ac\u0131s\u0131,heryaray\u0131 kanatmaktan zevk alan dayan\u0131\u015fma<span class=\"excerpt-hellip\"> [\u2026]<\/span><\/p>\n","protected":false},"featured_media":0,"template":"","meta":{"_monsterinsights_skip_tracking":false,"_monsterinsights_sitenote_active":false,"_monsterinsights_sitenote_note":"","_monsterinsights_sitenote_category":0},"product_brand":[],"product_cat":[12777,12291],"product_tag":[],"class_list":{"0":"post-740733","1":"product","2":"type-product","3":"status-publish","5":"product_cat-deneme","6":"product_cat-edebiyat","7":"pa_cilt-ciltsiz","8":"pa_tur-kitap","9":"pa_yayinevi-sapiens-yayinlari","10":"pa_yazar-semih-dogan","12":"first","13":"instock","14":"sale","15":"shipping-taxable","16":"purchasable","17":"product-type-simple"},"_links":{"self":[{"href":"https:\/\/roveyayinevi.com.tr\/index.php\/wp-json\/wp\/v2\/product\/740733","targetHints":{"allow":["GET"]}}],"collection":[{"href":"https:\/\/roveyayinevi.com.tr\/index.php\/wp-json\/wp\/v2\/product"}],"about":[{"href":"https:\/\/roveyayinevi.com.tr\/index.php\/wp-json\/wp\/v2\/types\/product"}],"wp:attachment":[{"href":"https:\/\/roveyayinevi.com.tr\/index.php\/wp-json\/wp\/v2\/media?parent=740733"}],"wp:term":[{"taxonomy":"product_brand","embeddable":true,"href":"https:\/\/roveyayinevi.com.tr\/index.php\/wp-json\/wp\/v2\/product_brand?post=740733"},{"taxonomy":"product_cat","embeddable":true,"href":"https:\/\/roveyayinevi.com.tr\/index.php\/wp-json\/wp\/v2\/product_cat?post=740733"},{"taxonomy":"product_tag","embeddable":true,"href":"https:\/\/roveyayinevi.com.tr\/index.php\/wp-json\/wp\/v2\/product_tag?post=740733"}],"curies":[{"name":"wp","href":"https:\/\/api.w.org\/{rel}","templated":true}]}}