{"id":740732,"date":"2025-08-28T00:33:57","date_gmt":"2025-08-27T21:33:57","guid":{"rendered":"https:\/\/roveyayinevi.com.tr\/index.php\/urun\/mustakil-zamanlar\/"},"modified":"2026-04-16T02:51:58","modified_gmt":"2026-04-15T23:51:58","slug":"mustakil-zamanlar","status":"publish","type":"product","link":"https:\/\/roveyayinevi.com.tr\/index.php\/urun\/mustakil-zamanlar\/","title":{"rendered":"M\u00fcstakil Zamanlar"},"content":{"rendered":"<p>M\u00fcstakil ZamanlarSelin Yal\u00e7\u0131nBir at t\u0131rman\u0131yor Bulutda\u011f\u2019\u0131n zirvesine.I\u015f\u0131lt\u0131l\u0131 \u00f6r\u00fcmcek ince ince a\u011flar\u0131n\u0131 \u00f6r\u00fcyor.Demirden ormanlar sar\u0131yorr\u00fcyalar\u0131.Bir kad\u0131n, Huzur Ku\u015f\u2019un d\u00fc\u015flerini i\u015fliyor beyaz k\u00e2\u011f\u0131da.Sokaklar \u0131ss\u0131z&#8230;\u0130nsanlar maskeli&#8230;Gizemlikuzgun hik\u00e2yeler anlat\u0131yor bir kad\u0131na.D\u00f6rt duvara s\u0131k\u0131\u015fm\u0131\u015fl\u0131\u011f\u0131, sonsuzlu\u011fun evrenine ta\u015f\u0131yor.Pandemi kiminumrunda!Selin Yal\u00e7\u0131n, masals\u0131 \u00fcslubuyla sesleniyor okura.Do\u011funun binbir rengini,kolunda saat ta\u015f\u0131yanlar\u0131ns\u0131n\u0131rl\u0131 \u00f6zg\u00fcrl\u00fc\u011f\u00fcn\u00fc,kalabal\u0131\u011f\u0131n aras\u0131nda kaybolan m\u00fcstakil zamanlar\u0131 anlat\u0131yor.Ve muhte\u015fem bir yolculukba\u015fl\u0131yor,t\u00fcm yasaklar\u0131n \u00f6tesinde&#8230;<\/p>\n","protected":false},"excerpt":{"rendered":"<p>M\u00fcstakil ZamanlarSelin Yal\u00e7\u0131nBir at t\u0131rman\u0131yor Bulutda\u011f\u2019\u0131n zirvesine.I\u015f\u0131lt\u0131l\u0131 \u00f6r\u00fcmcek ince ince a\u011flar\u0131n\u0131 \u00f6r\u00fcyor.Demirden ormanlar sar\u0131yorr\u00fcyalar\u0131.Bir kad\u0131n, Huzur Ku\u015f\u2019un d\u00fc\u015flerini i\u015fliyor beyaz k\u00e2\u011f\u0131da.Sokaklar \u0131ss\u0131z&#8230;\u0130nsanlar maskeli&#8230;Gizemlikuzgun hik\u00e2yeler anlat\u0131yor bir<span class=\"excerpt-hellip\"> [\u2026]<\/span><\/p>\n","protected":false},"featured_media":0,"template":"","meta":{"_monsterinsights_skip_tracking":false,"_monsterinsights_sitenote_active":false,"_monsterinsights_sitenote_note":"","_monsterinsights_sitenote_category":0},"product_brand":[],"product_cat":[12291,12711],"product_tag":[],"class_list":{"0":"post-740732","1":"product","2":"type-product","3":"status-publish","5":"product_cat-edebiyat","6":"product_cat-roman-oyku","7":"pa_cilt-ciltsiz","8":"pa_tur-kitap","9":"pa_yayinevi-sapiens-yayinlari","10":"pa_yazar-selin-yalcin","12":"first","13":"instock","14":"sale","15":"shipping-taxable","16":"purchasable","17":"product-type-simple"},"_links":{"self":[{"href":"https:\/\/roveyayinevi.com.tr\/index.php\/wp-json\/wp\/v2\/product\/740732","targetHints":{"allow":["GET"]}}],"collection":[{"href":"https:\/\/roveyayinevi.com.tr\/index.php\/wp-json\/wp\/v2\/product"}],"about":[{"href":"https:\/\/roveyayinevi.com.tr\/index.php\/wp-json\/wp\/v2\/types\/product"}],"wp:attachment":[{"href":"https:\/\/roveyayinevi.com.tr\/index.php\/wp-json\/wp\/v2\/media?parent=740732"}],"wp:term":[{"taxonomy":"product_brand","embeddable":true,"href":"https:\/\/roveyayinevi.com.tr\/index.php\/wp-json\/wp\/v2\/product_brand?post=740732"},{"taxonomy":"product_cat","embeddable":true,"href":"https:\/\/roveyayinevi.com.tr\/index.php\/wp-json\/wp\/v2\/product_cat?post=740732"},{"taxonomy":"product_tag","embeddable":true,"href":"https:\/\/roveyayinevi.com.tr\/index.php\/wp-json\/wp\/v2\/product_tag?post=740732"}],"curies":[{"name":"wp","href":"https:\/\/api.w.org\/{rel}","templated":true}]}}