{"id":740730,"date":"2025-08-28T00:33:55","date_gmt":"2025-08-27T21:33:55","guid":{"rendered":"https:\/\/roveyayinevi.com.tr\/index.php\/urun\/az-sekerli-hikayeler\/"},"modified":"2026-04-16T02:51:58","modified_gmt":"2026-04-15T23:51:58","slug":"az-sekerli-hikayeler","status":"publish","type":"product","link":"https:\/\/roveyayinevi.com.tr\/index.php\/urun\/az-sekerli-hikayeler\/","title":{"rendered":"Az \u015eekerli Hikayeler"},"content":{"rendered":"<p>\u201cKahve yapmak bir emektir. Suyunu, \u00f6l\u00e7\u00fcs\u00fcn\u00fc, \u015fekerini, ate\u015f ayar\u0131n\u0131 dikkatlice haz\u0131rlamak gerekir. Hepsinin birkarar\u0131 vard\u0131r. Ne bir eksik, ne bir fazla. Kahveyi \u00e7ok koyarsan\u0131z ac\u0131, az koyarsan\u0131z duru, \u00e7ok kar\u0131\u015ft\u0131r\u0131rsan\u0131z k\u00f6p\u00fcks\u00fczolur. Harl\u0131 ate\u015fte yaparsan\u0131z \u00e7abuk pi\u015fer. Fincan say\u0131s\u0131 art\u0131k\u00e7a kahvenin k\u0131vam\u0131n\u0131 tutturmak da zorla\u015f\u0131r. Hele bir dekahve bayatsa eyvah ki ne eyvah! K\u00f6p\u00fcks\u00fcz, kokusuz ve tats\u0131z\u2026\u201dU\u00e7uruma d\u00fc\u015fmemek i\u00e7in dikene tutunanlara bir sevgi merhemi, sokakta oynayan \u00e7ocuklar\u0131n ellerine tutu\u015fturulanbir pasta dilimi, motel odalar\u0131nda kadeh dolduran kar taneleri\u2026Vefay\u0131 unutmayan oyuncak avc\u0131lar\u0131, birbirine sar\u0131larak yaln\u0131zl\u0131\u011f\u0131 yenen a\u015fk \u015fark\u0131lar\u0131, bulgura ra\u011fmen uzamayan birneslin \u00e7ocuklar\u0131\u2026Az \u015eekerli Hik\u00e2yeler, biraz haylaz, biraz \u015fakac\u0131, h\u00fczn\u00fc g\u00f6zkapaklar\u0131n\u0131n ard\u0131nda sakl\u0131 bir mutluluk par\u0131lt\u0131s\u0131. K\u0131ssadanhisse \u00e7\u0131karmay\u0131 bilen, dima\u011f\u0131n kuytu noktalar\u0131na olta g\u00f6nderen bir zihin atlas\u0131.<\/p>\n","protected":false},"excerpt":{"rendered":"<p>\u201cKahve yapmak bir emektir. Suyunu, \u00f6l\u00e7\u00fcs\u00fcn\u00fc, \u015fekerini, ate\u015f ayar\u0131n\u0131 dikkatlice haz\u0131rlamak gerekir. Hepsinin birkarar\u0131 vard\u0131r. Ne bir eksik, ne bir fazla. Kahveyi \u00e7ok koyarsan\u0131z ac\u0131, az<span class=\"excerpt-hellip\"> [\u2026]<\/span><\/p>\n","protected":false},"featured_media":0,"template":"","meta":{"_monsterinsights_skip_tracking":false,"_monsterinsights_sitenote_active":false,"_monsterinsights_sitenote_note":"","_monsterinsights_sitenote_category":0},"product_brand":[],"product_cat":[12291,12711],"product_tag":[],"class_list":{"0":"post-740730","1":"product","2":"type-product","3":"status-publish","5":"product_cat-edebiyat","6":"product_cat-roman-oyku","7":"pa_cilt-ciltsiz","8":"pa_tur-kitap","9":"pa_yayinevi-sapiens-yayinlari","10":"pa_yazar-nuray-temizer","12":"first","13":"instock","14":"sale","15":"shipping-taxable","16":"purchasable","17":"product-type-simple"},"_links":{"self":[{"href":"https:\/\/roveyayinevi.com.tr\/index.php\/wp-json\/wp\/v2\/product\/740730","targetHints":{"allow":["GET"]}}],"collection":[{"href":"https:\/\/roveyayinevi.com.tr\/index.php\/wp-json\/wp\/v2\/product"}],"about":[{"href":"https:\/\/roveyayinevi.com.tr\/index.php\/wp-json\/wp\/v2\/types\/product"}],"wp:attachment":[{"href":"https:\/\/roveyayinevi.com.tr\/index.php\/wp-json\/wp\/v2\/media?parent=740730"}],"wp:term":[{"taxonomy":"product_brand","embeddable":true,"href":"https:\/\/roveyayinevi.com.tr\/index.php\/wp-json\/wp\/v2\/product_brand?post=740730"},{"taxonomy":"product_cat","embeddable":true,"href":"https:\/\/roveyayinevi.com.tr\/index.php\/wp-json\/wp\/v2\/product_cat?post=740730"},{"taxonomy":"product_tag","embeddable":true,"href":"https:\/\/roveyayinevi.com.tr\/index.php\/wp-json\/wp\/v2\/product_tag?post=740730"}],"curies":[{"name":"wp","href":"https:\/\/api.w.org\/{rel}","templated":true}]}}