{"id":740729,"date":"2025-08-28T00:33:54","date_gmt":"2025-08-27T21:33:54","guid":{"rendered":"https:\/\/roveyayinevi.com.tr\/index.php\/urun\/yeni-musteri-kazanmak-kolay-uygulanabilir-taktiklerle-is-gelistirmek-ve-musteri-kazanmak-icin-temel-kilavuz\/"},"modified":"2026-04-16T02:51:58","modified_gmt":"2026-04-15T23:51:58","slug":"yeni-musteri-kazanmak-kolay-uygulanabilir-taktiklerle-is-gelistirmek-ve-musteri-kazanmak-icin-temel-kilavuz","status":"publish","type":"product","link":"https:\/\/roveyayinevi.com.tr\/index.php\/urun\/yeni-musteri-kazanmak-kolay-uygulanabilir-taktiklerle-is-gelistirmek-ve-musteri-kazanmak-icin-temel-kilavuz\/","title":{"rendered":"Yeni M\u00fc\u015fteri Kazanmak -Kolay Uygulanabilir Taktiklerle \u0130\u015f Geli\u015ftirmek ve M\u00fc\u015fteri Kazanmak \u0130\u00e7in Temel K\u0131lavuz"},"content":{"rendered":"<p>Sat\u0131\u015f i\u015finin can damar\u0131 yeni m\u00fc\u015fteriler kazanmakt\u0131r. Mike Weinberg, YeniM\u00fc\u015fteri Kazanmak&#8217;ta i\u015f geli\u015ftirme ve sat\u0131\u015f \u00fczerine paha bi\u00e7ilmez tecr\u00fcbele-rini, komik ama e\u011fitici an\u0131lar\u0131n\u0131 anlat\u0131yor ve kimsenin dosdo\u011fru s\u00f6ylemeyecesaret edemedi\u011fi samimi tavsiyelerde bulunuyor. Pek \u00e7ok sat\u0131\u015f\u00e7\u0131n\u0131n vey\u00f6neticinin yapt\u0131\u011f\u0131 \u00f6nemli hatalar\u0131 inceleyerek hedefe ula\u015fmaya yard\u0131mc\u0131olacak s\u0131rad\u0131\u015f\u0131 ipu\u00e7lar\u0131 veriyor.M\u00fc\u015fterilerin sat\u0131\u015f kar\u015f\u0131t\u0131 i\u00e7g\u00fcd\u00fclerinin \u00fcstesinden nas\u0131l geleceksiniz?Do\u011fru m\u00fc\u015fterileri se\u00e7ip takip etmenin ve onlar\u0131 kazanman\u0131n daha basit bir yolu yok mu? Weinberg bu sorulara hi\u00e7 laf\u0131n\u0131 esirgemeden cevap verirken kendi sorular\u0131n\u0131 soruyor. Sat\u0131\u015fta sizi \u201cu\u00e7uracak\u201d sorular\u0131&#8230; En iyi 20 sat\u0131\u015f kitab\u0131 aras\u0131nda g\u00f6sterilen Yeni M\u00fc\u015fteri Kazanmak, sat\u0131\u015f i\u015finin\u00fcst\u00fcndeki t\u00fcm gizemi zaman zaman sert \u00e7\u0131kmak pahas\u0131na da\u011f\u0131tarak bu i\u015finasl\u0131nda ne kadar basit oldu\u011funu kan\u0131tl\u0131yor. \u201cBa\u015far\u0131\u201d ula\u015f\u0131lmaz ya da ille de\u00e7\u0131rp\u0131narak, zar zor elde edilen bir hedef de\u011fildir. Yeni m\u00fc\u015fteri kazanmaki\u00e7in yenilenmeye haz\u0131rsan\u0131z ba\u015far\u0131ya da haz\u0131rs\u0131n\u0131z demektir. \u201cCesurca. Sat\u0131\u015f i\u015findeyseniz ve hedefinize giden en iyi yolu bilmiyorsan\u0131zbu kitap tam size g\u00f6re. Kendinize ve sat\u0131\u015f ekibinize bir iyilik yap\u0131n ve bukitaptan herkese birer tane al\u0131n.\u201d &#8211; Smart Selling Tools Blog \u201cBu kitab\u0131n, sat\u0131\u015f\u00e7\u0131lar\u0131n i\u015flerinde daha iyi olmas\u0131n\u0131 ve daha \u00e7ok yeni m\u00fc\u015fterikazanmas\u0131n\u0131 sa\u011flayaca\u011f\u0131na y\u00fcrekten inan\u0131yorum.\u201d &#8211; Anthony Iannarino<\/p>\n","protected":false},"excerpt":{"rendered":"<p>Sat\u0131\u015f i\u015finin can damar\u0131 yeni m\u00fc\u015fteriler kazanmakt\u0131r. Mike Weinberg, YeniM\u00fc\u015fteri Kazanmak&#8217;ta i\u015f geli\u015ftirme ve sat\u0131\u015f \u00fczerine paha bi\u00e7ilmez tecr\u00fcbele-rini, komik ama e\u011fitici an\u0131lar\u0131n\u0131 anlat\u0131yor ve kimsenin<span class=\"excerpt-hellip\"> [\u2026]<\/span><\/p>\n","protected":false},"featured_media":0,"template":"","meta":{"_monsterinsights_skip_tracking":false,"_monsterinsights_sitenote_active":false,"_monsterinsights_sitenote_note":"","_monsterinsights_sitenote_category":0},"product_brand":[],"product_cat":[12364,12376],"product_tag":[],"class_list":{"0":"post-740729","1":"product","2":"type-product","3":"status-publish","5":"product_cat-genel-konular","6":"product_cat-kisisel-gelisim","7":"pa_cilt-ciltsiz","8":"pa_tur-kitap","9":"pa_yayinevi-epsilon-yayinlari","10":"pa_yazar-mike-weinberg","12":"first","13":"instock","14":"sale","15":"shipping-taxable","16":"purchasable","17":"product-type-simple"},"_links":{"self":[{"href":"https:\/\/roveyayinevi.com.tr\/index.php\/wp-json\/wp\/v2\/product\/740729","targetHints":{"allow":["GET"]}}],"collection":[{"href":"https:\/\/roveyayinevi.com.tr\/index.php\/wp-json\/wp\/v2\/product"}],"about":[{"href":"https:\/\/roveyayinevi.com.tr\/index.php\/wp-json\/wp\/v2\/types\/product"}],"wp:attachment":[{"href":"https:\/\/roveyayinevi.com.tr\/index.php\/wp-json\/wp\/v2\/media?parent=740729"}],"wp:term":[{"taxonomy":"product_brand","embeddable":true,"href":"https:\/\/roveyayinevi.com.tr\/index.php\/wp-json\/wp\/v2\/product_brand?post=740729"},{"taxonomy":"product_cat","embeddable":true,"href":"https:\/\/roveyayinevi.com.tr\/index.php\/wp-json\/wp\/v2\/product_cat?post=740729"},{"taxonomy":"product_tag","embeddable":true,"href":"https:\/\/roveyayinevi.com.tr\/index.php\/wp-json\/wp\/v2\/product_tag?post=740729"}],"curies":[{"name":"wp","href":"https:\/\/api.w.org\/{rel}","templated":true}]}}