{"id":740727,"date":"2025-08-28T00:33:51","date_gmt":"2025-08-27T21:33:51","guid":{"rendered":"https:\/\/roveyayinevi.com.tr\/index.php\/urun\/allahtan-cav-bellayi-vermemis\/"},"modified":"2026-04-16T02:51:58","modified_gmt":"2026-04-15T23:51:58","slug":"allahtan-cav-bellayi-vermemis","status":"publish","type":"product","link":"https:\/\/roveyayinevi.com.tr\/index.php\/urun\/allahtan-cav-bellayi-vermemis\/","title":{"rendered":"Allah\u2019tan \u00c7av Bella\u2019y\u0131 Vermemi\u015f"},"content":{"rendered":"<p>Ezilmeye dayanamay\u0131p greve giden koltuklar, serinlemek i\u00e7in cehennemden g\u00f6r\u00fcnt\u00fcl\u00fc arayanlar&#8230; Kulhakk\u0131na faizi kat\u0131k edip yer sofras\u0131na oturanlar,\u00f6te yanda bozuk tart\u0131larda maliyeti hesaplanan \u00e7ocuklar&#8230;Daha kimler ve neler!Konu\u015fmay\u0131 beceremeyen insanlar,insanl\u0131\u011f\u0131ndan utanan e\u015fyalar&#8230;Mustafa Burak Kurt, suyu sabuna kat\u0131p di\u015fe dokunan hatta dokundu\u011fu di\u015fi k\u0131ran hik\u00e2yeler anlat\u0131yor.Bir eli siyas\u00ee mizahta, bir eli toplumsal ele\u015ftiriyi yoklarkenokuyana kahkahalar att\u0131racak diyaloglar kuruyor.Allah&#8217;tan \u00c7av Bella&#8217;y\u0131 Vermemi\u015f.Ya bi de verseydi!<\/p>\n","protected":false},"excerpt":{"rendered":"<p>Ezilmeye dayanamay\u0131p greve giden koltuklar, serinlemek i\u00e7in cehennemden g\u00f6r\u00fcnt\u00fcl\u00fc arayanlar&#8230; Kulhakk\u0131na faizi kat\u0131k edip yer sofras\u0131na oturanlar,\u00f6te yanda bozuk tart\u0131larda maliyeti hesaplanan \u00e7ocuklar&#8230;Daha kimler ve neler!Konu\u015fmay\u0131<span class=\"excerpt-hellip\"> [\u2026]<\/span><\/p>\n","protected":false},"featured_media":0,"template":"","meta":{"_monsterinsights_skip_tracking":false,"_monsterinsights_sitenote_active":false,"_monsterinsights_sitenote_note":"","_monsterinsights_sitenote_category":0},"product_brand":[],"product_cat":[12416,12291],"product_tag":[],"class_list":{"0":"post-740727","1":"product","2":"type-product","3":"status-publish","5":"product_cat-cizgi-roman","6":"product_cat-edebiyat","7":"pa_cilt-ciltsiz","8":"pa_tur-kitap","9":"pa_yayinevi-sapiens-yayinlari","10":"pa_yazar-mustafa-burak-kurt","12":"first","13":"instock","14":"sale","15":"shipping-taxable","16":"purchasable","17":"product-type-simple"},"_links":{"self":[{"href":"https:\/\/roveyayinevi.com.tr\/index.php\/wp-json\/wp\/v2\/product\/740727","targetHints":{"allow":["GET"]}}],"collection":[{"href":"https:\/\/roveyayinevi.com.tr\/index.php\/wp-json\/wp\/v2\/product"}],"about":[{"href":"https:\/\/roveyayinevi.com.tr\/index.php\/wp-json\/wp\/v2\/types\/product"}],"wp:attachment":[{"href":"https:\/\/roveyayinevi.com.tr\/index.php\/wp-json\/wp\/v2\/media?parent=740727"}],"wp:term":[{"taxonomy":"product_brand","embeddable":true,"href":"https:\/\/roveyayinevi.com.tr\/index.php\/wp-json\/wp\/v2\/product_brand?post=740727"},{"taxonomy":"product_cat","embeddable":true,"href":"https:\/\/roveyayinevi.com.tr\/index.php\/wp-json\/wp\/v2\/product_cat?post=740727"},{"taxonomy":"product_tag","embeddable":true,"href":"https:\/\/roveyayinevi.com.tr\/index.php\/wp-json\/wp\/v2\/product_tag?post=740727"}],"curies":[{"name":"wp","href":"https:\/\/api.w.org\/{rel}","templated":true}]}}