{"id":740725,"date":"2025-08-28T00:33:48","date_gmt":"2025-08-27T21:33:48","guid":{"rendered":"https:\/\/roveyayinevi.com.tr\/index.php\/urun\/ahir-toplantisi\/"},"modified":"2026-04-16T02:51:58","modified_gmt":"2026-04-15T23:51:58","slug":"ahir-toplantisi","status":"publish","type":"product","link":"https:\/\/roveyayinevi.com.tr\/index.php\/urun\/ahir-toplantisi\/","title":{"rendered":"Ah\u0131r Toplant\u0131s\u0131"},"content":{"rendered":"<p>Ke\u00e7i ve koyunlar\u0131n her sene d\u00fczenledikleri\u201cD\u00fcnya K\u00fc\u00e7\u00fckba\u015flar\u0131na \u00d6zg\u00fcrl\u00fck Mitingleri\u201d M\u00fcsl\u00fcmanlar taraf\u0131ndan f\u0131rsat biliniyor, \u00f6l\u00fcmlerine sebepoluyordu. Bu hayvanlar\u0131n \u00f6l\u00fcm\u00fc Kurban Bayram\u0131 ad\u0131n\u0131 al\u0131yorve bunu da sadece insanlar kutluyordu. Sadece bu kadar de\u011fil!Binali\u2019nin telefonunun zili \u00e7al\u0131yor, Devlet Bey d\u00fc\u011fmeye bas\u0131yor,akrep boylu olan yelkovan\u0131n uzunlu\u011funa bir t\u00fcrl\u00fc eri\u015femiyor.Necaset Bey, Ge\u00e7irbank\u2019tan kredi kullanmaya \u00e7al\u0131\u015f\u0131yor, alaca\u011f\u0131n\u0131 kurtarma \u00e7al\u0131\u015fmalar\u0131na giri\u015fen k\u00fc\u00e7\u00fckesnaf boyunu a\u015fan dalgalara direnmeye \u00e7abal\u0131yor.K\u0131sacas\u0131 T\u00fcrk edebiyat\u0131n\u0131n en ayk\u0131r\u0131ve kahkahal\u0131 sesi Mustafa Burak Kurt,yine yapaca\u011f\u0131n\u0131 yap\u0131yor.Ah\u0131r Toplant\u0131s\u0131, zoolojiden siyaset k\u00fcrs\u00fclerineuzanan diyaloglar\u0131 bir araya getiriyor.K\u0131s k\u0131s g\u00fcl\u00fcnecek ve mutlaka k\u0131s\u0131k sesle okunacak hik\u00e2yeler.Herkes g\u00fcls\u00fcn ama sak\u0131n kimse duymas\u0131n diye\u2026<\/p>\n","protected":false},"excerpt":{"rendered":"<p>Ke\u00e7i ve koyunlar\u0131n her sene d\u00fczenledikleri\u201cD\u00fcnya K\u00fc\u00e7\u00fckba\u015flar\u0131na \u00d6zg\u00fcrl\u00fck Mitingleri\u201d M\u00fcsl\u00fcmanlar taraf\u0131ndan f\u0131rsat biliniyor, \u00f6l\u00fcmlerine sebepoluyordu. Bu hayvanlar\u0131n \u00f6l\u00fcm\u00fc Kurban Bayram\u0131 ad\u0131n\u0131 al\u0131yorve bunu da sadece insanlar<span class=\"excerpt-hellip\"> [\u2026]<\/span><\/p>\n","protected":false},"featured_media":0,"template":"","meta":{"_monsterinsights_skip_tracking":false,"_monsterinsights_sitenote_active":false,"_monsterinsights_sitenote_note":"","_monsterinsights_sitenote_category":0},"product_brand":[],"product_cat":[12416,12291],"product_tag":[],"class_list":{"0":"post-740725","1":"product","2":"type-product","3":"status-publish","5":"product_cat-cizgi-roman","6":"product_cat-edebiyat","7":"pa_cilt-ciltsiz","8":"pa_tur-kitap","9":"pa_yayinevi-sapiens-yayinlari","10":"pa_yazar-mustafa-burak-kurt","12":"first","13":"instock","14":"sale","15":"shipping-taxable","16":"purchasable","17":"product-type-simple"},"_links":{"self":[{"href":"https:\/\/roveyayinevi.com.tr\/index.php\/wp-json\/wp\/v2\/product\/740725","targetHints":{"allow":["GET"]}}],"collection":[{"href":"https:\/\/roveyayinevi.com.tr\/index.php\/wp-json\/wp\/v2\/product"}],"about":[{"href":"https:\/\/roveyayinevi.com.tr\/index.php\/wp-json\/wp\/v2\/types\/product"}],"wp:attachment":[{"href":"https:\/\/roveyayinevi.com.tr\/index.php\/wp-json\/wp\/v2\/media?parent=740725"}],"wp:term":[{"taxonomy":"product_brand","embeddable":true,"href":"https:\/\/roveyayinevi.com.tr\/index.php\/wp-json\/wp\/v2\/product_brand?post=740725"},{"taxonomy":"product_cat","embeddable":true,"href":"https:\/\/roveyayinevi.com.tr\/index.php\/wp-json\/wp\/v2\/product_cat?post=740725"},{"taxonomy":"product_tag","embeddable":true,"href":"https:\/\/roveyayinevi.com.tr\/index.php\/wp-json\/wp\/v2\/product_tag?post=740725"}],"curies":[{"name":"wp","href":"https:\/\/api.w.org\/{rel}","templated":true}]}}