{"id":740721,"date":"2025-08-28T00:33:44","date_gmt":"2025-08-27T21:33:44","guid":{"rendered":"https:\/\/roveyayinevi.com.tr\/index.php\/urun\/goklerin-hakimi-2\/"},"modified":"2026-04-16T02:51:57","modified_gmt":"2026-04-15T23:51:57","slug":"goklerin-hakimi-2","status":"publish","type":"product","link":"https:\/\/roveyayinevi.com.tr\/index.php\/urun\/goklerin-hakimi-2\/","title":{"rendered":"G\u00f6klerin Hakimi"},"content":{"rendered":"<p>Ailesi ile birlikte \u0130sko\u00e7ya\u2019n\u0131n k\u00fc\u00e7\u00fck bir k\u00f6y\u00fcndeki bir \u00e7iftlikte ya\u015fayan on bir ya\u015f\u0131ndaki Callum bir g\u00fcn \u00e7iftliklerinin yak\u0131n\u0131ndaki nehirde \u00e7\u0131plak elle bal\u0131k avlayan Iona ad\u0131ndaki bir k\u0131zla tan\u0131\u015f\u0131r. K\u00f6ye yeni gelen ve di\u011fer \u00e7ocuklar taraf\u0131ndan pek de s\u0131cak kar\u015f\u0131lanmayan bu ilgin\u00e7 k\u0131z, Callum ile bir s\u0131rr\u0131n\u0131 payla\u015f\u0131r: \u00c7iftliklerinde bir bal\u0131k kartal\u0131 vard\u0131r! \u00c7ok nadir bulunan ve t\u00fcr\u00fc koruma alt\u0131nda olan bal\u0131k kartal\u0131n\u0131n g\u00fcvenli\u011fi i\u00e7in bu s\u0131rr\u0131 ba\u015fka hi\u00e7 kimseyle payla\u015fmamalar\u0131 gerekmektedir.  O g\u00fcnden sonra arkada\u015f olan ve bal\u0131k kartal\u0131n\u0131 her f\u0131rsatta kontrol eden Callum ile Iona bu s\u0131rr\u0131 ne pahas\u0131na olursa olsun koruyacaklar\u0131na dair birbirlerine s\u00f6z verirler. Bu s\u00f6z, Callum\u2019un hayat\u0131n\u0131 sonsuza dek de\u011fi\u015ftirecektir\u2026 <\/p>\n","protected":false},"excerpt":{"rendered":"<p>Ailesi ile birlikte \u0130sko\u00e7ya\u2019n\u0131n k\u00fc\u00e7\u00fck bir k\u00f6y\u00fcndeki bir \u00e7iftlikte ya\u015fayan on bir ya\u015f\u0131ndaki Callum bir g\u00fcn \u00e7iftliklerinin yak\u0131n\u0131ndaki nehirde \u00e7\u0131plak elle bal\u0131k avlayan Iona ad\u0131ndaki bir<span class=\"excerpt-hellip\"> [\u2026]<\/span><\/p>\n","protected":false},"featured_media":0,"template":"","meta":{"_monsterinsights_skip_tracking":false,"_monsterinsights_sitenote_active":false,"_monsterinsights_sitenote_note":"","_monsterinsights_sitenote_category":0},"product_brand":[],"product_cat":[12274,12284],"product_tag":[],"class_list":{"0":"post-740721","1":"product","2":"type-product","3":"status-publish","5":"product_cat-cocuk-ve-genclik-kitaplari","6":"product_cat-hikayeler","7":"pa_cilt-ciltsiz","8":"pa_tur-kitap","9":"pa_yayinevi-beyaz-balina-yayinlari","10":"pa_yazar-gill-lewis","12":"first","13":"instock","14":"sale","15":"shipping-taxable","16":"purchasable","17":"product-type-simple"},"_links":{"self":[{"href":"https:\/\/roveyayinevi.com.tr\/index.php\/wp-json\/wp\/v2\/product\/740721","targetHints":{"allow":["GET"]}}],"collection":[{"href":"https:\/\/roveyayinevi.com.tr\/index.php\/wp-json\/wp\/v2\/product"}],"about":[{"href":"https:\/\/roveyayinevi.com.tr\/index.php\/wp-json\/wp\/v2\/types\/product"}],"wp:attachment":[{"href":"https:\/\/roveyayinevi.com.tr\/index.php\/wp-json\/wp\/v2\/media?parent=740721"}],"wp:term":[{"taxonomy":"product_brand","embeddable":true,"href":"https:\/\/roveyayinevi.com.tr\/index.php\/wp-json\/wp\/v2\/product_brand?post=740721"},{"taxonomy":"product_cat","embeddable":true,"href":"https:\/\/roveyayinevi.com.tr\/index.php\/wp-json\/wp\/v2\/product_cat?post=740721"},{"taxonomy":"product_tag","embeddable":true,"href":"https:\/\/roveyayinevi.com.tr\/index.php\/wp-json\/wp\/v2\/product_tag?post=740721"}],"curies":[{"name":"wp","href":"https:\/\/api.w.org\/{rel}","templated":true}]}}