{"id":740720,"date":"2025-08-28T00:33:43","date_gmt":"2025-08-27T21:33:43","guid":{"rendered":"https:\/\/roveyayinevi.com.tr\/index.php\/urun\/1960-askeri-mudahalesi-ve-milli-birlik-komitesinde-yasanan-ihtilaflar\/"},"modified":"2026-04-16T02:51:57","modified_gmt":"2026-04-15T23:51:57","slug":"1960-askeri-mudahalesi-ve-milli-birlik-komitesinde-yasanan-ihtilaflar","status":"publish","type":"product","link":"https:\/\/roveyayinevi.com.tr\/index.php\/urun\/1960-askeri-mudahalesi-ve-milli-birlik-komitesinde-yasanan-ihtilaflar\/","title":{"rendered":"1960 Askeri M\u00fcdahalesi ve Milli Birlik Komitesinde Ya\u015fanan \u0130htilaflar"},"content":{"rendered":"<p>27 May\u0131s 1960 sabah\u0131n\u0131n ilk saatlerinde,t\u00fcm T\u00fcrkiye\u2019de Alparslan T\u00fcrke\u015f&#8217;in sesi yank\u0131lan\u0131r. Demokrat Parti iktidar\u0131na kar\u015f\u0131asker\u00ee bir m\u00fcdahale yap\u0131lm\u0131\u015fve \u00fclke \u00e7alkant\u0131l\u0131 bir d\u00f6neme girmi\u015ftir.B\u00fcrokratik sava\u015flar, asker\u00ee hiziplerve g\u00f6r\u00fc\u015f ayr\u0131l\u0131klar\u0131&#8230;Cemal \u00c7a\u011fatay Yaln\u0131z, m\u00fcdahaleyi,ard\u0131ndan kurulan Milli Birlik Komitesi&#8217;nive komitenin i\u00e7inde ya\u015fanan gerilimleri anlat\u0131yor. 1960&#8217;ta ya\u015fananlar\u0131n perde arkas\u0131n\u0131 pop\u00fclizmekurban etmeden so\u011fukkanl\u0131 bir \u015fekildekaynaklar\u0131yla ele al\u0131yor.Bir d\u00f6nemin foto\u011fraf\u0131n\u0131 t\u00fcmboyutlar\u0131yla \u00e7ekip bilim d\u00fcnyas\u0131na sunuyor.<\/p>\n","protected":false},"excerpt":{"rendered":"<p>27 May\u0131s 1960 sabah\u0131n\u0131n ilk saatlerinde,t\u00fcm T\u00fcrkiye\u2019de Alparslan T\u00fcrke\u015f&#8217;in sesi yank\u0131lan\u0131r. Demokrat Parti iktidar\u0131na kar\u015f\u0131asker\u00ee bir m\u00fcdahale yap\u0131lm\u0131\u015fve \u00fclke \u00e7alkant\u0131l\u0131 bir d\u00f6neme girmi\u015ftir.B\u00fcrokratik sava\u015flar, asker\u00ee hiziplerve<span class=\"excerpt-hellip\"> [\u2026]<\/span><\/p>\n","protected":false},"featured_media":0,"template":"","meta":{"_monsterinsights_skip_tracking":false,"_monsterinsights_sitenote_active":false,"_monsterinsights_sitenote_note":"","_monsterinsights_sitenote_category":0},"product_brand":[],"product_cat":[13590,12337],"product_tag":[],"class_list":{"0":"post-740720","1":"product","2":"type-product","3":"status-publish","5":"product_cat-arastirma-inceleme-politika-siyaset","6":"product_cat-politika-siyaset","7":"pa_cilt-ciltsiz","8":"pa_tur-kitap","9":"pa_yayinevi-sapiens-yayinlari","10":"pa_yazar-cemal-cagatay-yalniz","12":"first","13":"instock","14":"sale","15":"shipping-taxable","16":"purchasable","17":"product-type-simple"},"_links":{"self":[{"href":"https:\/\/roveyayinevi.com.tr\/index.php\/wp-json\/wp\/v2\/product\/740720","targetHints":{"allow":["GET"]}}],"collection":[{"href":"https:\/\/roveyayinevi.com.tr\/index.php\/wp-json\/wp\/v2\/product"}],"about":[{"href":"https:\/\/roveyayinevi.com.tr\/index.php\/wp-json\/wp\/v2\/types\/product"}],"wp:attachment":[{"href":"https:\/\/roveyayinevi.com.tr\/index.php\/wp-json\/wp\/v2\/media?parent=740720"}],"wp:term":[{"taxonomy":"product_brand","embeddable":true,"href":"https:\/\/roveyayinevi.com.tr\/index.php\/wp-json\/wp\/v2\/product_brand?post=740720"},{"taxonomy":"product_cat","embeddable":true,"href":"https:\/\/roveyayinevi.com.tr\/index.php\/wp-json\/wp\/v2\/product_cat?post=740720"},{"taxonomy":"product_tag","embeddable":true,"href":"https:\/\/roveyayinevi.com.tr\/index.php\/wp-json\/wp\/v2\/product_tag?post=740720"}],"curies":[{"name":"wp","href":"https:\/\/api.w.org\/{rel}","templated":true}]}}