{"id":740718,"date":"2025-08-28T00:33:40","date_gmt":"2025-08-27T21:33:40","guid":{"rendered":"https:\/\/roveyayinevi.com.tr\/index.php\/urun\/sudoku-gezegeni-2-baslangic-kolay-orta-zor-6-yas\/"},"modified":"2026-04-16T02:51:57","modified_gmt":"2026-04-15T23:51:57","slug":"sudoku-gezegeni-2-baslangic-kolay-orta-zor-6-yas","status":"publish","type":"product","link":"https:\/\/roveyayinevi.com.tr\/index.php\/urun\/sudoku-gezegeni-2-baslangic-kolay-orta-zor-6-yas\/","title":{"rendered":"Sudoku Gezegeni 2 Ba\u015flang\u0131\u00e7, Kolay, Orta, Zor 6+ Ya\u015f"},"content":{"rendered":"<p>Sudoku Gezegeni 2 Ba\u015flang\u0131\u00e7, Kolay, Orta, Zor6+ Ya\u015fSUDOKU GEZEGEN\u0130 2 BA\u015eLANGI\u00c7, KOLAY, ORTA, ZOR 6+ YA\u015e Sudoku Gezegeni&#8217;ne yolculu\u011fa haz\u0131r m\u0131s\u0131n\u0131z? Sudokuyu  \u00f6nce \u00f6\u011freten sonra en zor seviyelere kadar ula\u015fman\u0131z\u0131 sa\u011flayan Sudoku Gezegeni kitaplar\u0131yla e\u011flenceli bir yolculuk sizi bekliyor. 4&#215;4 sudokularla ba\u015flay\u0131p 6&#215;6&#8217;larla devam edecek ve 9&#215;9 seviyesine y\u00fckseleceksiniz. Geri say\u0131m ba\u015flad\u0131! 9, 8, 7, 6&#8230; <\/p>\n","protected":false},"excerpt":{"rendered":"<p>Sudoku Gezegeni 2 Ba\u015flang\u0131\u00e7, Kolay, Orta, Zor6+ Ya\u015fSUDOKU GEZEGEN\u0130 2 BA\u015eLANGI\u00c7, KOLAY, ORTA, ZOR 6+ YA\u015e Sudoku Gezegeni&#8217;ne yolculu\u011fa haz\u0131r m\u0131s\u0131n\u0131z? Sudokuyu \u00f6nce \u00f6\u011freten sonra en<span class=\"excerpt-hellip\"> [\u2026]<\/span><\/p>\n","protected":false},"featured_media":0,"template":"","meta":{"_monsterinsights_skip_tracking":false,"_monsterinsights_sitenote_active":false,"_monsterinsights_sitenote_note":"","_monsterinsights_sitenote_category":0},"product_brand":[],"product_cat":[12492,12274],"product_tag":[],"class_list":{"0":"post-740718","1":"product","2":"type-product","3":"status-publish","5":"product_cat-bilmece-bulmaca","6":"product_cat-cocuk-ve-genclik-kitaplari","7":"pa_cilt-ciltsiz","8":"pa_tur-kitap","9":"pa_yayinevi-beyaz-balina-yayinlari","10":"pa_yazar-beyaz-balina-yayinlari-kolektif","12":"first","13":"instock","14":"sale","15":"shipping-taxable","16":"purchasable","17":"product-type-simple"},"_links":{"self":[{"href":"https:\/\/roveyayinevi.com.tr\/index.php\/wp-json\/wp\/v2\/product\/740718","targetHints":{"allow":["GET"]}}],"collection":[{"href":"https:\/\/roveyayinevi.com.tr\/index.php\/wp-json\/wp\/v2\/product"}],"about":[{"href":"https:\/\/roveyayinevi.com.tr\/index.php\/wp-json\/wp\/v2\/types\/product"}],"wp:attachment":[{"href":"https:\/\/roveyayinevi.com.tr\/index.php\/wp-json\/wp\/v2\/media?parent=740718"}],"wp:term":[{"taxonomy":"product_brand","embeddable":true,"href":"https:\/\/roveyayinevi.com.tr\/index.php\/wp-json\/wp\/v2\/product_brand?post=740718"},{"taxonomy":"product_cat","embeddable":true,"href":"https:\/\/roveyayinevi.com.tr\/index.php\/wp-json\/wp\/v2\/product_cat?post=740718"},{"taxonomy":"product_tag","embeddable":true,"href":"https:\/\/roveyayinevi.com.tr\/index.php\/wp-json\/wp\/v2\/product_tag?post=740718"}],"curies":[{"name":"wp","href":"https:\/\/api.w.org\/{rel}","templated":true}]}}