{"id":740716,"date":"2025-08-28T00:33:38","date_gmt":"2025-08-27T21:33:38","guid":{"rendered":"https:\/\/roveyayinevi.com.tr\/index.php\/urun\/kimse-sana-karsi-degil\/"},"modified":"2026-04-12T02:56:12","modified_gmt":"2026-04-11T23:56:12","slug":"kimse-sana-karsi-degil","status":"publish","type":"product","link":"https:\/\/roveyayinevi.com.tr\/index.php\/urun\/kimse-sana-karsi-degil\/","title":{"rendered":"Kimse Sana Kar\u015f\u0131 De\u011fil"},"content":{"rendered":"<p>Kimse Sana Kar\u015f\u0131 De\u011filKadriye Koba\u201cBir foto\u011fraf \u00e7ektiriyorsunuz, kalabal\u0131k bir grup h\u00e2linde.\u00c7ekilen foto\u011frafta nas\u0131l g\u00f6r\u00fcn\u00fcyor diye ilk kime bak\u0131yorsunuz?Kendinizemi?\u201dEn \u00e7ok \u00f6nemsedi\u011fimiz insan\u0131 tan\u0131m\u0131yoruz.Al\u0131\u015fkanl\u0131klar\u0131n\u0131 bilmiyoruz.Neden var oldu\u011funu,\u201ciyi ki var\u201d oldu\u011funu g\u00f6zdenka\u00e7\u0131r\u0131yoruz s\u0131k s\u0131k.En \u00e7ok merak etti\u011fimiz ki\u015fiyiba\u015fkalar\u0131n\u0131n s\u00f6zlerine terk ediyoruz.En \u00f6nemlimizi yani.Kendimizi&#8230;Kadriye Koba,kelimelerin \u015fiddetini,t\u00f6rp\u00fclenecek sivri yerlerive hatalardan \u00f6\u011frenilecek \u015feyleri anlat\u0131yor.\u201cKendinize bak\u0131n,\u201d diyor.\u201cG\u00fcl\u00fcmseyin,\u00e7ekiyorum.\u201d<\/p>\n","protected":false},"excerpt":{"rendered":"<p>Kimse Sana Kar\u015f\u0131 De\u011filKadriye Koba\u201cBir foto\u011fraf \u00e7ektiriyorsunuz, kalabal\u0131k bir grup h\u00e2linde.\u00c7ekilen foto\u011frafta nas\u0131l g\u00f6r\u00fcn\u00fcyor diye ilk kime bak\u0131yorsunuz?Kendinizemi?\u201dEn \u00e7ok \u00f6nemsedi\u011fimiz insan\u0131 tan\u0131m\u0131yoruz.Al\u0131\u015fkanl\u0131klar\u0131n\u0131 bilmiyoruz.Neden var oldu\u011funu,\u201ciyi ki<span class=\"excerpt-hellip\"> [\u2026]<\/span><\/p>\n","protected":false},"featured_media":0,"template":"","meta":{"_monsterinsights_skip_tracking":false,"_monsterinsights_sitenote_active":false,"_monsterinsights_sitenote_note":"","_monsterinsights_sitenote_category":0},"product_brand":[],"product_cat":[12364,12376],"product_tag":[],"class_list":{"0":"post-740716","1":"product","2":"type-product","3":"status-publish","5":"product_cat-genel-konular","6":"product_cat-kisisel-gelisim","7":"pa_cilt-ciltsiz","8":"pa_tur-kitap","9":"pa_yayinevi-sapiens-yayinlari","10":"pa_yazar-kadriye-koba","12":"first","13":"instock","14":"sale","15":"shipping-taxable","16":"purchasable","17":"product-type-simple"},"_links":{"self":[{"href":"https:\/\/roveyayinevi.com.tr\/index.php\/wp-json\/wp\/v2\/product\/740716","targetHints":{"allow":["GET"]}}],"collection":[{"href":"https:\/\/roveyayinevi.com.tr\/index.php\/wp-json\/wp\/v2\/product"}],"about":[{"href":"https:\/\/roveyayinevi.com.tr\/index.php\/wp-json\/wp\/v2\/types\/product"}],"wp:attachment":[{"href":"https:\/\/roveyayinevi.com.tr\/index.php\/wp-json\/wp\/v2\/media?parent=740716"}],"wp:term":[{"taxonomy":"product_brand","embeddable":true,"href":"https:\/\/roveyayinevi.com.tr\/index.php\/wp-json\/wp\/v2\/product_brand?post=740716"},{"taxonomy":"product_cat","embeddable":true,"href":"https:\/\/roveyayinevi.com.tr\/index.php\/wp-json\/wp\/v2\/product_cat?post=740716"},{"taxonomy":"product_tag","embeddable":true,"href":"https:\/\/roveyayinevi.com.tr\/index.php\/wp-json\/wp\/v2\/product_tag?post=740716"}],"curies":[{"name":"wp","href":"https:\/\/api.w.org\/{rel}","templated":true}]}}