{"id":740714,"date":"2025-08-28T00:33:36","date_gmt":"2025-08-27T21:33:36","guid":{"rendered":"https:\/\/roveyayinevi.com.tr\/index.php\/urun\/kirmizi-ve-kadin\/"},"modified":"2026-04-16T02:51:57","modified_gmt":"2026-04-15T23:51:57","slug":"kirmizi-ve-kadin","status":"publish","type":"product","link":"https:\/\/roveyayinevi.com.tr\/index.php\/urun\/kirmizi-ve-kadin\/","title":{"rendered":"K\u0131rm\u0131z\u0131 ve Kad\u0131n"},"content":{"rendered":"<p>K\u0131rm\u0131z\u0131 ve Kad\u0131nNur ErgelenIs\u0131tmayan eldivenlerin modas\u0131,sobal\u0131 evlerin kaderi buz gibi sofalar.Ihlamur kokusu sinmi\u015f insanlar\u0131n \u00fcst\u00fcne.Dede gibi kokman\u0131n dayan\u0131lmaz korkusu&#8230;Ad\u0131m ad\u0131m b\u00fcy\u00fcme \u00e7abas\u0131nda bir k\u0131z.Mantosu, \u015fapkas\u0131&#8230;Yer g\u00f6k k\u0131rm\u0131z\u0131.&#8221;Gelenektir, tokat at\u0131l\u0131r ilk kirlendi\u011fin zaman.&#8221;Y\u00fcrekleri temiz olmayanlar\u0131n sanc\u0131s\u0131&#8230;K\u0131rm\u0131z\u0131 ve Kad\u0131n, s\u00f6ylenmeyeni dile getirmenin hik\u00e2yesi.K\u0131sa, iz b\u0131rakan, nemli&#8230;H\u00fczn\u00fc siper edinmi\u015f bir sonbahar gibi&#8230;<\/p>\n","protected":false},"excerpt":{"rendered":"<p>K\u0131rm\u0131z\u0131 ve Kad\u0131nNur ErgelenIs\u0131tmayan eldivenlerin modas\u0131,sobal\u0131 evlerin kaderi buz gibi sofalar.Ihlamur kokusu sinmi\u015f insanlar\u0131n \u00fcst\u00fcne.Dede gibi kokman\u0131n dayan\u0131lmaz korkusu&#8230;Ad\u0131m ad\u0131m b\u00fcy\u00fcme \u00e7abas\u0131nda bir k\u0131z.Mantosu, \u015fapkas\u0131&#8230;Yer g\u00f6k<span class=\"excerpt-hellip\"> [\u2026]<\/span><\/p>\n","protected":false},"featured_media":0,"template":"","meta":{"_monsterinsights_skip_tracking":false,"_monsterinsights_sitenote_active":false,"_monsterinsights_sitenote_note":"","_monsterinsights_sitenote_category":0},"product_brand":[],"product_cat":[12291,12711],"product_tag":[],"class_list":{"0":"post-740714","1":"product","2":"type-product","3":"status-publish","5":"product_cat-edebiyat","6":"product_cat-roman-oyku","7":"pa_cilt-ciltsiz","8":"pa_tur-kitap","9":"pa_yayinevi-sapiens-yayinlari","10":"pa_yazar-nur-ergelen","12":"first","13":"instock","14":"sale","15":"shipping-taxable","16":"purchasable","17":"product-type-simple"},"_links":{"self":[{"href":"https:\/\/roveyayinevi.com.tr\/index.php\/wp-json\/wp\/v2\/product\/740714","targetHints":{"allow":["GET"]}}],"collection":[{"href":"https:\/\/roveyayinevi.com.tr\/index.php\/wp-json\/wp\/v2\/product"}],"about":[{"href":"https:\/\/roveyayinevi.com.tr\/index.php\/wp-json\/wp\/v2\/types\/product"}],"wp:attachment":[{"href":"https:\/\/roveyayinevi.com.tr\/index.php\/wp-json\/wp\/v2\/media?parent=740714"}],"wp:term":[{"taxonomy":"product_brand","embeddable":true,"href":"https:\/\/roveyayinevi.com.tr\/index.php\/wp-json\/wp\/v2\/product_brand?post=740714"},{"taxonomy":"product_cat","embeddable":true,"href":"https:\/\/roveyayinevi.com.tr\/index.php\/wp-json\/wp\/v2\/product_cat?post=740714"},{"taxonomy":"product_tag","embeddable":true,"href":"https:\/\/roveyayinevi.com.tr\/index.php\/wp-json\/wp\/v2\/product_tag?post=740714"}],"curies":[{"name":"wp","href":"https:\/\/api.w.org\/{rel}","templated":true}]}}