{"id":740713,"date":"2025-08-28T00:33:34","date_gmt":"2025-08-27T21:33:34","guid":{"rendered":"https:\/\/roveyayinevi.com.tr\/index.php\/urun\/kissadan-hisse\/"},"modified":"2026-04-16T02:51:57","modified_gmt":"2026-04-15T23:51:57","slug":"kissadan-hisse","status":"publish","type":"product","link":"https:\/\/roveyayinevi.com.tr\/index.php\/urun\/kissadan-hisse\/","title":{"rendered":"K\u0131ssadan Hisse"},"content":{"rendered":"<p>K\u0131ssadan HisseAhmet Mithat EfendiDo\u011fu d\u00fcnyas\u0131, \u00f6zl\u00fc s\u00f6zlerin diyar\u0131.Gevezeli\u011fe de yer yok orada, laf cambazl\u0131\u011f\u0131na da.Hik\u00e2yeler her zaman k\u0131ssa k\u0131vam\u0131nda.Her anlat\u0131, ders vermek i\u00e7in \u00e7\u0131kar a\u011f\u0131zdan.Her k\u0131ssa, bir hisseyi do\u011furmak i\u00e7in vard\u0131r.K\u0131ssadan Hisse Ahmet Mithat Efendi&#8217;nin ilk kitab\u0131.Kadim d\u00fcnyan\u0131n a\u015fina oldu\u011fu elli dersinelli hik\u00e2yeye b\u00fcr\u00fcnmesi.Tatl\u0131 bir metin, renkli bir masallar d\u00fcnyas\u0131.Do\u011funun bat\u0131 ile kucakla\u015fmas\u0131.Kaleme al\u0131n\u0131\u015f\u0131n\u0131n y\u00fcz ellinci y\u0131l\u0131nda,ilk kez g\u00fcn\u00fcm\u00fcz T\u00fcrk\u00e7esiyle&#8230;<\/p>\n","protected":false},"excerpt":{"rendered":"<p>K\u0131ssadan HisseAhmet Mithat EfendiDo\u011fu d\u00fcnyas\u0131, \u00f6zl\u00fc s\u00f6zlerin diyar\u0131.Gevezeli\u011fe de yer yok orada, laf cambazl\u0131\u011f\u0131na da.Hik\u00e2yeler her zaman k\u0131ssa k\u0131vam\u0131nda.Her anlat\u0131, ders vermek i\u00e7in \u00e7\u0131kar a\u011f\u0131zdan.Her k\u0131ssa,<span class=\"excerpt-hellip\"> [\u2026]<\/span><\/p>\n","protected":false},"featured_media":0,"template":"","meta":{"_monsterinsights_skip_tracking":false,"_monsterinsights_sitenote_active":false,"_monsterinsights_sitenote_note":"","_monsterinsights_sitenote_category":0},"product_brand":[],"product_cat":[12291,12711],"product_tag":[],"class_list":{"0":"post-740713","1":"product","2":"type-product","3":"status-publish","5":"product_cat-edebiyat","6":"product_cat-roman-oyku","7":"pa_cilt-ciltsiz","8":"pa_tur-kitap","9":"pa_yayinevi-sapiens-yayinlari","10":"pa_yazar-ahmet-mithat-efendi","12":"first","13":"instock","14":"sale","15":"shipping-taxable","16":"purchasable","17":"product-type-simple"},"_links":{"self":[{"href":"https:\/\/roveyayinevi.com.tr\/index.php\/wp-json\/wp\/v2\/product\/740713","targetHints":{"allow":["GET"]}}],"collection":[{"href":"https:\/\/roveyayinevi.com.tr\/index.php\/wp-json\/wp\/v2\/product"}],"about":[{"href":"https:\/\/roveyayinevi.com.tr\/index.php\/wp-json\/wp\/v2\/types\/product"}],"wp:attachment":[{"href":"https:\/\/roveyayinevi.com.tr\/index.php\/wp-json\/wp\/v2\/media?parent=740713"}],"wp:term":[{"taxonomy":"product_brand","embeddable":true,"href":"https:\/\/roveyayinevi.com.tr\/index.php\/wp-json\/wp\/v2\/product_brand?post=740713"},{"taxonomy":"product_cat","embeddable":true,"href":"https:\/\/roveyayinevi.com.tr\/index.php\/wp-json\/wp\/v2\/product_cat?post=740713"},{"taxonomy":"product_tag","embeddable":true,"href":"https:\/\/roveyayinevi.com.tr\/index.php\/wp-json\/wp\/v2\/product_tag?post=740713"}],"curies":[{"name":"wp","href":"https:\/\/api.w.org\/{rel}","templated":true}]}}