{"id":740708,"date":"2025-08-28T00:33:28","date_gmt":"2025-08-27T21:33:28","guid":{"rendered":"https:\/\/roveyayinevi.com.tr\/index.php\/urun\/101-nolu-oda\/"},"modified":"2026-01-22T03:15:20","modified_gmt":"2026-01-22T00:15:20","slug":"101-nolu-oda","status":"publish","type":"product","link":"https:\/\/roveyayinevi.com.tr\/index.php\/urun\/101-nolu-oda\/","title":{"rendered":"101 Nolu Oda"},"content":{"rendered":"<p>1984 y\u0131l\u0131 uzunca bir zamandan berisadece bir tarih de\u011fil.\u00c7ok daha \u00f6tesi.Tarihe alt\u0131n harflerle ge\u00e7en bir roman\u0131n ismi.Ve yazar\u0131, yazarlar\u0131n en b\u00fcy\u00fcklerinden George Orwell.101 Nolu Oda,bilimkurgu-\u00fctopya-distopya t\u00fcr\u00fcnden dokuz hik\u00e2yeyi,Orwell&#8217;in an\u0131s\u0131na, bir araya getiriyor.Yerli edebiyata k\u00fc\u00e7\u00fck ama c\u00fcretk\u00e2r bir katk\u0131<\/p>\n","protected":false},"excerpt":{"rendered":"<p>1984 y\u0131l\u0131 uzunca bir zamandan berisadece bir tarih de\u011fil.\u00c7ok daha \u00f6tesi.Tarihe alt\u0131n harflerle ge\u00e7en bir roman\u0131n ismi.Ve yazar\u0131, yazarlar\u0131n en b\u00fcy\u00fcklerinden George Orwell.101 Nolu Oda,bilimkurgu-\u00fctopya-distopya t\u00fcr\u00fcnden<span class=\"excerpt-hellip\"> [\u2026]<\/span><\/p>\n","protected":false},"featured_media":0,"template":"","meta":{"_monsterinsights_skip_tracking":false,"_monsterinsights_sitenote_active":false,"_monsterinsights_sitenote_note":"","_monsterinsights_sitenote_category":0},"product_brand":[],"product_cat":[12291,12711],"product_tag":[],"class_list":{"0":"post-740708","1":"product","2":"type-product","3":"status-publish","5":"product_cat-edebiyat","6":"product_cat-roman-oyku","7":"pa_cilt-ciltsiz","8":"pa_tur-kitap","9":"pa_yayinevi-sapiens-yayinlari","10":"pa_yazar-kollektif","12":"first","13":"instock","14":"sale","15":"shipping-taxable","16":"purchasable","17":"product-type-simple"},"_links":{"self":[{"href":"https:\/\/roveyayinevi.com.tr\/index.php\/wp-json\/wp\/v2\/product\/740708","targetHints":{"allow":["GET"]}}],"collection":[{"href":"https:\/\/roveyayinevi.com.tr\/index.php\/wp-json\/wp\/v2\/product"}],"about":[{"href":"https:\/\/roveyayinevi.com.tr\/index.php\/wp-json\/wp\/v2\/types\/product"}],"wp:attachment":[{"href":"https:\/\/roveyayinevi.com.tr\/index.php\/wp-json\/wp\/v2\/media?parent=740708"}],"wp:term":[{"taxonomy":"product_brand","embeddable":true,"href":"https:\/\/roveyayinevi.com.tr\/index.php\/wp-json\/wp\/v2\/product_brand?post=740708"},{"taxonomy":"product_cat","embeddable":true,"href":"https:\/\/roveyayinevi.com.tr\/index.php\/wp-json\/wp\/v2\/product_cat?post=740708"},{"taxonomy":"product_tag","embeddable":true,"href":"https:\/\/roveyayinevi.com.tr\/index.php\/wp-json\/wp\/v2\/product_tag?post=740708"}],"curies":[{"name":"wp","href":"https:\/\/api.w.org\/{rel}","templated":true}]}}