{"id":740707,"date":"2025-08-28T00:33:28","date_gmt":"2025-08-27T21:33:28","guid":{"rendered":"https:\/\/roveyayinevi.com.tr\/index.php\/urun\/le-petit-prince-2\/"},"modified":"2026-04-16T02:51:57","modified_gmt":"2026-04-15T23:51:57","slug":"le-petit-prince-2","status":"publish","type":"product","link":"https:\/\/roveyayinevi.com.tr\/index.php\/urun\/le-petit-prince-2\/","title":{"rendered":"Le Petit Prince"},"content":{"rendered":"<p>Le Petit PrinceAntoine De Saint ExuperyVoil\u00e0 un h\u00e9ros avec ses questions et r\u00e9ponses. De petite taille, mais le prince plus grand c\u00e9l\u00e8bre del\u2019univers.Tout seul sur sa plan\u00e8te.Comme nous tout.Voil\u00e0 le conte pour petits et grands de Saint-Exup\u00e9ry: Le Petit Prince.<\/p>\n","protected":false},"excerpt":{"rendered":"<p>Le Petit PrinceAntoine De Saint ExuperyVoil\u00e0 un h\u00e9ros avec ses questions et r\u00e9ponses. De petite taille, mais le prince plus grand c\u00e9l\u00e8bre del\u2019univers.Tout seul sur sa<span class=\"excerpt-hellip\"> [\u2026]<\/span><\/p>\n","protected":false},"featured_media":0,"template":"","meta":{"_monsterinsights_skip_tracking":false,"_monsterinsights_sitenote_active":false,"_monsterinsights_sitenote_note":"","_monsterinsights_sitenote_category":0},"product_brand":[],"product_cat":[12472],"product_tag":[],"class_list":{"0":"post-740707","1":"product","2":"type-product","3":"status-publish","5":"product_cat-yabanci-dilde-kitaplar","6":"pa_cilt-ciltsiz","7":"pa_tur-kitap","8":"pa_yayinevi-sapiens-yayinlari","9":"pa_yazar-antoine-de-saint-exupery","11":"first","12":"instock","13":"sale","14":"shipping-taxable","15":"purchasable","16":"product-type-simple"},"_links":{"self":[{"href":"https:\/\/roveyayinevi.com.tr\/index.php\/wp-json\/wp\/v2\/product\/740707","targetHints":{"allow":["GET"]}}],"collection":[{"href":"https:\/\/roveyayinevi.com.tr\/index.php\/wp-json\/wp\/v2\/product"}],"about":[{"href":"https:\/\/roveyayinevi.com.tr\/index.php\/wp-json\/wp\/v2\/types\/product"}],"wp:attachment":[{"href":"https:\/\/roveyayinevi.com.tr\/index.php\/wp-json\/wp\/v2\/media?parent=740707"}],"wp:term":[{"taxonomy":"product_brand","embeddable":true,"href":"https:\/\/roveyayinevi.com.tr\/index.php\/wp-json\/wp\/v2\/product_brand?post=740707"},{"taxonomy":"product_cat","embeddable":true,"href":"https:\/\/roveyayinevi.com.tr\/index.php\/wp-json\/wp\/v2\/product_cat?post=740707"},{"taxonomy":"product_tag","embeddable":true,"href":"https:\/\/roveyayinevi.com.tr\/index.php\/wp-json\/wp\/v2\/product_tag?post=740707"}],"curies":[{"name":"wp","href":"https:\/\/api.w.org\/{rel}","templated":true}]}}