{"id":740706,"date":"2025-08-28T00:33:27","date_gmt":"2025-08-27T21:33:27","guid":{"rendered":"https:\/\/roveyayinevi.com.tr\/index.php\/urun\/le-rouge-et-le-noir-livre-i\/"},"modified":"2026-04-16T02:51:56","modified_gmt":"2026-04-15T23:51:56","slug":"le-rouge-et-le-noir-livre-i","status":"publish","type":"product","link":"https:\/\/roveyayinevi.com.tr\/index.php\/urun\/le-rouge-et-le-noir-livre-i\/","title":{"rendered":"Le Rouge et le Noir (Livre I)"},"content":{"rendered":"<p>Le Rouge et le Noir (Livre I)Marie Henri Beyle Stendhal\u201cLa petite ville de Verri\u00e8res peut passer pour l\u2019une des plus jolies de la Franche-Comt\u00e9. Ses maisonsblanches avec leurs toits pointus de tuiles rouges s\u2019\u00e9tendent sur la pente d\u2019une colline, dont des touffes devigoureux ch\u00e2taigniers marquent les moindres sinuosit\u00e9s. Le Doubs coule \u00e0 quelques centaines de pieds au-dessous de ses fortifications b\u00e2ties jadis par les Espagnols, et maintenant ruin\u00e9es.\u201dL&#8217;\u0153uvre immortelle deMaire-Henri Beyle StendhalLe Rouge et le Noir dans sa langue d&#8217;origine&#8230;<\/p>\n","protected":false},"excerpt":{"rendered":"<p>Le Rouge et le Noir (Livre I)Marie Henri Beyle Stendhal\u201cLa petite ville de Verri\u00e8res peut passer pour l\u2019une des plus jolies de la Franche-Comt\u00e9. Ses maisonsblanches<span class=\"excerpt-hellip\"> [\u2026]<\/span><\/p>\n","protected":false},"featured_media":0,"template":"","meta":{"_monsterinsights_skip_tracking":false,"_monsterinsights_sitenote_active":false,"_monsterinsights_sitenote_note":"","_monsterinsights_sitenote_category":0},"product_brand":[],"product_cat":[12472],"product_tag":[],"class_list":{"0":"post-740706","1":"product","2":"type-product","3":"status-publish","5":"product_cat-yabanci-dilde-kitaplar","6":"pa_cilt-ciltsiz","7":"pa_tur-kitap","8":"pa_yayinevi-sapiens-yayinlari","9":"pa_yazar-marie-henri-beyle-stendhal","11":"first","12":"instock","13":"sale","14":"shipping-taxable","15":"purchasable","16":"product-type-simple"},"_links":{"self":[{"href":"https:\/\/roveyayinevi.com.tr\/index.php\/wp-json\/wp\/v2\/product\/740706","targetHints":{"allow":["GET"]}}],"collection":[{"href":"https:\/\/roveyayinevi.com.tr\/index.php\/wp-json\/wp\/v2\/product"}],"about":[{"href":"https:\/\/roveyayinevi.com.tr\/index.php\/wp-json\/wp\/v2\/types\/product"}],"wp:attachment":[{"href":"https:\/\/roveyayinevi.com.tr\/index.php\/wp-json\/wp\/v2\/media?parent=740706"}],"wp:term":[{"taxonomy":"product_brand","embeddable":true,"href":"https:\/\/roveyayinevi.com.tr\/index.php\/wp-json\/wp\/v2\/product_brand?post=740706"},{"taxonomy":"product_cat","embeddable":true,"href":"https:\/\/roveyayinevi.com.tr\/index.php\/wp-json\/wp\/v2\/product_cat?post=740706"},{"taxonomy":"product_tag","embeddable":true,"href":"https:\/\/roveyayinevi.com.tr\/index.php\/wp-json\/wp\/v2\/product_tag?post=740706"}],"curies":[{"name":"wp","href":"https:\/\/api.w.org\/{rel}","templated":true}]}}