{"id":740704,"date":"2025-08-28T00:33:25","date_gmt":"2025-08-27T21:33:25","guid":{"rendered":"https:\/\/roveyayinevi.com.tr\/index.php\/urun\/ezilenlerin-iletisimi\/"},"modified":"2026-04-16T02:51:56","modified_gmt":"2026-04-15T23:51:56","slug":"ezilenlerin-iletisimi","status":"publish","type":"product","link":"https:\/\/roveyayinevi.com.tr\/index.php\/urun\/ezilenlerin-iletisimi\/","title":{"rendered":"Ezilenlerin \u0130leti\u015fimi"},"content":{"rendered":"<p>Nadir g\u00f6r\u00fclen bir mavilik alt\u0131nda diziliyor sat\u0131rlar.Toplumsal s\u0131n\u0131flar, kitle ileti\u015fim ara\u00e7lar\u0131,egemen dil ve bilinci in\u015fa eden k\u00fclt\u00fcr gibi a\u011f\u0131r konulart\u00fcy gibi bir hafiflikte can buluyor.Can Bilgili, akademinin harc\u0131 olan meselelerik\u0131p\u0131r k\u0131p\u0131r ve sade bir dilles\u0131rad\u0131\u015f\u0131 bir romana d\u00f6n\u00fc\u015ft\u00fcr\u00fcyor.Ezilenlerin \u0130leti\u015fimi,d\u00fc\u015f\u00fcnmeyi bir ileti\u015fim \u00e7abas\u0131 sayan t\u00fcm insanlar\u0131 sohbetine davet ediyor.G\u00fcne\u015f de ne parl\u0131yor ama!<\/p>\n","protected":false},"excerpt":{"rendered":"<p>Nadir g\u00f6r\u00fclen bir mavilik alt\u0131nda diziliyor sat\u0131rlar.Toplumsal s\u0131n\u0131flar, kitle ileti\u015fim ara\u00e7lar\u0131,egemen dil ve bilinci in\u015fa eden k\u00fclt\u00fcr gibi a\u011f\u0131r konulart\u00fcy gibi bir hafiflikte can buluyor.Can Bilgili,<span class=\"excerpt-hellip\"> [\u2026]<\/span><\/p>\n","protected":false},"featured_media":0,"template":"","meta":{"_monsterinsights_skip_tracking":false,"_monsterinsights_sitenote_active":false,"_monsterinsights_sitenote_note":"","_monsterinsights_sitenote_category":0},"product_brand":[],"product_cat":[12291,12711],"product_tag":[],"class_list":{"0":"post-740704","1":"product","2":"type-product","3":"status-publish","5":"product_cat-edebiyat","6":"product_cat-roman-oyku","7":"pa_cilt-ciltsiz","8":"pa_tur-kitap","9":"pa_yayinevi-sapiens-yayinlari","10":"pa_yazar-can-bilgili","12":"first","13":"instock","14":"sale","15":"shipping-taxable","16":"purchasable","17":"product-type-simple"},"_links":{"self":[{"href":"https:\/\/roveyayinevi.com.tr\/index.php\/wp-json\/wp\/v2\/product\/740704","targetHints":{"allow":["GET"]}}],"collection":[{"href":"https:\/\/roveyayinevi.com.tr\/index.php\/wp-json\/wp\/v2\/product"}],"about":[{"href":"https:\/\/roveyayinevi.com.tr\/index.php\/wp-json\/wp\/v2\/types\/product"}],"wp:attachment":[{"href":"https:\/\/roveyayinevi.com.tr\/index.php\/wp-json\/wp\/v2\/media?parent=740704"}],"wp:term":[{"taxonomy":"product_brand","embeddable":true,"href":"https:\/\/roveyayinevi.com.tr\/index.php\/wp-json\/wp\/v2\/product_brand?post=740704"},{"taxonomy":"product_cat","embeddable":true,"href":"https:\/\/roveyayinevi.com.tr\/index.php\/wp-json\/wp\/v2\/product_cat?post=740704"},{"taxonomy":"product_tag","embeddable":true,"href":"https:\/\/roveyayinevi.com.tr\/index.php\/wp-json\/wp\/v2\/product_tag?post=740704"}],"curies":[{"name":"wp","href":"https:\/\/api.w.org\/{rel}","templated":true}]}}