{"id":740691,"date":"2025-08-28T00:33:08","date_gmt":"2025-08-27T21:33:08","guid":{"rendered":"https:\/\/roveyayinevi.com.tr\/index.php\/urun\/cebimdeki-cesaret\/"},"modified":"2026-04-16T02:51:56","modified_gmt":"2026-04-15T23:51:56","slug":"cebimdeki-cesaret","status":"publish","type":"product","link":"https:\/\/roveyayinevi.com.tr\/index.php\/urun\/cebimdeki-cesaret\/","title":{"rendered":"Cebimdeki Cesaret"},"content":{"rendered":"<p>Cebimdeki CesaretNaziye ZorbaHani kelimeleri birbirine ekleyerek mana i\u00e7re manalar \u00e7\u0131karan \u015fairlser vard\u0131r.G\u00fcndelik hayatta iyisine pekaz rastlad\u0131\u011f\u0131m\u0131z kelime cambazlar\u0131 yani.G\u00fcne\u015fin do\u011fdu\u011fu yerden batt\u0131\u011f\u0131 yere kadar t\u00fcm karapar\u00e7alar\u0131ndasadece kendi lisan\u0131n\u0131 bilenlere hitap edebilen,terc\u00fcme kabul etmez s\u00f6z i\u015f\u00e7ileri.Bir de onlar\u0131ntarife acziyet veren \u015fiirleri&#8230;Cebimdeki Cesaret dizelerinin yazar\u0131 olan Naz dayolunu \u015fa\u015f\u0131rm\u0131\u015f bu kadimkervan yolcular\u0131ndan biri.As\u0131rlard\u0131r silah tutmaya al\u0131\u015fm\u0131\u015f bir t\u00fcr\u00fcn parmaklar\u0131n\u0131 hesaba vurarakhece\u00f6l\u00e7\u00fcs\u00fcyle \u015fiirler yaz\u0131yor.Laf\u0131 doland\u0131rmaya gerek yok.\u015eiirle sihir aras\u0131nda mistik bir ba\u011f kuran bu kitab\u0131nsayfalar\u0131ndaas\u0131rl\u0131k kelimeler durdurulamaz bir dere misali \u00e7a\u011flyor.\u015eimdi pa\u00e7alar\u0131 s\u0131vama zaman\u0131..<\/p>\n","protected":false},"excerpt":{"rendered":"<p>Cebimdeki CesaretNaziye ZorbaHani kelimeleri birbirine ekleyerek mana i\u00e7re manalar \u00e7\u0131karan \u015fairlser vard\u0131r.G\u00fcndelik hayatta iyisine pekaz rastlad\u0131\u011f\u0131m\u0131z kelime cambazlar\u0131 yani.G\u00fcne\u015fin do\u011fdu\u011fu yerden batt\u0131\u011f\u0131 yere kadar t\u00fcm karapar\u00e7alar\u0131ndasadece<span class=\"excerpt-hellip\"> [\u2026]<\/span><\/p>\n","protected":false},"featured_media":0,"template":"","meta":{"_monsterinsights_skip_tracking":false,"_monsterinsights_sitenote_active":false,"_monsterinsights_sitenote_note":"","_monsterinsights_sitenote_category":0},"product_brand":[],"product_cat":[12291,18202],"product_tag":[],"class_list":{"0":"post-740691","1":"product","2":"type-product","3":"status-publish","5":"product_cat-edebiyat","6":"product_cat-hikaye","7":"pa_cilt-ciltsiz","8":"pa_tur-kitap","9":"pa_yayinevi-sapiens-yayinlari","10":"pa_yazar-naziye-zorba","12":"first","13":"instock","14":"sale","15":"shipping-taxable","16":"purchasable","17":"product-type-simple"},"_links":{"self":[{"href":"https:\/\/roveyayinevi.com.tr\/index.php\/wp-json\/wp\/v2\/product\/740691","targetHints":{"allow":["GET"]}}],"collection":[{"href":"https:\/\/roveyayinevi.com.tr\/index.php\/wp-json\/wp\/v2\/product"}],"about":[{"href":"https:\/\/roveyayinevi.com.tr\/index.php\/wp-json\/wp\/v2\/types\/product"}],"wp:attachment":[{"href":"https:\/\/roveyayinevi.com.tr\/index.php\/wp-json\/wp\/v2\/media?parent=740691"}],"wp:term":[{"taxonomy":"product_brand","embeddable":true,"href":"https:\/\/roveyayinevi.com.tr\/index.php\/wp-json\/wp\/v2\/product_brand?post=740691"},{"taxonomy":"product_cat","embeddable":true,"href":"https:\/\/roveyayinevi.com.tr\/index.php\/wp-json\/wp\/v2\/product_cat?post=740691"},{"taxonomy":"product_tag","embeddable":true,"href":"https:\/\/roveyayinevi.com.tr\/index.php\/wp-json\/wp\/v2\/product_tag?post=740691"}],"curies":[{"name":"wp","href":"https:\/\/api.w.org\/{rel}","templated":true}]}}