{"id":740684,"date":"2025-08-28T00:32:59","date_gmt":"2025-08-27T21:32:59","guid":{"rendered":"https:\/\/roveyayinevi.com.tr\/index.php\/urun\/vol-de-nuit\/"},"modified":"2026-04-16T02:51:55","modified_gmt":"2026-04-15T23:51:55","slug":"vol-de-nuit","status":"publish","type":"product","link":"https:\/\/roveyayinevi.com.tr\/index.php\/urun\/vol-de-nuit\/","title":{"rendered":"Vol de Nuit"},"content":{"rendered":"<p>Vol de NuitAntoine De Saint ExuperyLes avions glissent dans le ciel.La s\u00e9r\u00e9nit\u00e9 imagin\u00e9e se trouve des milliers de m\u00e8tres plus bas.Mais vu d\u2019en bas, la situation est bien diff\u00e9rente.La justice \u00e9clipse la compassion.Les valeurs humaines se trouvent au plus profond de nous.Vol de Nuit est un roman habilement trac\u00e9 par Saint-Exup\u00e9ry. C&#8217;est le point culminant de l&#8217;art et de sesexp\u00e9riences de vie.\u00cates-vous pr\u00eat \u00e0 voler dans un ciel bleu \u00e9clatant \u00e0 minuit ?<\/p>\n","protected":false},"excerpt":{"rendered":"<p>Vol de NuitAntoine De Saint ExuperyLes avions glissent dans le ciel.La s\u00e9r\u00e9nit\u00e9 imagin\u00e9e se trouve des milliers de m\u00e8tres plus bas.Mais vu d\u2019en bas, la situation<span class=\"excerpt-hellip\"> [\u2026]<\/span><\/p>\n","protected":false},"featured_media":0,"template":"","meta":{"_monsterinsights_skip_tracking":false,"_monsterinsights_sitenote_active":false,"_monsterinsights_sitenote_note":"","_monsterinsights_sitenote_category":0},"product_brand":[],"product_cat":[12472],"product_tag":[],"class_list":{"0":"post-740684","1":"product","2":"type-product","3":"status-publish","5":"product_cat-yabanci-dilde-kitaplar","6":"pa_cilt-ciltsiz","7":"pa_tur-kitap","8":"pa_yayinevi-sapiens-yayinlari","9":"pa_yazar-antoine-de-saint-exupery","11":"first","12":"instock","13":"sale","14":"shipping-taxable","15":"purchasable","16":"product-type-simple"},"_links":{"self":[{"href":"https:\/\/roveyayinevi.com.tr\/index.php\/wp-json\/wp\/v2\/product\/740684","targetHints":{"allow":["GET"]}}],"collection":[{"href":"https:\/\/roveyayinevi.com.tr\/index.php\/wp-json\/wp\/v2\/product"}],"about":[{"href":"https:\/\/roveyayinevi.com.tr\/index.php\/wp-json\/wp\/v2\/types\/product"}],"wp:attachment":[{"href":"https:\/\/roveyayinevi.com.tr\/index.php\/wp-json\/wp\/v2\/media?parent=740684"}],"wp:term":[{"taxonomy":"product_brand","embeddable":true,"href":"https:\/\/roveyayinevi.com.tr\/index.php\/wp-json\/wp\/v2\/product_brand?post=740684"},{"taxonomy":"product_cat","embeddable":true,"href":"https:\/\/roveyayinevi.com.tr\/index.php\/wp-json\/wp\/v2\/product_cat?post=740684"},{"taxonomy":"product_tag","embeddable":true,"href":"https:\/\/roveyayinevi.com.tr\/index.php\/wp-json\/wp\/v2\/product_tag?post=740684"}],"curies":[{"name":"wp","href":"https:\/\/api.w.org\/{rel}","templated":true}]}}